{"id":9875,"date":"2023-01-27T19:03:28","date_gmt":"2023-01-27T19:03:28","guid":{"rendered":"https:\/\/www.stildepo.com\/lt\/?post_type=product&#038;p=9875"},"modified":"2023-02-14T16:13:46","modified_gmt":"2023-02-14T16:13:46","slug":"doreanse-vyriskos-apatines-kelnaites-thong-string-tipo-ruko-rastas-pilkos-spalvos","status":"publish","type":"product","link":"https:\/\/www.stildepo.com\/lt\/doreanse-vyriskos-apatines-kelnaites-thong-string-tipo-ruko-rastas-pilkos-spalvos\/","title":{"rendered":"Doreanse vyri\u0161kos apatin\u0117s kelnait\u0117s Thong String tipo, r\u016bko ra\u0161tas, pilkos spalvos"},"content":{"rendered":"<p><strong>Doreanse vyri\u0161kos apatin\u0117s kelnait\u0117s thong string tipo, r\u016bko ra\u0161tas, pilkos spalvos.\u00a0<\/strong><\/p>\n<p>I\u0161bandykite Doreanse vyri\u0161kus apatinius stringus jau \u0161iandien. Kart\u0105 patyr\u0119 \u0161i\u0173 kelnai\u010di\u0173 tobul\u0105 patogum\u0105, J\u016bs niekada nebenor\u0117site d\u0117v\u0117ti nieko kito!<\/p>\n<p>Maloniai priglunda prie J\u016bs\u0173 k\u016bno, leid\u017eia dr\u0117gmei greitai i\u0161garuoti, palieka malon\u0173 sausumo poj\u016bt\u012f.<br \/>\nIdealus pasirinkimas esant kar\u0161t\u0105jam sezonui.<br \/>\nTamprus juosmuo patogiai apgaubia juosmen\u012f ir suteikia papildomo \u017eavesio.<\/p>\n<p>Visa tai, ko galima tik\u0117tis i\u0161 apatini\u0173.<br \/>\nLaikykit\u0117s skalbimo nurodym\u0173 etiket\u0117je, tam kad gal\u0117tum\u0117te drabu\u017eiu d\u017eiaugtis ilg\u0105 laik\u0105.<br \/>\nM\u0117gaukit\u0117s stiliumi ir patogumu, kuris suteikia papildom\u0105 malonum\u0105.<\/p>\n<p>Maksimali skalbimo temperat\u016bra 30\u00b0C.<br \/>\nNenaudokite baliklio.<br \/>\nNed\u017eiovinti automatin\u0117je d\u017eiovykl\u0117je.<br \/>\nGalima lyginti lygintuvu.<\/p>\n<p>Siuntimas gali u\u017etrukti 5-8 dienas.<br \/>\nPagaminta Turkijoje.<\/p>\n","protected":false},"excerpt":{"rendered":"<p>90% Poliesteris 10% Elastanas.<\/p>\n<p>Doreanse G-string tipo apatin\u0117s kelnait\u0117s sukuria seksual\u0173 \u012fvaizd\u012f ir suteikia \u017eavingumo. Maloniai priglunda. Patogios, suteikia komforto jausm\u0105. D\u0117vint vir\u0161utinius drabu\u017eius, tokius kaip d\u017einsus ar kelnes, \u0161ios kelnait\u0117s lieka nematomos, nes nelieka joki\u0173 kra\u0161teli\u0173, si\u016bl\u0173, kaip kad d\u0117vint \u012fprastinius apatinius.<\/p>\n<p>Modelis nuotraukoje d\u0117vi M dyd\u012f.<\/p>\n<p><img loading=\"lazy\" decoding=\"async\" class=\"alignnone size-full wp-image-3619\" src=\"https:\/\/www.stildepo.com\/en\/wp-content\/uploads\/2022\/08\/doreanse_ic_giyim_yikama_talimati.jpg\" alt=\"doreanse_ic_giyim_yikama_talimati\" width=\"120\" height=\"22\" \/><\/p>\n","protected":false},"featured_media":9894,"comment_status":"closed","ping_status":"closed","template":"","meta":[],"pwb-brand":[16],"product_brand":[],"product_cat":[264],"product_tag":[],"class_list":{"0":"post-9875","1":"product","2":"type-product","3":"status-publish","4":"has-post-thumbnail","6":"pwb-brand-doreanse","7":"product_cat-vyriski-stringai","9":"first","10":"instock","11":"shipping-taxable","12":"purchasable","13":"product-type-variable"},"aioseo_notices":[],"brands":[{"id":16,"name":"Doreanse","slug":"doreanse"}],"_links":{"self":[{"href":"https:\/\/www.stildepo.com\/lt\/wp-json\/wp\/v2\/product\/9875","targetHints":{"allow":["GET"]}}],"collection":[{"href":"https:\/\/www.stildepo.com\/lt\/wp-json\/wp\/v2\/product"}],"about":[{"href":"https:\/\/www.stildepo.com\/lt\/wp-json\/wp\/v2\/types\/product"}],"replies":[{"embeddable":true,"href":"https:\/\/www.stildepo.com\/lt\/wp-json\/wp\/v2\/comments?post=9875"}],"wp:featuredmedia":[{"embeddable":true,"href":"https:\/\/www.stildepo.com\/lt\/wp-json\/wp\/v2\/media\/9894"}],"wp:attachment":[{"href":"https:\/\/www.stildepo.com\/lt\/wp-json\/wp\/v2\/media?parent=9875"}],"wp:term":[{"taxonomy":"pwb-brand","embeddable":true,"href":"https:\/\/www.stildepo.com\/lt\/wp-json\/wp\/v2\/pwb-brand?post=9875"},{"taxonomy":"product_brand","embeddable":true,"href":"https:\/\/www.stildepo.com\/lt\/wp-json\/wp\/v2\/product_brand?post=9875"},{"taxonomy":"product_cat","embeddable":true,"href":"https:\/\/www.stildepo.com\/lt\/wp-json\/wp\/v2\/product_cat?post=9875"},{"taxonomy":"product_tag","embeddable":true,"href":"https:\/\/www.stildepo.com\/lt\/wp-json\/wp\/v2\/product_tag?post=9875"}],"curies":[{"name":"wp","href":"https:\/\/api.w.org\/{rel}","templated":true}]}}