{"id":9869,"date":"2023-01-27T19:03:22","date_gmt":"2023-01-27T19:03:22","guid":{"rendered":"https:\/\/www.stildepo.com\/lt\/?post_type=product&#038;p=9869"},"modified":"2023-02-14T16:14:05","modified_gmt":"2023-02-14T16:14:05","slug":"doreanse-imantrios-vyriskos-thong-string-tipo-apatines-kelnaites-sodrios-melynos-spalvos","status":"publish","type":"product","link":"https:\/\/www.stildepo.com\/lt\/doreanse-imantrios-vyriskos-thong-string-tipo-apatines-kelnaites-sodrios-melynos-spalvos\/","title":{"rendered":"Doreanse \u012fmantrios vyri\u0161kos Thong String tipo apatin\u0117s kelnait\u0117s sodrios m\u0117lynos spalvos"},"content":{"rendered":"<p><strong>Doreanse \u012fmantrios vyri\u0161kos String tipo apatin\u0117s kelnait\u0117s, sodrios m\u0117lynos spalvos.<\/strong><\/p>\n<p>Doreanse \u012fmantrios vyri\u0161kos string kelnait\u0117s lengvai prisitaiko prie k\u016bno ir yra itin patogios. Pagamintos i\u0161 mink\u0161tos med\u017eiagos kelnait\u0117s suteikia maksimal\u0173 komfort\u0105.<\/p>\n<ul>\n<li>Ypa\u010d maloni lietimui med\u017eiaga, maloniai priglunda prie J\u016bs\u0173 k\u016bno odos, gerai praleid\u017eia dr\u0117gm\u0119, tod\u0117l nesukelia diskomforto, i\u0161laiko sausumo poj\u016bt\u012f.<\/li>\n<li>Apatiniai idealiai tinkami d\u0117v\u0117ti kar\u0161tuoju sezonu.<\/li>\n<li>Patogi juosmens guma suteikia komforto jausm\u0105 ir seksual\u0173 \u012fvaizd\u012f.<\/li>\n<li>Nepalieka \u017eymi\u0173 po J\u016bs\u0173 d\u0117vimais \u012fprastiniais drabu\u017eiais.<\/li>\n<\/ul>\n<p>Turime didel\u012f pasirinkim\u0105 spalv\u0173, ra\u0161t\u0173 ir dizain\u0173, kurie atitiks kiekvieno savit\u0105 stili\u0173.<\/p>\n<p>Puikiai priglundanti tampri juosmens juosta apsaugo nuo bereikalingo kelnai\u010di\u0173 jud\u0117jimo.<br \/>\nDoreanse reprezentuoja pasaul\u012f, kuriame telpa \u012fvairiausi\u0173 asmenybi\u0173 poreikiai.<\/p>\n<p>Visa tai, ko galima tik\u0117tis i\u0161 apatini\u0173.<br \/>\nLaikykit\u0117s skalbimo nurodym\u0173 etiket\u0117je, tam kad gal\u0117tum\u0117te drabu\u017eiu d\u017eiaugtis ilg\u0105 laik\u0105.<br \/>\nM\u0117gaukit\u0117s stiliumi ir patogumu, kuris suteikia papildom\u0105 malonum\u0105.<\/p>\n<p>Maksimali skalbimo temperat\u016bra 30\u00b0C.<br \/>\nNenaudokite baliklio.<br \/>\nNed\u017eiovinti automatin\u0117je d\u017eiovykl\u0117je.<br \/>\nGalima lyginti lygintuvu.<\/p>\n<p>Siuntimas gali u\u017etrukti 5-8 dienas.<br \/>\nPagaminta Turkijoje.<\/p>\n","protected":false},"excerpt":{"rendered":"<p>83% Poliamidas, 17% Elastanas.<\/p>\n<p>Doreanse G-string tipo apatin\u0117s kelnait\u0117s sukuria seksual\u0173 \u012fvaizd\u012f ir suteikia \u017eavingumo. Maloniai priglunda. Patogios, suteikia komforto jausm\u0105. D\u0117vint vir\u0161utinius drabu\u017eius, tokius kaip d\u017einsus ar kelnes, \u0161ios kelnait\u0117s lieka nematomos, nes nelieka joki\u0173 kra\u0161teli\u0173, si\u016bl\u0173, kaip kad d\u0117vint \u012fprastinius apatinius.<\/p>\n<p>Modelis nuotraukoje d\u0117vi M dyd\u012f.<\/p>\n<p><img loading=\"lazy\" decoding=\"async\" class=\"alignnone size-full wp-image-3619\" src=\"https:\/\/www.stildepo.com\/en\/wp-content\/uploads\/2022\/08\/doreanse_ic_giyim_yikama_talimati.jpg\" alt=\"doreanse_ic_giyim_yikama_talimati\" width=\"120\" height=\"22\" \/><\/p>\n","protected":false},"featured_media":9892,"comment_status":"closed","ping_status":"closed","template":"","meta":[],"pwb-brand":[],"product_brand":[],"product_cat":[264],"product_tag":[],"class_list":{"0":"post-9869","1":"product","2":"type-product","3":"status-publish","4":"has-post-thumbnail","6":"product_cat-vyriski-stringai","8":"first","9":"instock","10":"shipping-taxable","11":"purchasable","12":"product-type-variable"},"aioseo_notices":[],"brands":[],"_links":{"self":[{"href":"https:\/\/www.stildepo.com\/lt\/wp-json\/wp\/v2\/product\/9869","targetHints":{"allow":["GET"]}}],"collection":[{"href":"https:\/\/www.stildepo.com\/lt\/wp-json\/wp\/v2\/product"}],"about":[{"href":"https:\/\/www.stildepo.com\/lt\/wp-json\/wp\/v2\/types\/product"}],"replies":[{"embeddable":true,"href":"https:\/\/www.stildepo.com\/lt\/wp-json\/wp\/v2\/comments?post=9869"}],"wp:featuredmedia":[{"embeddable":true,"href":"https:\/\/www.stildepo.com\/lt\/wp-json\/wp\/v2\/media\/9892"}],"wp:attachment":[{"href":"https:\/\/www.stildepo.com\/lt\/wp-json\/wp\/v2\/media?parent=9869"}],"wp:term":[{"taxonomy":"pwb-brand","embeddable":true,"href":"https:\/\/www.stildepo.com\/lt\/wp-json\/wp\/v2\/pwb-brand?post=9869"},{"taxonomy":"product_brand","embeddable":true,"href":"https:\/\/www.stildepo.com\/lt\/wp-json\/wp\/v2\/product_brand?post=9869"},{"taxonomy":"product_cat","embeddable":true,"href":"https:\/\/www.stildepo.com\/lt\/wp-json\/wp\/v2\/product_cat?post=9869"},{"taxonomy":"product_tag","embeddable":true,"href":"https:\/\/www.stildepo.com\/lt\/wp-json\/wp\/v2\/product_tag?post=9869"}],"curies":[{"name":"wp","href":"https:\/\/api.w.org\/{rel}","templated":true}]}}