{"id":9257,"date":"2023-01-27T18:48:39","date_gmt":"2023-01-27T18:48:39","guid":{"rendered":"https:\/\/www.stildepo.com\/lt\/?post_type=product&#038;p=9257"},"modified":"2023-03-07T09:06:15","modified_gmt":"2023-03-07T09:06:15","slug":"doreanse-vyriski-100-naturalus-medvilniniai-brief-slip-tipo-apatiniai-balti","status":"publish","type":"product","link":"https:\/\/www.stildepo.com\/lt\/doreanse-vyriski-100-naturalus-medvilniniai-brief-slip-tipo-apatiniai-balti\/","title":{"rendered":"Doreanse vyri\u0161ki 100% nat\u016bral\u016bs medvilniniai Brief Slip tipo apatiniai, balti"},"content":{"rendered":"<p><strong>Doreanse vyri\u0161ki 100% nat\u016bral\u016bs medvilniniai Brief \/ Slip tipo apatiniai, balti.\u00a0<\/strong><\/p>\n<p>\u0160ie vyri\u0161ki apatiniai yra pagaminti i\u0161 \u0161velnaus medvilninio audinio. Si\u016bl\u0117s apdirbtos pagal speciali\u0105 technologij\u0105 &#8211; yra patogios, nesukelia trinties, nedirgina odos, atrodo beveik nematomos. Neleid\u017eia susidaryti prakaitui, nes yra pralaid\u016bs orui, dr\u0117gmei, leid\u017eia greitai i\u0161d\u017ei\u016bti. Maloniai priglunda prie k\u016bno. Itin patog\u016bs.<\/p>\n<p>Klasikinio stiliaus, tampri elastin\u0117 juosmens guma, atrodo sporti\u0161kai, stilingai ir niekada nei\u0161eina i\u0161 mados.<\/p>\n<p>Doreanse vyi\u0161ki apatiniai yra patvar\u016bs, ilgaam\u017ei\u0161ki, visi\u0161kai nat9ral\u016bs. Neleid\u017eia ak\u016bnui perkaisti, tinkami d\u0117v\u0117ti net ir kar\u0161\u010diausiu sezonu. Lengvai prisitaiko prie k\u016bno Jums judant, nevar\u017eo judesi\u0173. Funkcionalus dizainas apsaugo drabu\u017e\u012f nuo blogo kvapo.<\/p>\n<p>Doreanse &#8211; visa tai, ko galima tik\u0117tis i\u0161 apatini\u0173.<br \/>\nLaikykit\u0117s skalbimo nurodym\u0173 etiket\u0117je, tam kad gal\u0117tum\u0117te drabu\u017eiu d\u017eiaugtis ilg\u0105 laik\u0105.<br \/>\nM\u0117gaukit\u0117s stiliumi ir patogumu, kuris suteikia papildom\u0105 malonum\u0105.<\/p>\n<p>Maksimali skalbimo temperat\u016bra 30\u00b0C.<br \/>\nNenaudokite baliklio.<br \/>\nNed\u017eiovinti automatin\u0117je d\u017eiovykl\u0117je.<br \/>\nGalima lyginti lygintuvu.<\/p>\n<p>Siuntimas gali u\u017etrukti 5-8 dienas.<br \/>\nPagaminta Turkijoje.<\/p>\n","protected":false},"excerpt":{"rendered":"<p>100% Medviln\u0117.<\/p>\n<p>Doreanse brief tipo apatin\u0117s kelnait\u0117s yra itin patogios. Maloniai priglunda, nevar\u017eo judesi\u0173 laisv\u0117s. Tamprios, suteikia komforto jausm\u0105. Klasikinis dizainas leid\u017eia visada atrodyti stilingai.<\/p>\n<p>Modelis nuotraukoje d\u0117vi M dyd\u012f.<\/p>\n<p><img loading=\"lazy\" decoding=\"async\" class=\"alignnone size-full wp-image-3619\" src=\"https:\/\/www.stildepo.com\/en\/wp-content\/uploads\/2022\/08\/doreanse_ic_giyim_yikama_talimati.jpg\" alt=\"doreanse_ic_giyim_yikama_talimati\" width=\"120\" height=\"22\" \/><\/p>\n","protected":false},"featured_media":9278,"comment_status":"closed","ping_status":"closed","template":"","meta":[],"pwb-brand":[16],"product_brand":[],"product_cat":[82],"product_tag":[],"class_list":{"0":"post-9257","1":"product","2":"type-product","3":"status-publish","4":"has-post-thumbnail","6":"pwb-brand-doreanse","7":"product_cat-vyriskos-kelnaites","9":"first","10":"instock","11":"shipping-taxable","12":"purchasable","13":"product-type-variable"},"aioseo_notices":[],"brands":[{"id":16,"name":"Doreanse","slug":"doreanse"}],"_links":{"self":[{"href":"https:\/\/www.stildepo.com\/lt\/wp-json\/wp\/v2\/product\/9257","targetHints":{"allow":["GET"]}}],"collection":[{"href":"https:\/\/www.stildepo.com\/lt\/wp-json\/wp\/v2\/product"}],"about":[{"href":"https:\/\/www.stildepo.com\/lt\/wp-json\/wp\/v2\/types\/product"}],"replies":[{"embeddable":true,"href":"https:\/\/www.stildepo.com\/lt\/wp-json\/wp\/v2\/comments?post=9257"}],"wp:featuredmedia":[{"embeddable":true,"href":"https:\/\/www.stildepo.com\/lt\/wp-json\/wp\/v2\/media\/9278"}],"wp:attachment":[{"href":"https:\/\/www.stildepo.com\/lt\/wp-json\/wp\/v2\/media?parent=9257"}],"wp:term":[{"taxonomy":"pwb-brand","embeddable":true,"href":"https:\/\/www.stildepo.com\/lt\/wp-json\/wp\/v2\/pwb-brand?post=9257"},{"taxonomy":"product_brand","embeddable":true,"href":"https:\/\/www.stildepo.com\/lt\/wp-json\/wp\/v2\/product_brand?post=9257"},{"taxonomy":"product_cat","embeddable":true,"href":"https:\/\/www.stildepo.com\/lt\/wp-json\/wp\/v2\/product_cat?post=9257"},{"taxonomy":"product_tag","embeddable":true,"href":"https:\/\/www.stildepo.com\/lt\/wp-json\/wp\/v2\/product_tag?post=9257"}],"curies":[{"name":"wp","href":"https:\/\/api.w.org\/{rel}","templated":true}]}}