{"id":9217,"date":"2023-01-27T18:47:28","date_gmt":"2023-01-27T18:47:28","guid":{"rendered":"https:\/\/www.stildepo.com\/lt\/?post_type=product&#038;p=9217"},"modified":"2023-03-07T09:13:37","modified_gmt":"2023-03-07T09:13:37","slug":"doreanse-vyriski-modalo-audinio-slip-brief-tipo-apatiniai-juodi","status":"publish","type":"product","link":"https:\/\/www.stildepo.com\/lt\/doreanse-vyriski-modalo-audinio-slip-brief-tipo-apatiniai-juodi\/","title":{"rendered":"Doreanse vyri\u0161ki modalo audinio Slip Brief tipo apatiniai, juodi"},"content":{"rendered":"<p><strong>Doreanse vyri\u0161ki modalo audinio Slip \/ Brief tipo apatiniai, juodi.<\/strong><\/p>\n<p>Vyri\u0161ki Slip \/ Brief apatiniai, tampr\u016bs, lengvai prisitaiko prie k\u016bno form\u0173, stilingi, leid\u017eia jaustis patogiai vis\u0105 dien\u0105.<\/p>\n<ul>\n<li>Klasikinio dizaino apatiniai.<\/li>\n<li>Tamprus juosmuo.<\/li>\n<li>Neu\u017elaiko prakaito, leid\u017eia dr\u0117gmei greitai i\u0161garuoti.<\/li>\n<li>Pralaid\u016bs orui, leid\u017eia odai kv\u0117puoti.<\/li>\n<\/ul>\n<p>Su Doreanse apatiniais &#8211; visada tik geriausia patirtis! Patogumas, funkcionalumas ir geras stilius &#8211; svarbiausi aspektai d\u0117l kuri\u0173 Doreanse apatiniai yra u\u017esitarnav\u0119 ypa\u010d ger\u0105 vard\u0105. M\u016bs\u0173 apatiniai visada i\u0161pildys J\u016bs\u0173 b\u016btiniausius kasdienius poreikius apatiniam trikota\u017eui ir dar daugiau!<\/p>\n<p>Doreanse &#8211; visa tai, ko galima tik\u0117tis i\u0161 apatini\u0173.<br \/>\nLaikykit\u0117s skalbimo nurodym\u0173 etiket\u0117je, tam kad gal\u0117tum\u0117te drabu\u017eiu d\u017eiaugtis ilg\u0105 laik\u0105.<br \/>\nM\u0117gaukit\u0117s stiliumi ir patogumu, kuris suteikia papildom\u0105 malonum\u0105.<\/p>\n<p>Maksimali skalbimo temperat\u016bra 30\u00b0C.<br \/>\nNenaudokite baliklio.<br \/>\nNed\u017eiovinti automatin\u0117je d\u017eiovykl\u0117je.<br \/>\nGalima lyginti lygintuvu.<\/p>\n<p>Siuntimas gali u\u017etrukti 5-8 dienas.<br \/>\nPagaminta Turkijoje.<\/p>\n","protected":false},"excerpt":{"rendered":"<p>45% Modalas, 45% Medviln\u0117, 10% Elastanas.<\/p>\n<p>Doreanse brief tipo apatin\u0117s kelnait\u0117s yra itin patogios. Maloniai priglunda, nevar\u017eo judesi\u0173 laisv\u0117s. Tamprios, suteikia komforto jausm\u0105. Klasikinis dizainas leid\u017eia visada atrodyti stilingai.<\/p>\n<p>Modelis nuotraukoje d\u0117vi M dyd\u012f.<\/p>\n<p><img loading=\"lazy\" decoding=\"async\" class=\"alignnone size-full wp-image-3619\" src=\"https:\/\/www.stildepo.com\/en\/wp-content\/uploads\/2022\/08\/doreanse_ic_giyim_yikama_talimati.jpg\" alt=\"doreanse_ic_giyim_yikama_talimati\" width=\"120\" height=\"22\" \/><\/p>\n","protected":false},"featured_media":9250,"comment_status":"closed","ping_status":"closed","template":"","meta":[],"pwb-brand":[16],"product_brand":[],"product_cat":[82],"product_tag":[],"class_list":{"0":"post-9217","1":"product","2":"type-product","3":"status-publish","4":"has-post-thumbnail","6":"pwb-brand-doreanse","7":"product_cat-vyriskos-kelnaites","9":"first","10":"instock","11":"shipping-taxable","12":"purchasable","13":"product-type-variable"},"aioseo_notices":[],"brands":[{"id":16,"name":"Doreanse","slug":"doreanse"}],"_links":{"self":[{"href":"https:\/\/www.stildepo.com\/lt\/wp-json\/wp\/v2\/product\/9217","targetHints":{"allow":["GET"]}}],"collection":[{"href":"https:\/\/www.stildepo.com\/lt\/wp-json\/wp\/v2\/product"}],"about":[{"href":"https:\/\/www.stildepo.com\/lt\/wp-json\/wp\/v2\/types\/product"}],"replies":[{"embeddable":true,"href":"https:\/\/www.stildepo.com\/lt\/wp-json\/wp\/v2\/comments?post=9217"}],"wp:featuredmedia":[{"embeddable":true,"href":"https:\/\/www.stildepo.com\/lt\/wp-json\/wp\/v2\/media\/9250"}],"wp:attachment":[{"href":"https:\/\/www.stildepo.com\/lt\/wp-json\/wp\/v2\/media?parent=9217"}],"wp:term":[{"taxonomy":"pwb-brand","embeddable":true,"href":"https:\/\/www.stildepo.com\/lt\/wp-json\/wp\/v2\/pwb-brand?post=9217"},{"taxonomy":"product_brand","embeddable":true,"href":"https:\/\/www.stildepo.com\/lt\/wp-json\/wp\/v2\/product_brand?post=9217"},{"taxonomy":"product_cat","embeddable":true,"href":"https:\/\/www.stildepo.com\/lt\/wp-json\/wp\/v2\/product_cat?post=9217"},{"taxonomy":"product_tag","embeddable":true,"href":"https:\/\/www.stildepo.com\/lt\/wp-json\/wp\/v2\/product_tag?post=9217"}],"curies":[{"name":"wp","href":"https:\/\/api.w.org\/{rel}","templated":true}]}}