{"id":9209,"date":"2023-01-27T18:47:21","date_gmt":"2023-01-27T18:47:21","guid":{"rendered":"https:\/\/www.stildepo.com\/lt\/?post_type=product&#038;p=9209"},"modified":"2023-03-09T08:35:57","modified_gmt":"2023-03-09T08:35:57","slug":"doreanse-vyriski-apatiniai-berankoviai-marskineliai-medvilniniai-itin-ploni-klasikinio-modelio-dideli-dydziai-juodi","status":"publish","type":"product","link":"https:\/\/www.stildepo.com\/lt\/doreanse-vyriski-apatiniai-berankoviai-marskineliai-medvilniniai-itin-ploni-klasikinio-modelio-dideli-dydziai-juodi\/","title":{"rendered":"Doreanse vyri\u0161ki apatiniai berankoviai mar\u0161kin\u0117liai, medvilniniai, itin ploni, klasikinio modelio, dideli dyd\u017eiai, juodi"},"content":{"rendered":"<p><strong>Doreanse vyri\u0161ki apatiniai berankoviai mar\u0161kin\u0117liai, medvilniniai, itin ploni, klasikinio modelio, dideli dyd\u017eiai, juodi.\u00a0<\/strong><\/p>\n<p>Itin plonos med\u017eiagos apatiniai mar\u0161kin\u0117liai pagaminti pagal pa\u017eangi\u0105 Zephyr technologij\u0105, kuri paver\u010dia med\u017eiag\u0105 ypatingai plona ir malonia lietimui. Zephyr technologijos d\u0117ka, d\u0117vimi drabu\u017eiai suteiks Jums pa\u010di\u0105 maloniausi\u0105 patirt\u012f. D\u0117vint juos J\u016bs i\u0161 ties\u0173 jausite i\u0161skirtinai ypating\u0105 lengvumo poj\u016bt\u012f.<\/p>\n<ul>\n<li>Doreanse Premium medviln\u0117s kolekcija.<\/li>\n<li>Pagaminti i\u0161 mink\u0161to, nat\u016bralaus (medviln\u0117s) audinio.<\/li>\n<li>Malon\u016bs lietimui.<\/li>\n<li>Pralaid\u016bs orui.<\/li>\n<li>Patvar\u016bs, nesusid\u0117vi net ir da\u017enai skalbiant.<\/li>\n<li>Apsaugo nuo prakaitavimo.<\/li>\n<li>U\u017etikrina sausumo ir komforto jausm\u0105 net ir d\u0117vint vis\u0105 dien\u0105.<\/li>\n<\/ul>\n<p>Doreanse &#8211; geriausia, ko galite tik\u0117tis i\u0161 apatini\u0173 drabu\u017ei\u0173.<\/p>\n<p>Laikykit\u0117s skalbimo nurodym\u0173 etiket\u0117je, tam kad gal\u0117tum\u0117te drabu\u017eiu d\u017eiaugtis ilg\u0105 laik\u0105.<br \/>\nM\u0117gaukit\u0117s stiliumi ir patogumu, kuris suteikia papildom\u0105 malonum\u0105.<\/p>\n<p>Maksimali skalbimo temperat\u016bra 30\u00b0C.<br \/>\nNenaudokite baliklio.<br \/>\nNed\u017eiovinti automatin\u0117je d\u017eiovykl\u0117je.<br \/>\nGalima lyginti lygintuvu.<\/p>\n<p>Siuntimas gali u\u017etrukti 5-8 dienas.<br \/>\nPagaminta Turkijoje.<\/p>\n","protected":false},"excerpt":{"rendered":"<p>100% Medviln\u0117.<\/p>\n<p>Modelis nuotraukoje d\u0117vi dyd\u012f M.<\/p>\n<p>Doreanse apatiniai berankoviai mar\u0161kin\u0117liai &#8211; puikus pasirinkimas kasdieniam d\u0117v\u0117jimui. Mar\u0161kin\u0117liai yra itin ploni, malon\u016bs lietimui, tinkamai priglunda prie k\u016bno. Yra kit\u0173 spalv\u0173 pasirinkimas.<\/p>\n<p><img loading=\"lazy\" decoding=\"async\" class=\"alignnone size-full wp-image-3619\" src=\"https:\/\/www.stildepo.com\/en\/wp-content\/uploads\/2022\/08\/doreanse_ic_giyim_yikama_talimati.jpg\" alt=\"doreanse_ic_giyim_yikama_talimati\" width=\"120\" height=\"22\" \/><\/p>\n","protected":false},"featured_media":9233,"comment_status":"closed","ping_status":"closed","template":"","meta":[],"pwb-brand":[16],"product_brand":[],"product_cat":[79],"product_tag":[],"class_list":{"0":"post-9209","1":"product","2":"type-product","3":"status-publish","4":"has-post-thumbnail","6":"pwb-brand-doreanse","7":"product_cat-vyriskos-maikutes","9":"first","10":"instock","11":"shipping-taxable","12":"purchasable","13":"product-type-variable"},"aioseo_notices":[],"brands":[{"id":16,"name":"Doreanse","slug":"doreanse"}],"_links":{"self":[{"href":"https:\/\/www.stildepo.com\/lt\/wp-json\/wp\/v2\/product\/9209","targetHints":{"allow":["GET"]}}],"collection":[{"href":"https:\/\/www.stildepo.com\/lt\/wp-json\/wp\/v2\/product"}],"about":[{"href":"https:\/\/www.stildepo.com\/lt\/wp-json\/wp\/v2\/types\/product"}],"replies":[{"embeddable":true,"href":"https:\/\/www.stildepo.com\/lt\/wp-json\/wp\/v2\/comments?post=9209"}],"wp:featuredmedia":[{"embeddable":true,"href":"https:\/\/www.stildepo.com\/lt\/wp-json\/wp\/v2\/media\/9233"}],"wp:attachment":[{"href":"https:\/\/www.stildepo.com\/lt\/wp-json\/wp\/v2\/media?parent=9209"}],"wp:term":[{"taxonomy":"pwb-brand","embeddable":true,"href":"https:\/\/www.stildepo.com\/lt\/wp-json\/wp\/v2\/pwb-brand?post=9209"},{"taxonomy":"product_brand","embeddable":true,"href":"https:\/\/www.stildepo.com\/lt\/wp-json\/wp\/v2\/product_brand?post=9209"},{"taxonomy":"product_cat","embeddable":true,"href":"https:\/\/www.stildepo.com\/lt\/wp-json\/wp\/v2\/product_cat?post=9209"},{"taxonomy":"product_tag","embeddable":true,"href":"https:\/\/www.stildepo.com\/lt\/wp-json\/wp\/v2\/product_tag?post=9209"}],"curies":[{"name":"wp","href":"https:\/\/api.w.org\/{rel}","templated":true}]}}