{"id":9186,"date":"2023-01-27T18:46:45","date_gmt":"2023-01-27T18:46:45","guid":{"rendered":"https:\/\/www.stildepo.com\/lt\/?post_type=product&#038;p=9186"},"modified":"2023-03-22T07:24:45","modified_gmt":"2023-03-22T07:24:45","slug":"oreanse-vyriski-viloft-audinio-termo-berankoviai-apatiniai-marskineliai-balti","status":"publish","type":"product","link":"https:\/\/www.stildepo.com\/lt\/oreanse-vyriski-viloft-audinio-termo-berankoviai-apatiniai-marskineliai-balti\/","title":{"rendered":"oreanse vyri\u0161ki Viloft audinio termo berankoviai apatiniai mar\u0161kin\u0117liai, balti"},"content":{"rendered":"<p><strong>Doreanse vyri\u0161ki Viloft audinio termo apatiniai berankoviai mar\u0161kin\u0117liai kvadrato formos i\u0161kirpt\u0117, baltos spalvos.\u00a0<\/strong><\/p>\n<p>Doreanse termo mar\u0161kin\u0117liai pagaminti i\u0161 specialios viloft med\u017eiagos. Mar\u0161kin\u0117li\u0173 audinys i\u0161 vidin\u0117s pus\u0117s primena rank\u0161luos\u010dio audim\u0105. Yra pralaid\u016bs orui, tinkamai subalansuoja k\u016bno temperat\u016br\u0105 nesulaikant prakaito viduje, net ir esant \u0161altam aplinkos orui. Patog\u016bs, malon\u016bs lietimui.<\/p>\n<ul>\n<li>Keturkampio formos i\u0161kirpt\u0117.<\/li>\n<li>Pralaid\u016bs orui.<\/li>\n<li>Tampr\u016bs, tod\u0117l puikiai priglunda prie k\u016bno.<\/li>\n<li>Neleid\u017eia susidaryti prakaitui.<\/li>\n<li>Suteikia sausumo poj\u016bt\u012f.<\/li>\n<li>Itin patog\u016bs.<\/li>\n<\/ul>\n<p>Doreanse &#8211; geriausia, ko galite tik\u0117tis i\u0161 apatini\u0173 drabu\u017ei\u0173.<br \/>\nLaikykit\u0117s skalbimo nurodym\u0173 etiket\u0117je, tam kad gal\u0117tum\u0117te drabu\u017eiu d\u017eiaugtis ilg\u0105 laik\u0105.<br \/>\nM\u0117gaukit\u0117s stiliumi ir patogumu, kuris suteikia papildom\u0105 malonum\u0105.<\/p>\n<p>Maksimali skalbimo temperat\u016bra 30\u00b0C.<br \/>\nNenaudokite baliklio.<br \/>\nNed\u017eiovinti automatin\u0117je d\u017eiovykl\u0117je.<br \/>\nGalima lyginti lygintuvu.<\/p>\n<p>Siuntimas gali u\u017etrukti 5-8 dienas.<br \/>\nPagaminta Turkijoje.<\/p>\n","protected":false},"excerpt":{"rendered":"<p>30% Viloft, 30% Poliesteris, 35% Poliamidas, 5% Elastanas.<\/p>\n<p>Modelis nuotraukoje d\u0117vi dyd\u012f M.<\/p>\n<p>Doreanse apatiniai berankoviai mar\u0161kin\u0117liai &#8211; puikus pasirinkimas kasdieniam d\u0117v\u0117jimui \u0161altesniu sezonu. Mar\u0161kin\u0117liai yra malon\u016bs lietimui, tinkamai priglunda prie k\u016bno, palaiko \u0161ilt\u0105 k\u016bno temperat\u016br\u0105. Yra kit\u0173 spalv\u0173 pasirinkimas.<\/p>\n<p><img loading=\"lazy\" decoding=\"async\" class=\"alignnone size-full wp-image-3619\" src=\"https:\/\/www.stildepo.com\/en\/wp-content\/uploads\/2022\/08\/doreanse_ic_giyim_yikama_talimati.jpg\" alt=\"doreanse_ic_giyim_yikama_talimati\" width=\"120\" height=\"22\" \/><\/p>\n","protected":false},"featured_media":9199,"comment_status":"closed","ping_status":"closed","template":"","meta":[],"pwb-brand":[16],"product_brand":[],"product_cat":[39,79],"product_tag":[],"class_list":{"0":"post-9186","1":"product","2":"type-product","3":"status-publish","4":"has-post-thumbnail","6":"pwb-brand-doreanse","7":"product_cat-termo-rubai-vyrams","8":"product_cat-vyriskos-maikutes","10":"first","11":"instock","12":"shipping-taxable","13":"purchasable","14":"product-type-variable","15":"has-default-attributes"},"aioseo_notices":[],"brands":[{"id":16,"name":"Doreanse","slug":"doreanse"}],"_links":{"self":[{"href":"https:\/\/www.stildepo.com\/lt\/wp-json\/wp\/v2\/product\/9186","targetHints":{"allow":["GET"]}}],"collection":[{"href":"https:\/\/www.stildepo.com\/lt\/wp-json\/wp\/v2\/product"}],"about":[{"href":"https:\/\/www.stildepo.com\/lt\/wp-json\/wp\/v2\/types\/product"}],"replies":[{"embeddable":true,"href":"https:\/\/www.stildepo.com\/lt\/wp-json\/wp\/v2\/comments?post=9186"}],"wp:featuredmedia":[{"embeddable":true,"href":"https:\/\/www.stildepo.com\/lt\/wp-json\/wp\/v2\/media\/9199"}],"wp:attachment":[{"href":"https:\/\/www.stildepo.com\/lt\/wp-json\/wp\/v2\/media?parent=9186"}],"wp:term":[{"taxonomy":"pwb-brand","embeddable":true,"href":"https:\/\/www.stildepo.com\/lt\/wp-json\/wp\/v2\/pwb-brand?post=9186"},{"taxonomy":"product_brand","embeddable":true,"href":"https:\/\/www.stildepo.com\/lt\/wp-json\/wp\/v2\/product_brand?post=9186"},{"taxonomy":"product_cat","embeddable":true,"href":"https:\/\/www.stildepo.com\/lt\/wp-json\/wp\/v2\/product_cat?post=9186"},{"taxonomy":"product_tag","embeddable":true,"href":"https:\/\/www.stildepo.com\/lt\/wp-json\/wp\/v2\/product_tag?post=9186"}],"curies":[{"name":"wp","href":"https:\/\/api.w.org\/{rel}","templated":true}]}}