{"id":9174,"date":"2023-01-27T18:46:36","date_gmt":"2023-01-27T18:46:36","guid":{"rendered":"https:\/\/www.stildepo.com\/lt\/?post_type=product&#038;p=9174"},"modified":"2023-03-09T09:06:07","modified_gmt":"2023-03-09T09:06:07","slug":"doreanse-vyriski-medvilniniai-berankoviai-apatiniai-marskineliai-itin-placia-kvadrato-formos-iskirpte-pilki","status":"publish","type":"product","link":"https:\/\/www.stildepo.com\/lt\/doreanse-vyriski-medvilniniai-berankoviai-apatiniai-marskineliai-itin-placia-kvadrato-formos-iskirpte-pilki\/","title":{"rendered":"Doreanse vyri\u0161ki medvilniniai berankoviai apatiniai mar\u0161kin\u0117liai, itin pla\u010dia kvadrato formos i\u0161kirpte, pilki"},"content":{"rendered":"<p><strong>Doreanse vyri\u0161ki medvilniniai berankoviai apatiniai mar\u0161kin\u0117liai, itin pla\u010dia kvadrato formos i\u0161kirpte, pilki.\u00a0<\/strong><\/p>\n<p>Doreanse vyri\u0161ki berankoviai apatiniai mar\u0161kin\u0117liai turi itin atvir\u0105 kaklo i\u0161kirpt\u0119, \u0161iuolaikinio dizaino, kasdienio (casual) stiliaus, yra tampr\u016bs ir tinkamai priglunda prie k\u016bno. Pasi\u016bti i\u0161 nat\u016bralaus modalo-medviln\u0117s audinio, plono ir malonaus lietimui. Suteikia auk\u0161to lygio komfort\u0105, nedirgina odos, nesukelia prakaitavimo.<\/p>\n<p>M\u016bs\u0173 si\u016blomi Athlete kolekcijos apatiniai drabu\u017eiai turi visk\u0105, ko reikia kasdieniam patogumui &#8211; nat\u016bral\u016bs, klasikinio stiliaus, tampr\u016bs, nevar\u017eantys judesi\u0173. Su jais J\u016bs jausit\u0117s itin patogiai! Tod\u0117l \u0161ie mar\u0161kin\u0117liai yra b\u016btini kiekvieno vyro drabu\u017ein\u0117je.<\/p>\n<p>Pas mus rasite tik auk\u0161\u010diausios kokyb\u0117s, stiling\u0173 apatini\u0173 drabu\u017ei\u0173 pasirinkim\u0105. Stildepo.com visada siekia suteikti Jums geriausi\u0105 patirt\u012f atitinkan\u010dius drabu\u017eius.<\/p>\n<p>Laikykit\u0117s skalbimo nurodym\u0173 etiket\u0117je, tam kad gal\u0117tum\u0117te drabu\u017eiu d\u017eiaugtis ilg\u0105 laik\u0105.<br \/>\nM\u0117gaukit\u0117s stiliumi ir patogumu, kuris suteikia papildom\u0105 malonum\u0105.<\/p>\n<p>Maksimali skalbimo temperat\u016bra 30\u00b0C.<br \/>\nNenaudokite baliklio.<br \/>\nNed\u017eiovinti automatin\u0117je d\u017eiovykl\u0117je.<br \/>\nGalima lyginti lygintuvu.<\/p>\n<p>Siuntimas gali u\u017etrukti 5-8 dienas.<br \/>\nPagaminta Turkijoje.<\/p>\n","protected":false},"excerpt":{"rendered":"<p>45% Modalas, 45% Medviln\u0117, 10% Elastanas.<\/p>\n<p>Modelis nuotraukoje d\u0117vi dyd\u012f M.<\/p>\n<p>Doreanse apatiniai berankoviai mar\u0161kin\u0117liai &#8211; puikus pasirinkimas kasdieniam d\u0117v\u0117jimui. Mar\u0161kin\u0117liai yra itin ploni, malon\u016bs lietimui, tinkamai priglunda prie k\u016bno. Yra kit\u0173 spalv\u0173 pasirinkimas.<\/p>\n<p><img loading=\"lazy\" decoding=\"async\" class=\"alignnone size-full wp-image-3619\" src=\"https:\/\/www.stildepo.com\/en\/wp-content\/uploads\/2022\/08\/doreanse_ic_giyim_yikama_talimati.jpg\" alt=\"doreanse_ic_giyim_yikama_talimati\" width=\"120\" height=\"22\" \/><\/p>\n","protected":false},"featured_media":9195,"comment_status":"closed","ping_status":"closed","template":"","meta":[],"pwb-brand":[16],"product_brand":[],"product_cat":[79],"product_tag":[],"class_list":{"0":"post-9174","1":"product","2":"type-product","3":"status-publish","4":"has-post-thumbnail","6":"pwb-brand-doreanse","7":"product_cat-vyriskos-maikutes","9":"first","10":"instock","11":"shipping-taxable","12":"purchasable","13":"product-type-variable"},"aioseo_notices":[],"brands":[{"id":16,"name":"Doreanse","slug":"doreanse"}],"_links":{"self":[{"href":"https:\/\/www.stildepo.com\/lt\/wp-json\/wp\/v2\/product\/9174","targetHints":{"allow":["GET"]}}],"collection":[{"href":"https:\/\/www.stildepo.com\/lt\/wp-json\/wp\/v2\/product"}],"about":[{"href":"https:\/\/www.stildepo.com\/lt\/wp-json\/wp\/v2\/types\/product"}],"replies":[{"embeddable":true,"href":"https:\/\/www.stildepo.com\/lt\/wp-json\/wp\/v2\/comments?post=9174"}],"wp:featuredmedia":[{"embeddable":true,"href":"https:\/\/www.stildepo.com\/lt\/wp-json\/wp\/v2\/media\/9195"}],"wp:attachment":[{"href":"https:\/\/www.stildepo.com\/lt\/wp-json\/wp\/v2\/media?parent=9174"}],"wp:term":[{"taxonomy":"pwb-brand","embeddable":true,"href":"https:\/\/www.stildepo.com\/lt\/wp-json\/wp\/v2\/pwb-brand?post=9174"},{"taxonomy":"product_brand","embeddable":true,"href":"https:\/\/www.stildepo.com\/lt\/wp-json\/wp\/v2\/product_brand?post=9174"},{"taxonomy":"product_cat","embeddable":true,"href":"https:\/\/www.stildepo.com\/lt\/wp-json\/wp\/v2\/product_cat?post=9174"},{"taxonomy":"product_tag","embeddable":true,"href":"https:\/\/www.stildepo.com\/lt\/wp-json\/wp\/v2\/product_tag?post=9174"}],"curies":[{"name":"wp","href":"https:\/\/api.w.org\/{rel}","templated":true}]}}