{"id":9057,"date":"2023-01-27T18:44:10","date_gmt":"2023-01-27T18:44:10","guid":{"rendered":"https:\/\/www.stildepo.com\/lt\/?post_type=product&#038;p=9057"},"modified":"2023-03-15T11:21:28","modified_gmt":"2023-03-15T11:21:28","slug":"doreanse-vyriski-itin-ploni-100-medvilniniai-berankoviai-apatiniai-marskineliai-athlete-kolekcija-juodi","status":"publish","type":"product","link":"https:\/\/www.stildepo.com\/lt\/doreanse-vyriski-itin-ploni-100-medvilniniai-berankoviai-apatiniai-marskineliai-athlete-kolekcija-juodi\/","title":{"rendered":"Doreanse vyri\u0161ki itin ploni 100% medvilniniai berankoviai apatiniai mar\u0161kin\u0117liai, Athlete kolekcija, juodi"},"content":{"rendered":"<p><strong>Doreanse vyri\u0161ki itin ploni 100% medvilniniai berankoviai mar\u0161kin\u0117liai, Athlete kolekcija, juodi.\u00a0<\/strong><\/p>\n<p>Doreanse vyri\u0161ki Athlete berankoviai mar\u0161kin\u0117liai &#8211; tai specialaus dizaino, suteikian\u010dio eleganti\u0161kiausi\u0105 apatinio trikota\u017eo potyr\u012f d\u0117l itin mink\u0161to ir malonaus medviln\u0117s prisilietimo, kolekcija. Pa\u017eangios technologijos d\u0117ka, audinys i\u0161gautas nepaprastai plonas ta\u010diau tuo pat metu itin tvirtas.<\/p>\n<p>D\u0117vint \u0161iuos mar\u0161kin\u0117lius J\u016bs nejausite jokio var\u017eymo, mar\u0161kin\u0117liai leid\u017eia visapusi\u0161k\u0105 judesi\u0173 laisv\u0119. Neleid\u017eia k\u016bnui suprakaituoti, palaikotinkam\u0105 dr\u0117gm\u0117s ir oro balans\u0105. Tinkami d\u0117v\u0117ti bet kuriuo sezonu, nepaisant net ir dideli\u0173 aplinkos s\u0105lyg\u0173 ar temperat\u016bros svyravim\u0173.<\/p>\n<p>\u010cia, stildepo.com parduotuv\u0117je rasite stilingiausias apatinio trikota\u017eo kolekcijas u\u017e prieinamiausi\u0105 kain\u0105.<\/p>\n<ul>\n<li>Apvali kaklo i\u0161kirpt\u0117.<\/li>\n<li>Pralaidi orui med\u017eiaga.<\/li>\n<li>Neu\u017elaiko dr\u0117gm\u0117s, tod\u0117l k\u016bnas i\u0161lieka sausas.<\/li>\n<li>100% nat\u016bral\u016bs.<\/li>\n<li>Patvar\u016bs, nesusid\u0117vi net ir da\u017enai skalbiant.<\/li>\n<li>Itin patog\u016bs.<\/li>\n<\/ul>\n<p>Doreanse &#8211; geriausia, ko galite tik\u0117tis i\u0161 apatini\u0173 drabu\u017ei\u0173.<\/p>\n<p>Laikykit\u0117s skalbimo nurodym\u0173 etiket\u0117je, tam kad gal\u0117tum\u0117te drabu\u017eiu d\u017eiaugtis ilg\u0105 laik\u0105.<br \/>\nM\u0117gaukit\u0117s stiliumi ir patogumu, kuris suteikia papildom\u0105 malonum\u0105.<\/p>\n<p>Maksimali skalbimo temperat\u016bra 30\u00b0C.<br \/>\nNenaudokite baliklio.<br \/>\nNed\u017eiovinti automatin\u0117je d\u017eiovykl\u0117je.<br \/>\nGalima lyginti lygintuvu.<\/p>\n<p>Siuntimas gali u\u017etrukti 5-8 dienas.<br \/>\nPagaminta Turkijoje.<\/p>\n","protected":false},"excerpt":{"rendered":"<p>100% Medviln\u0117.<\/p>\n<p>Modelis nuotraukoje d\u0117vi dyd\u012f M.<\/p>\n<p>Doreanse apatiniai berankoviai mar\u0161kin\u0117liai &#8211; puikus pasirinkimas kasdieniam d\u0117v\u0117jimui. Mar\u0161kin\u0117liai yra itin ploni, malon\u016bs lietimui, tinkamai priglunda prie k\u016bno. Yra kit\u0173 spalv\u0173 pasirinkimas.<\/p>\n<p><img loading=\"lazy\" decoding=\"async\" class=\"alignnone size-full wp-image-3619\" src=\"https:\/\/www.stildepo.com\/en\/wp-content\/uploads\/2022\/08\/doreanse_ic_giyim_yikama_talimati.jpg\" alt=\"doreanse_ic_giyim_yikama_talimati\" width=\"120\" height=\"22\" \/><\/p>\n","protected":false},"featured_media":9082,"comment_status":"closed","ping_status":"closed","template":"","meta":[],"pwb-brand":[16],"product_brand":[],"product_cat":[80,79],"product_tag":[],"class_list":{"0":"post-9057","1":"product","2":"type-product","3":"status-publish","4":"has-post-thumbnail","6":"pwb-brand-doreanse","7":"product_cat-vyriski-apatiniai","8":"product_cat-vyriskos-maikutes","10":"first","11":"instock","12":"shipping-taxable","13":"purchasable","14":"product-type-variable"},"aioseo_notices":[],"brands":[{"id":16,"name":"Doreanse","slug":"doreanse"}],"_links":{"self":[{"href":"https:\/\/www.stildepo.com\/lt\/wp-json\/wp\/v2\/product\/9057","targetHints":{"allow":["GET"]}}],"collection":[{"href":"https:\/\/www.stildepo.com\/lt\/wp-json\/wp\/v2\/product"}],"about":[{"href":"https:\/\/www.stildepo.com\/lt\/wp-json\/wp\/v2\/types\/product"}],"replies":[{"embeddable":true,"href":"https:\/\/www.stildepo.com\/lt\/wp-json\/wp\/v2\/comments?post=9057"}],"wp:featuredmedia":[{"embeddable":true,"href":"https:\/\/www.stildepo.com\/lt\/wp-json\/wp\/v2\/media\/9082"}],"wp:attachment":[{"href":"https:\/\/www.stildepo.com\/lt\/wp-json\/wp\/v2\/media?parent=9057"}],"wp:term":[{"taxonomy":"pwb-brand","embeddable":true,"href":"https:\/\/www.stildepo.com\/lt\/wp-json\/wp\/v2\/pwb-brand?post=9057"},{"taxonomy":"product_brand","embeddable":true,"href":"https:\/\/www.stildepo.com\/lt\/wp-json\/wp\/v2\/product_brand?post=9057"},{"taxonomy":"product_cat","embeddable":true,"href":"https:\/\/www.stildepo.com\/lt\/wp-json\/wp\/v2\/product_cat?post=9057"},{"taxonomy":"product_tag","embeddable":true,"href":"https:\/\/www.stildepo.com\/lt\/wp-json\/wp\/v2\/product_tag?post=9057"}],"curies":[{"name":"wp","href":"https:\/\/api.w.org\/{rel}","templated":true}]}}