{"id":8804,"date":"2023-01-27T18:31:53","date_gmt":"2023-01-27T18:31:53","guid":{"rendered":"https:\/\/www.stildepo.com\/lt\/?post_type=product&#038;p=8804"},"modified":"2023-03-20T12:20:16","modified_gmt":"2023-03-20T12:20:16","slug":"doreanse-vyriskos-glaudes-trumpo-dizaino-adonis-kolekcija-5-vnt-pakuote-juoda","status":"publish","type":"product","link":"https:\/\/www.stildepo.com\/lt\/doreanse-vyriskos-glaudes-trumpo-dizaino-adonis-kolekcija-5-vnt-pakuote-juoda\/","title":{"rendered":"Doreanse vyri\u0161kos glaud\u0117s, trumpo dizaino, Adonis kolekcija, 5 vnt. pakuot\u0117, juoda"},"content":{"rendered":"<p><strong>Doreanse vyri\u0161kos glaud\u0117s, trumpo dizaino, Adonis kolekcija, juoda. <\/strong><\/p>\n<p>5 vnt. pakuot\u0117.<\/p>\n<div>Vyri\u0161kos glaud\u0117s i\u0161 Adonis kolekcijos yra ypatingo dizaino, kurios pasi\u017eymi i\u0161skirtiniu patogumu ir funkcionalumu vyrams. J\u0173 dizainas sukurtas b\u016btent taip, kad k\u016bno dalys i\u0161lieka izoliuotos viena nuo kitos, taip i\u0161vengiant nemalonios trinties ar \u0161utimo. D\u0117v\u0117dami \u0161ias glaudes jausit\u0117s i\u0161skirtiniai ir seksual\u016bs. M\u016bs\u0173 parduotuv\u0117je stildepo.com rasite naujausius apatini\u0173 modelius u\u017e ypating\u0105 kain\u0105.<\/div>\n<div><\/div>\n<div>Doreanse &#8211; tai inovatyn\u016bs ir funkcional\u016bs apatiniai, tod\u0117l suteikia nepaprastai nuostabi\u0105 patirt\u012f juos d\u0117vint. Adonis kolekcijos glaud\u0117s suteikia visus privalumus, kuri\u0173 tik gali tik\u0117tis vyrai. Juos d\u0117vint jausit\u0117s patogiai ir kartu patraukliai. D\u0117l savo i\u0161skirtinio dizaino, \u0161ie apatiniai suteikia maloniausi\u0105 patirt\u012f juos d\u0117vint. Adonis kolekcijos apatiniai sukurti taip, kad J\u016bs\u0173 vyri\u0161kumas i\u0161likt\u0173 v\u0117sesn\u0117je aplinkoje, ir i\u0161likt\u0173 nepaveikiamas bendros k\u016bno \u0161ilumos. Taip pat apsaugo nuo koj\u0173 ir k\u016bno tarpusavio trinties.<\/div>\n<div><\/div>\n<ul>\n<li>I\u0161skirtinis dizainas leis Jums jaustis geriau ir patogiau.<\/li>\n<li>D\u0117ka savito dizaino tarpkojo srityje &#8211; J\u016bs i\u0161vengsite nemalonios trinties, \u0161utimo, \u012fvairi\u0173 odos lig\u0173.<\/li>\n<li>Sukurtos naudojant tik auk\u0161\u010diausios kokyb\u0117s med\u017eiagas.<\/li>\n<li>Ilgaam\u017eiai. Apatiniai tarnaus Jums daugel\u012f met\u0173, jei laikysit\u0117s etiket\u0117je nurodyt\u0173 skalbimo rekomendacij\u0173.<\/li>\n<li>M\u0117gaukit\u0117s stiliumi ir komfortu vienu metu.<\/li>\n<\/ul>\n<div>\n<p>Doreanse &#8211; geriausia, ko galite tik\u0117tis i\u0161 apatini\u0173 drabu\u017ei\u0173.<\/p>\n<p>Laikykit\u0117s skalbimo nurodym\u0173 etiket\u0117je, tam kad gal\u0117tum\u0117te drabu\u017eiu d\u017eiaugtis ilg\u0105 laik\u0105.<br \/>\nM\u0117gaukit\u0117s stiliumi ir patogumu, kuris suteikia papildom\u0105 malonum\u0105.<\/p>\n<p>Maksimali skalbimo temperat\u016bra 30\u00b0C.<br \/>\nNenaudokite baliklio.<br \/>\nNed\u017eiovinti automatin\u0117je d\u017eiovykl\u0117je.<br \/>\nGalima lyginti lygintuvu.<\/p>\n<p>Siuntimas gali u\u017etrukti 5-8 dienas.<br \/>\nPagaminta Turkijoje.<\/p>\n<\/div>\n","protected":false},"excerpt":{"rendered":"<p>45% Modalas, 45% Medviln\u0117, 10% Elastanas.<\/p>\n<p>Patentuota Adonis kolekcija &#8211; i\u0161skirtinai tik Doreanse prek\u0117s \u017eenklui.<\/p>\n<p>Doreanse apatiniai &#8211; tai puikus pasirinkimas kasdieniam d\u0117v\u0117jimui. Drabu\u017ei\u0173 audiniai yra nat\u016bral\u016bs, malon\u016bs lietimui, tinkamai priglunda prie k\u016bno. Yra platus spalv\u0173 ir dizain\u0173 pasirinkimas.<\/p>\n<p><img loading=\"lazy\" decoding=\"async\" class=\"alignnone size-full wp-image-3619\" src=\"https:\/\/www.stildepo.com\/en\/wp-content\/uploads\/2022\/08\/doreanse_ic_giyim_yikama_talimati.jpg\" alt=\"doreanse_ic_giyim_yikama_talimati\" width=\"120\" height=\"22\" \/><\/p>\n","protected":false},"featured_media":7920,"comment_status":"closed","ping_status":"closed","template":"","meta":[],"pwb-brand":[16],"product_brand":[],"product_cat":[81],"product_tag":[],"class_list":{"0":"post-8804","1":"product","2":"type-product","3":"status-publish","4":"has-post-thumbnail","6":"pwb-brand-doreanse","7":"product_cat-glaudes","9":"first","10":"instock","11":"shipping-taxable","12":"purchasable","13":"product-type-variable"},"aioseo_notices":[],"brands":[{"id":16,"name":"Doreanse","slug":"doreanse"}],"_links":{"self":[{"href":"https:\/\/www.stildepo.com\/lt\/wp-json\/wp\/v2\/product\/8804","targetHints":{"allow":["GET"]}}],"collection":[{"href":"https:\/\/www.stildepo.com\/lt\/wp-json\/wp\/v2\/product"}],"about":[{"href":"https:\/\/www.stildepo.com\/lt\/wp-json\/wp\/v2\/types\/product"}],"replies":[{"embeddable":true,"href":"https:\/\/www.stildepo.com\/lt\/wp-json\/wp\/v2\/comments?post=8804"}],"wp:featuredmedia":[{"embeddable":true,"href":"https:\/\/www.stildepo.com\/lt\/wp-json\/wp\/v2\/media\/7920"}],"wp:attachment":[{"href":"https:\/\/www.stildepo.com\/lt\/wp-json\/wp\/v2\/media?parent=8804"}],"wp:term":[{"taxonomy":"pwb-brand","embeddable":true,"href":"https:\/\/www.stildepo.com\/lt\/wp-json\/wp\/v2\/pwb-brand?post=8804"},{"taxonomy":"product_brand","embeddable":true,"href":"https:\/\/www.stildepo.com\/lt\/wp-json\/wp\/v2\/product_brand?post=8804"},{"taxonomy":"product_cat","embeddable":true,"href":"https:\/\/www.stildepo.com\/lt\/wp-json\/wp\/v2\/product_cat?post=8804"},{"taxonomy":"product_tag","embeddable":true,"href":"https:\/\/www.stildepo.com\/lt\/wp-json\/wp\/v2\/product_tag?post=8804"}],"curies":[{"name":"wp","href":"https:\/\/api.w.org\/{rel}","templated":true}]}}