{"id":8802,"date":"2023-01-27T18:31:06","date_gmt":"2023-01-27T18:31:06","guid":{"rendered":"https:\/\/www.stildepo.com\/lt\/?post_type=product&#038;p=8802"},"modified":"2023-03-22T07:40:45","modified_gmt":"2023-03-22T07:40:45","slug":"doreanse-sukuotos-medvilnes-modalo-vyriskos-glaudes-vidutinio-ilgio-juodos","status":"publish","type":"product","link":"https:\/\/www.stildepo.com\/lt\/doreanse-sukuotos-medvilnes-modalo-vyriskos-glaudes-vidutinio-ilgio-juodos\/","title":{"rendered":"Doreanse \u0161ukuotos medviln\u0117s-modalo vyri\u0161kos glaud\u0117s, vidutinio ilgio, juodos"},"content":{"rendered":"<div><strong>Doreanse vyri\u0161kos modalo-medviln\u0117s glaud\u0117s, vidutinio ilgio, juodos.<\/strong><\/div>\n<div><\/div>\n<div>\n<div>Doreanse vyri\u0161ki apatiniai yra idealus pasirinkimas kasdieniam d\u0117v\u0117jimui d\u0117l j\u0173 patogumo ir formas palaikan\u010di\u0173 savybi\u0173. Audinio sud\u0117tyje yra 10% elastano, tod\u0117l glaud\u0117s yra tamprios, tinkamai priglunda prie k\u016bno, nevar\u017eo j\u016bdesi\u0173 net ir aktyviai judant. Patvarios, nesusid\u0117vi net ir da\u017enai skalbiant (laikantis skalbimo nurodym\u0173 etiket\u0117je).<\/div>\n<div><\/div>\n<div>\u0160ukuotos medviln\u0117s audinys yra geriausios kokyb\u0117s medvilninis audinys. Tai nat\u016bralus, orui pralaidus pluo\u0161tas, leid\u017eiantis odai kv\u0117puoti, neleid\u017eiantis \u0161usti, tinkamai palaikantis dr\u0117gm\u0117s ir oro balans\u0105. Nedirgina odos, nesukelia nie\u017eulio. Doreanse &#8211; tai puikus pasirinkimas norint suderinti stili\u0173 ir patogum\u0105.<\/div>\n<div><\/div>\n<div><span style=\"color: #555555\">Doreanse &#8211; geriausia, ko galite tik\u0117tis i\u0161 apatini\u0173 drabu\u017ei\u0173.<\/span><\/div>\n<\/div>\n<div>\n<p>Laikykit\u0117s skalbimo nurodym\u0173 etiket\u0117je, tam kad gal\u0117tum\u0117te drabu\u017eiu d\u017eiaugtis ilg\u0105 laik\u0105.<br \/>\nM\u0117gaukit\u0117s stiliumi ir patogumu, kuris suteikia papildom\u0105 malonum\u0105.<\/p>\n<p>Maksimali skalbimo temperat\u016bra 30\u00b0C.<br \/>\nNenaudokite baliklio.<br \/>\nNed\u017eiovinti automatin\u0117je d\u017eiovykl\u0117je.<br \/>\nGalima lyginti lygintuvu.<\/p>\n<p>Siuntimas gali u\u017etrukti 5-8 dienas.<br \/>\nPagaminta Turkijoje.<\/p>\n<\/div>\n","protected":false},"excerpt":{"rendered":"<p>45% Modalas, 45% Medviln\u0117, 10% Elastanas.<\/p>\n<p>Doreanse apatiniai &#8211; tai puikus pasirinkimas kasdieniam d\u0117v\u0117jimui. Drabu\u017ei\u0173 audiniai yra nat\u016bral\u016bs, malon\u016bs lietimui, tinkamai priglunda prie k\u016bno. Yra platus spalv\u0173 ir dizain\u0173 pasirinkimas.<\/p>\n<p><img loading=\"lazy\" decoding=\"async\" class=\"alignnone size-full wp-image-3619\" src=\"https:\/\/www.stildepo.com\/en\/wp-content\/uploads\/2022\/08\/doreanse_ic_giyim_yikama_talimati.jpg\" alt=\"doreanse_ic_giyim_yikama_talimati\" width=\"120\" height=\"22\" \/><\/p>\n","protected":false},"featured_media":7765,"comment_status":"closed","ping_status":"closed","template":"","meta":[],"pwb-brand":[16],"product_brand":[],"product_cat":[81],"product_tag":[],"class_list":{"0":"post-8802","1":"product","2":"type-product","3":"status-publish","4":"has-post-thumbnail","6":"pwb-brand-doreanse","7":"product_cat-glaudes","9":"first","10":"instock","11":"shipping-taxable","12":"purchasable","13":"product-type-variable"},"aioseo_notices":[],"brands":[{"id":16,"name":"Doreanse","slug":"doreanse"}],"_links":{"self":[{"href":"https:\/\/www.stildepo.com\/lt\/wp-json\/wp\/v2\/product\/8802","targetHints":{"allow":["GET"]}}],"collection":[{"href":"https:\/\/www.stildepo.com\/lt\/wp-json\/wp\/v2\/product"}],"about":[{"href":"https:\/\/www.stildepo.com\/lt\/wp-json\/wp\/v2\/types\/product"}],"replies":[{"embeddable":true,"href":"https:\/\/www.stildepo.com\/lt\/wp-json\/wp\/v2\/comments?post=8802"}],"wp:featuredmedia":[{"embeddable":true,"href":"https:\/\/www.stildepo.com\/lt\/wp-json\/wp\/v2\/media\/7765"}],"wp:attachment":[{"href":"https:\/\/www.stildepo.com\/lt\/wp-json\/wp\/v2\/media?parent=8802"}],"wp:term":[{"taxonomy":"pwb-brand","embeddable":true,"href":"https:\/\/www.stildepo.com\/lt\/wp-json\/wp\/v2\/pwb-brand?post=8802"},{"taxonomy":"product_brand","embeddable":true,"href":"https:\/\/www.stildepo.com\/lt\/wp-json\/wp\/v2\/product_brand?post=8802"},{"taxonomy":"product_cat","embeddable":true,"href":"https:\/\/www.stildepo.com\/lt\/wp-json\/wp\/v2\/product_cat?post=8802"},{"taxonomy":"product_tag","embeddable":true,"href":"https:\/\/www.stildepo.com\/lt\/wp-json\/wp\/v2\/product_tag?post=8802"}],"curies":[{"name":"wp","href":"https:\/\/api.w.org\/{rel}","templated":true}]}}