{"id":8738,"date":"2023-01-27T18:20:06","date_gmt":"2023-01-27T18:20:06","guid":{"rendered":"https:\/\/www.stildepo.com\/lt\/?post_type=product&#038;p=8738"},"modified":"2023-03-22T08:08:41","modified_gmt":"2023-03-22T08:08:41","slug":"doreanse-vyriski-medvilniniai-apatiniai-iprastas-ilgis-5-vnt-juodi","status":"publish","type":"product","link":"https:\/\/www.stildepo.com\/lt\/doreanse-vyriski-medvilniniai-apatiniai-iprastas-ilgis-5-vnt-juodi\/","title":{"rendered":"Doreanse vyri\u0161ki medvilniniai apatiniai, \u012fprastas ilgis, 5 vnt., juodi"},"content":{"rendered":"<div><strong>Doreanse vyri\u0161ki medvilniniai apatiniai, \u012fprastas ilgis, juodi.\u00a0<\/strong><\/div>\n<div><\/div>\n<div>Nat\u016bralaus pluo\u0161to, patvar\u016bs Doreanse apatiniai, nesusid\u0117vi net ir da\u017enai skalbiant. Nat\u016brali medviln\u0117 nedirgina odos, leid\u017eia k\u016bnui kv\u0117puoti. D\u0117ka elastano apatiniai priglunda tinkamai ir maloniai. Glaud\u017ei\u0173 audinys lengvai sugeria dr\u0117gm\u0119, yra mink\u0161tas ir tamprus. \u0160ie apatiniai nevar\u017eo judesi\u0173, neleid\u017eia sukaisti k\u016bnui ir nesukelia nemalonios trinties, tod\u0117l tai ypatingai pam\u0117gtas vyr\u0173 pasirinkimas.<\/div>\n<ul>\n<li>Nat\u016bralus medviln\u0117s audinys.<\/li>\n<li>Neleid\u017eia k\u016bnui prakaituoti.<\/li>\n<li>Sugeria dr\u0117gm\u0119, neleid\u017eia dr\u0117gmei kauptis ant k\u016bno.<\/li>\n<li>Neleid\u017eia k\u016bnui perkaisti.<\/li>\n<li>Tamprios strukt\u016bros.<\/li>\n<li>Nevar\u017eo judesi\u0173.<\/li>\n<\/ul>\n<p>Doreanse &#8211; geriausia, ko galite tik\u0117tis i\u0161 apatini\u0173 drabu\u017ei\u0173.<\/p>\n<p>Laikykit\u0117s skalbimo nurodym\u0173 etiket\u0117je, tam kad gal\u0117tum\u0117te drabu\u017eiu d\u017eiaugtis ilg\u0105 laik\u0105.<br \/>\nM\u0117gaukit\u0117s stiliumi ir patogumu, kuris suteikia papildom\u0105 malonum\u0105.<\/p>\n<p>Maksimali skalbimo temperat\u016bra 30\u00b0C.<br \/>\nNenaudokite baliklio.<br \/>\nNed\u017eiovinti automatin\u0117je d\u017eiovykl\u0117je.<br \/>\nGalima lyginti lygintuvu.<\/p>\n<p>Siuntimas gali u\u017etrukti 5-8 dienas.<br \/>\nPagaminta Turkijoje.<\/p>\n","protected":false},"excerpt":{"rendered":"<p>90% Medviln\u0117, 10% Elastanas.<\/p>\n<p>Doreanse apatiniai &#8211; tai puikus pasirinkimas kasdieniam d\u0117v\u0117jimui. Drabu\u017ei\u0173 audiniai yra nat\u016bral\u016bs, malon\u016bs lietimui, tinkamai priglunda prie k\u016bno. Yra platus spalv\u0173 ir dizain\u0173 pasirinkimas.<\/p>\n<p>Modelis nuotraukoje d\u0117vi M dyd\u012f.<\/p>\n<p>5 vnt. pakuot\u0117.<\/p>\n<p><img loading=\"lazy\" decoding=\"async\" class=\"alignnone size-full wp-image-3619\" src=\"https:\/\/www.stildepo.com\/en\/wp-content\/uploads\/2022\/08\/doreanse_ic_giyim_yikama_talimati.jpg\" alt=\"doreanse_ic_giyim_yikama_talimati\" width=\"120\" height=\"22\" \/><\/p>\n","protected":false},"featured_media":7722,"comment_status":"closed","ping_status":"closed","template":"","meta":[],"pwb-brand":[16],"product_brand":[],"product_cat":[81],"product_tag":[],"class_list":{"0":"post-8738","1":"product","2":"type-product","3":"status-publish","4":"has-post-thumbnail","6":"pwb-brand-doreanse","7":"product_cat-glaudes","9":"first","10":"instock","11":"shipping-taxable","12":"purchasable","13":"product-type-variable"},"aioseo_notices":[],"brands":[{"id":16,"name":"Doreanse","slug":"doreanse"}],"_links":{"self":[{"href":"https:\/\/www.stildepo.com\/lt\/wp-json\/wp\/v2\/product\/8738","targetHints":{"allow":["GET"]}}],"collection":[{"href":"https:\/\/www.stildepo.com\/lt\/wp-json\/wp\/v2\/product"}],"about":[{"href":"https:\/\/www.stildepo.com\/lt\/wp-json\/wp\/v2\/types\/product"}],"replies":[{"embeddable":true,"href":"https:\/\/www.stildepo.com\/lt\/wp-json\/wp\/v2\/comments?post=8738"}],"wp:featuredmedia":[{"embeddable":true,"href":"https:\/\/www.stildepo.com\/lt\/wp-json\/wp\/v2\/media\/7722"}],"wp:attachment":[{"href":"https:\/\/www.stildepo.com\/lt\/wp-json\/wp\/v2\/media?parent=8738"}],"wp:term":[{"taxonomy":"pwb-brand","embeddable":true,"href":"https:\/\/www.stildepo.com\/lt\/wp-json\/wp\/v2\/pwb-brand?post=8738"},{"taxonomy":"product_brand","embeddable":true,"href":"https:\/\/www.stildepo.com\/lt\/wp-json\/wp\/v2\/product_brand?post=8738"},{"taxonomy":"product_cat","embeddable":true,"href":"https:\/\/www.stildepo.com\/lt\/wp-json\/wp\/v2\/product_cat?post=8738"},{"taxonomy":"product_tag","embeddable":true,"href":"https:\/\/www.stildepo.com\/lt\/wp-json\/wp\/v2\/product_tag?post=8738"}],"curies":[{"name":"wp","href":"https:\/\/api.w.org\/{rel}","templated":true}]}}