{"id":8733,"date":"2023-01-27T18:18:41","date_gmt":"2023-01-27T18:18:41","guid":{"rendered":"https:\/\/www.stildepo.com\/lt\/?post_type=product&#038;p=8733"},"modified":"2023-03-22T08:10:27","modified_gmt":"2023-03-22T08:10:27","slug":"doreanse-mikro-modalo-vyriskos-glaudes-vidutinio-ilgio-5vnt-juodos","status":"publish","type":"product","link":"https:\/\/www.stildepo.com\/lt\/doreanse-mikro-modalo-vyriskos-glaudes-vidutinio-ilgio-5vnt-juodos\/","title":{"rendered":"Doreanse mikro-modalo vyri\u0161kos glaud\u0117s, vidutinio ilgio, 5vnt., juodos"},"content":{"rendered":"<div><strong>Doreanse mikro-modalo vyri\u0161kos glaud\u0117s, vidutinio ilgio, juodos.\u00a0<\/strong><\/div>\n<div><\/div>\n<div>Itin gra\u017eaus silueto, malonios lietimui, tinkamai priglundan\u010dios glaud\u0117s. Juk tai pats pirmas drabu\u017eis, kuris tiesiogiai lie\u010diasi prie k\u016bno. Tod\u0117l sukurtas taip, kad jaustum\u0117tes ypatingai patogiai ir stilingai. Mikro-modalo audinys yra i\u0161skirtinai mink\u0161tas, malonus ir tamprus. Neleid\u017eia k\u016bnui prakaituoti, gerai praleid\u017eia or\u0105 ir leid\u017eia dr\u0117gmei i\u0161garuoti, neu\u017elaiko dr\u0117gm\u0117s viduje, tod\u0117l k\u016bnas i\u0161lieka sausas, u\u017ekerta keli\u0105 bakterij\u0173 plitimui.<\/div>\n<div><\/div>\n<div><strong>Mikro-modalo audinys :<\/strong><\/div>\n<ul>\n<li>Nat\u016bralus.<\/li>\n<li>Leid\u017eia dr\u0117gmei greitai i\u0161garuoti.<\/li>\n<li>\u0160velnus, turi \u0161ilkinio \u0161vyt\u0117jimo \u012fsp\u016bd\u012f.<\/li>\n<li>Pralaid\u016bs orui, palaiko tinkam\u0105 oro ir dr\u0117gm\u0117s balans\u0105.<\/li>\n<\/ul>\n<div><\/div>\n<div><strong>Lycra audinys :<\/strong><\/div>\n<ul>\n<li>Suteikia tamprumo drabu\u017eiui.<\/li>\n<li>Lankstus, lengvai priglundantis audinys.<\/li>\n<li>Nevar\u017eo judesi\u0173.<\/li>\n<li>Prisitaiko prie k\u016bno form\u0173.<\/li>\n<\/ul>\n<div><\/div>\n<div>M\u016bs\u0173 drabu\u017eiai pagaminti i\u0161 sertifikuot\u0173, sveikatai palanki\u0173 med\u017eiag\u0173.<\/div>\n<div><\/div>\n<div>\n<div>\n<div><span style=\"color: #555555\">Doreanse &#8211; geriausia, ko galite tik\u0117tis i\u0161 apatini\u0173 drabu\u017ei\u0173.<\/span><\/div>\n<\/div>\n<div>\n<p>Laikykit\u0117s skalbimo nurodym\u0173 etiket\u0117je, tam kad gal\u0117tum\u0117te drabu\u017eiu d\u017eiaugtis ilg\u0105 laik\u0105.<br \/>\nM\u0117gaukit\u0117s stiliumi ir patogumu, kuris suteikia papildom\u0105 malonum\u0105.<\/p>\n<p>Maksimali skalbimo temperat\u016bra 30\u00b0C.<br \/>\nNenaudokite baliklio.<br \/>\nNed\u017eiovinti automatin\u0117je d\u017eiovykl\u0117je.<br \/>\nGalima lyginti lygintuvu.<\/p>\n<p>Siuntimas gali u\u017etrukti 5-8 dienas.<br \/>\nPagaminta Turkijoje.<\/p>\n<\/div>\n<\/div>\n","protected":false},"excerpt":{"rendered":"<p>90% Micro Modalas, 10% Lycra.<\/p>\n<p>Doreanse apatiniai &#8211; tai puikus pasirinkimas kasdieniam d\u0117v\u0117jimui. Drabu\u017ei\u0173 audiniai yra nat\u016bral\u016bs, malon\u016bs lietimui, tinkamai priglunda prie k\u016bno. Yra platus spalv\u0173 ir dizain\u0173 pasirinkimas.<\/p>\n<p>Modelis nuotraukoje d\u0117vi M dyd\u012f.<\/p>\n<p>5 vnt. pakuot\u0117.<\/p>\n<p><img loading=\"lazy\" decoding=\"async\" class=\"alignnone size-full wp-image-3619\" src=\"https:\/\/www.stildepo.com\/en\/wp-content\/uploads\/2022\/08\/doreanse_ic_giyim_yikama_talimati.jpg\" alt=\"doreanse_ic_giyim_yikama_talimati\" width=\"120\" height=\"22\" \/><\/p>\n<p>&nbsp;<\/p>\n","protected":false},"featured_media":7639,"comment_status":"closed","ping_status":"closed","template":"","meta":[],"pwb-brand":[16],"product_brand":[],"product_cat":[81],"product_tag":[],"class_list":{"0":"post-8733","1":"product","2":"type-product","3":"status-publish","4":"has-post-thumbnail","6":"pwb-brand-doreanse","7":"product_cat-glaudes","9":"first","10":"instock","11":"shipping-taxable","12":"purchasable","13":"product-type-variable"},"aioseo_notices":[],"brands":[{"id":16,"name":"Doreanse","slug":"doreanse"}],"_links":{"self":[{"href":"https:\/\/www.stildepo.com\/lt\/wp-json\/wp\/v2\/product\/8733","targetHints":{"allow":["GET"]}}],"collection":[{"href":"https:\/\/www.stildepo.com\/lt\/wp-json\/wp\/v2\/product"}],"about":[{"href":"https:\/\/www.stildepo.com\/lt\/wp-json\/wp\/v2\/types\/product"}],"replies":[{"embeddable":true,"href":"https:\/\/www.stildepo.com\/lt\/wp-json\/wp\/v2\/comments?post=8733"}],"wp:featuredmedia":[{"embeddable":true,"href":"https:\/\/www.stildepo.com\/lt\/wp-json\/wp\/v2\/media\/7639"}],"wp:attachment":[{"href":"https:\/\/www.stildepo.com\/lt\/wp-json\/wp\/v2\/media?parent=8733"}],"wp:term":[{"taxonomy":"pwb-brand","embeddable":true,"href":"https:\/\/www.stildepo.com\/lt\/wp-json\/wp\/v2\/pwb-brand?post=8733"},{"taxonomy":"product_brand","embeddable":true,"href":"https:\/\/www.stildepo.com\/lt\/wp-json\/wp\/v2\/product_brand?post=8733"},{"taxonomy":"product_cat","embeddable":true,"href":"https:\/\/www.stildepo.com\/lt\/wp-json\/wp\/v2\/product_cat?post=8733"},{"taxonomy":"product_tag","embeddable":true,"href":"https:\/\/www.stildepo.com\/lt\/wp-json\/wp\/v2\/product_tag?post=8733"}],"curies":[{"name":"wp","href":"https:\/\/api.w.org\/{rel}","templated":true}]}}