{"id":8730,"date":"2023-01-27T18:18:31","date_gmt":"2023-01-27T18:18:31","guid":{"rendered":"https:\/\/www.stildepo.com\/lt\/?post_type=product&#038;p=8730"},"modified":"2023-03-30T07:23:47","modified_gmt":"2023-03-30T07:23:47","slug":"doreanse-plono-audinio-klasikinio-modelio-medvilnines-glaudes-juodos-5-vnt-pakuote","status":"publish","type":"product","link":"https:\/\/www.stildepo.com\/lt\/doreanse-plono-audinio-klasikinio-modelio-medvilnines-glaudes-juodos-5-vnt-pakuote\/","title":{"rendered":"Doreanse plono audinio klasikinio modelio medvilnin\u0117s glaud\u0117s, juodos, 5 vnt. pakuot\u0117"},"content":{"rendered":"<p><strong>Doreanse plono, eleganti\u0161ko medvilninio audinio glaud\u0117s. \u012eprastinio ilgio. Juodos spalvos.<\/strong><\/p>\n<p>5 vnt. pakuot\u0117.<\/p>\n<p>Itin plonos med\u017eiagos apatiniai mar\u0161kin\u0117liai pagaminti pagal pa\u017eangi\u0105 Zephyr technologij\u0105, kuri paver\u010dia med\u017eiag\u0105 ypatingai plona ir malonia lietimui. Zephyr technologijos d\u0117ka, d\u0117vimi drabu\u017eiai suteiks Jums pa\u010di\u0105 maloniausi\u0105 patirt\u012f. D\u0117vint juos J\u016bs i\u0161 ties\u0173 jausite i\u0161skirtin\u012f lengvumo poj\u016bt\u012f.<\/p>\n<p>Doreanse glaud\u0117s tinkamos kasdieniam d\u0117v\u0117jimui, nevar\u017ean\u010dios k\u016bno laisv\u0117s. D\u0117ka kokybi\u0161ko audinio &#8211; glaud\u0117s priglunda prie k\u016bno itin maloniai, neslankioja ir suteikia komforto jausm\u0105. Malonus lietimui, mink\u0161tas audinys, nesukelia nie\u017eulio, nedirgina odos. Patvarios, i\u0161lieka kokybi\u0161kos net ir po daugelio skalbim\u0173. Puikus stiliaus, komforto ir kokyb\u0117s derinys.<\/p>\n<p>Doreanse Cotton Premium kolekcija:<\/p>\n<ul>\n<li style=\"list-style-type: none\">\n<ul>\n<li>I\u0161 nat\u016bralaus medviln\u0117s pluo\u0161to.<\/li>\n<li>Pralaid\u016bs orui.<\/li>\n<li>Tampr\u016bs, lengvai prisitaiko prie k\u016bno judesi\u0173.<\/li>\n<li>Nesulaiko prakaito, neleid\u017eia daugintis bakterijoms.<\/li>\n<li>Suteikia auk\u0161to lygio komforto jausm\u0105.<\/li>\n<\/ul>\n<\/li>\n<\/ul>\n<p>Pagamintos i\u0161 sertifikuot\u0173, sveikatai palanki\u0173 med\u017eiag\u0173.<\/p>\n<p>Doreanse &#8211; geriausia, ko galite tik\u0117tis i\u0161 apatini\u0173 drabu\u017ei\u0173.<\/p>\n<p>Laikykit\u0117s skalbimo nurodym\u0173 etiket\u0117je, tam kad gal\u0117tum\u0117te drabu\u017eiu d\u017eiaugtis ilg\u0105 laik\u0105.<br \/>\nM\u0117gaukit\u0117s stiliumi ir patogumu, kuris suteikia papildom\u0105 malonum\u0105.<\/p>\n<p>Maksimali skalbimo temperat\u016bra 30\u00b0C.<br \/>\nNenaudokite baliklio.<br \/>\nNed\u017eiovinti automatin\u0117je d\u017eiovykl\u0117je.<br \/>\nGalima lyginti lygintuvu.<\/p>\n<p>Siuntimas gali u\u017etrukti 5-8 dienas.<br \/>\nPagaminta Turkijoje.<\/p>\n","protected":false},"excerpt":{"rendered":"<p>96% Medviln\u0117, 4% Elastanas.<\/p>\n<p>Doreanse apatiniai &#8211; tai puikus pasirinkimas kasdieniam d\u0117v\u0117jimui. Drabu\u017ei\u0173 audiniai yra nat\u016bral\u016bs, malon\u016bs lietimui, tinkamai priglunda prie k\u016bno. Yra platus spalv\u0173 ir dizain\u0173 pasirinkimas.<\/p>\n<p>Modelis nuotraukoje d\u0117vi M dyd\u012f.<\/p>\n<p><img loading=\"lazy\" decoding=\"async\" class=\"alignnone size-full wp-image-3619\" src=\"https:\/\/www.stildepo.com\/en\/wp-content\/uploads\/2022\/08\/doreanse_ic_giyim_yikama_talimati.jpg\" alt=\"doreanse_ic_giyim_yikama_talimati\" width=\"120\" height=\"22\" \/><\/p>\n","protected":false},"featured_media":7594,"comment_status":"closed","ping_status":"closed","template":"","meta":[],"pwb-brand":[16],"product_brand":[],"product_cat":[81],"product_tag":[],"class_list":{"0":"post-8730","1":"product","2":"type-product","3":"status-publish","4":"has-post-thumbnail","6":"pwb-brand-doreanse","7":"product_cat-glaudes","9":"first","10":"instock","11":"shipping-taxable","12":"purchasable","13":"product-type-variable"},"aioseo_notices":[],"brands":[{"id":16,"name":"Doreanse","slug":"doreanse"}],"_links":{"self":[{"href":"https:\/\/www.stildepo.com\/lt\/wp-json\/wp\/v2\/product\/8730","targetHints":{"allow":["GET"]}}],"collection":[{"href":"https:\/\/www.stildepo.com\/lt\/wp-json\/wp\/v2\/product"}],"about":[{"href":"https:\/\/www.stildepo.com\/lt\/wp-json\/wp\/v2\/types\/product"}],"replies":[{"embeddable":true,"href":"https:\/\/www.stildepo.com\/lt\/wp-json\/wp\/v2\/comments?post=8730"}],"wp:featuredmedia":[{"embeddable":true,"href":"https:\/\/www.stildepo.com\/lt\/wp-json\/wp\/v2\/media\/7594"}],"wp:attachment":[{"href":"https:\/\/www.stildepo.com\/lt\/wp-json\/wp\/v2\/media?parent=8730"}],"wp:term":[{"taxonomy":"pwb-brand","embeddable":true,"href":"https:\/\/www.stildepo.com\/lt\/wp-json\/wp\/v2\/pwb-brand?post=8730"},{"taxonomy":"product_brand","embeddable":true,"href":"https:\/\/www.stildepo.com\/lt\/wp-json\/wp\/v2\/product_brand?post=8730"},{"taxonomy":"product_cat","embeddable":true,"href":"https:\/\/www.stildepo.com\/lt\/wp-json\/wp\/v2\/product_cat?post=8730"},{"taxonomy":"product_tag","embeddable":true,"href":"https:\/\/www.stildepo.com\/lt\/wp-json\/wp\/v2\/product_tag?post=8730"}],"curies":[{"name":"wp","href":"https:\/\/api.w.org\/{rel}","templated":true}]}}