{"id":8727,"date":"2023-01-27T18:18:22","date_gmt":"2023-01-27T18:18:22","guid":{"rendered":"https:\/\/www.stildepo.com\/lt\/?post_type=product&#038;p=8727"},"modified":"2023-03-31T08:54:02","modified_gmt":"2023-03-31T08:54:02","slug":"doreanse-vyriskos-glaudes-trumpinto-ilgio-juodos-spalvos-5-vnt","status":"publish","type":"product","link":"https:\/\/www.stildepo.com\/lt\/doreanse-vyriskos-glaudes-trumpinto-ilgio-juodos-spalvos-5-vnt\/","title":{"rendered":"Doreanse vyri\u0161kos glaud\u0117s trumpinto ilgio, juodos spalvos, 5 vnt."},"content":{"rendered":"<p><strong>Doreanse vyri\u0161kos glaud\u0117s, trumpinto ilgio, juodos spalvos. 5 vnt. pakuot\u0117.<\/strong><\/p>\n<p>Doreanse glaud\u0117s tinkamos kasdieniam d\u0117v\u0117jimui, nevar\u017ean\u010dios k\u016bno laisv\u0117s. D\u0117ka kokybi\u0161ko audinio &#8211; glaud\u0117s priglunda prie k\u016bno itin maloniai, neslankioja ir suteikia komforto jausm\u0105. Malonus lietimui, mink\u0161tas audinys, nesukelia nie\u017eulio, nedirgina odos. Patvarios, i\u0161lieka kokybi\u0161kos net ir po daugelio skalbim\u0173. Puikus stiliaus, komforto ir kokyb\u0117s derinys.<\/p>\n<div>\u0160ios sportinio stiliaus glaud\u0117s yra trumpinto ilgio, kas suteikia modernumo ir stiliaus poj\u016bt\u012f. \u0160is glaud\u017ei\u0173 modelis pasi\u016btas b\u016btent taip, kad i\u0161laikyt\u0173 visas k\u016bno dalis izoliuotas, atskirtas vienas nuo kit\u0173, tod\u0117l yra itin patogios, nesukelia nemalonios trinties, odos dirginimo ar prakaitavimo.<\/div>\n<div><\/div>\n<ul>\n<li>Poliamido audinys pasi\u017eymi tvirta strukt\u016bra.<\/li>\n<li>Patvarios, nesusid\u0117vi net ir po daugelio skalbim\u0173.<\/li>\n<li>Elastanas suteikia tamprumo.<\/li>\n<li>Prisitaiko prie k\u016bno, nevar\u017eo judesi\u0173.<\/li>\n<li>Palaiko normali\u0105 k\u016bno temperat\u016br\u0105, neleid\u017eia perkaisti, \u0161usti.<\/li>\n<\/ul>\n<div><\/div>\n<div>\n<div>\n<div><span style=\"color: #555555\">Doreanse &#8211; geriausia, ko galite tik\u0117tis i\u0161 apatini\u0173 drabu\u017ei\u0173.<\/span><\/div>\n<\/div>\n<div>\n<p>Laikykit\u0117s skalbimo nurodym\u0173 etiket\u0117je, tam kad gal\u0117tum\u0117te drabu\u017eiu d\u017eiaugtis ilg\u0105 laik\u0105.<br \/>\nM\u0117gaukit\u0117s stiliumi ir patogumu, kuris suteikia papildom\u0105 malonum\u0105.<\/p>\n<p>Maksimali skalbimo temperat\u016bra 30\u00b0C.<br \/>\nNenaudokite baliklio.<br \/>\nNed\u017eiovinti automatin\u0117je d\u017eiovykl\u0117je.<br \/>\nGalima lyginti lygintuvu.<\/p>\n<p>Siuntimas gali u\u017etrukti 5-8 dienas.<br \/>\nPagaminta Turkijoje.<\/p>\n<\/div>\n<\/div>\n","protected":false},"excerpt":{"rendered":"<p>75% Poliamidas, 25% Elastanas.<\/p>\n<p>&nbsp;<\/p>\n<p>Doreanse apatiniai &#8211; tai puikus pasirinkimas kasdieniam d\u0117v\u0117jimui. Drabu\u017ei\u0173 audiniai yra nat\u016bral\u016bs, malon\u016bs lietimui, tinkamai priglunda prie k\u016bno. Yra platus spalv\u0173 ir dizain\u0173 pasirinkimas.<\/p>\n<p>Modelis nuotraukoje d\u0117vi M dyd\u012f.<\/p>\n<p>5 vnt. pakuot\u0117.<\/p>\n<p><img loading=\"lazy\" decoding=\"async\" class=\"alignnone size-full wp-image-3619\" src=\"https:\/\/www.stildepo.com\/en\/wp-content\/uploads\/2022\/08\/doreanse_ic_giyim_yikama_talimati.jpg\" alt=\"doreanse_ic_giyim_yikama_talimati\" width=\"120\" height=\"22\" \/><\/p>\n<p>&nbsp;<\/p>\n","protected":false},"featured_media":7290,"comment_status":"closed","ping_status":"closed","template":"","meta":[],"pwb-brand":[16],"product_brand":[],"product_cat":[81],"product_tag":[],"class_list":{"0":"post-8727","1":"product","2":"type-product","3":"status-publish","4":"has-post-thumbnail","6":"pwb-brand-doreanse","7":"product_cat-glaudes","9":"first","10":"instock","11":"shipping-taxable","12":"purchasable","13":"product-type-variable","14":"has-default-attributes"},"aioseo_notices":[],"brands":[{"id":16,"name":"Doreanse","slug":"doreanse"}],"_links":{"self":[{"href":"https:\/\/www.stildepo.com\/lt\/wp-json\/wp\/v2\/product\/8727","targetHints":{"allow":["GET"]}}],"collection":[{"href":"https:\/\/www.stildepo.com\/lt\/wp-json\/wp\/v2\/product"}],"about":[{"href":"https:\/\/www.stildepo.com\/lt\/wp-json\/wp\/v2\/types\/product"}],"replies":[{"embeddable":true,"href":"https:\/\/www.stildepo.com\/lt\/wp-json\/wp\/v2\/comments?post=8727"}],"wp:featuredmedia":[{"embeddable":true,"href":"https:\/\/www.stildepo.com\/lt\/wp-json\/wp\/v2\/media\/7290"}],"wp:attachment":[{"href":"https:\/\/www.stildepo.com\/lt\/wp-json\/wp\/v2\/media?parent=8727"}],"wp:term":[{"taxonomy":"pwb-brand","embeddable":true,"href":"https:\/\/www.stildepo.com\/lt\/wp-json\/wp\/v2\/pwb-brand?post=8727"},{"taxonomy":"product_brand","embeddable":true,"href":"https:\/\/www.stildepo.com\/lt\/wp-json\/wp\/v2\/product_brand?post=8727"},{"taxonomy":"product_cat","embeddable":true,"href":"https:\/\/www.stildepo.com\/lt\/wp-json\/wp\/v2\/product_cat?post=8727"},{"taxonomy":"product_tag","embeddable":true,"href":"https:\/\/www.stildepo.com\/lt\/wp-json\/wp\/v2\/product_tag?post=8727"}],"curies":[{"name":"wp","href":"https:\/\/api.w.org\/{rel}","templated":true}]}}