{"id":8726,"date":"2023-01-27T18:18:21","date_gmt":"2023-01-27T18:18:21","guid":{"rendered":"https:\/\/www.stildepo.com\/lt\/?post_type=product&#038;p=8726"},"modified":"2023-04-01T09:03:41","modified_gmt":"2023-04-01T09:03:41","slug":"doreanse-vyriskos-iprastinio-ilgio-viloft-termo-glaudes-vienspalves","status":"publish","type":"product","link":"https:\/\/www.stildepo.com\/lt\/doreanse-vyriskos-iprastinio-ilgio-viloft-termo-glaudes-vienspalves\/","title":{"rendered":"Doreanse vyri\u0161kos \u012fprastinio ilgio Viloft termo glaud\u0117s, vienspalv\u0117s"},"content":{"rendered":"<div><strong>Doreanse vyri\u0161kos \u012fprastinio ilgio termo glaud\u0117s, vienspalv\u0117s.\u00a0<\/strong><\/div>\n<div><\/div>\n<div>Vyri\u0161kos termo glaud\u0117s apsaugo k\u016bn\u0105 nuo \u0161al\u010dio, neleid\u017eia prarasti \u0161ilumos ir palaiko tinkam\u0105 k\u016bno temperat\u016bros balans\u0105. Sertifikuoti termo si\u016blai turi oro tarpus ir taip izoliuoja nuo i\u0161orin\u0117s aplinkos. \u0160ie apatiniai pad\u0117s Jums m\u0117gautis diena kur kas labiau nei \u012fprastai. Gal\u0117site jaustis saugiau ir patogiau net ir esant \u017evarbiam orui, u\u017esiimant Jums m\u0117giamomis aktyviomis lauko veiklomis bei sportu. Doreanse apatini\u0173 kokyb\u0117 perkelia komforto poj\u016bt\u012f \u012f auk\u0161\u010diausi\u0105 lyg\u012f, sujungdami patogum\u0105, funkcionalum\u0105 ir stili\u0173 viename.<\/div>\n<div><\/div>\n<ul>\n<li>Viloft trumpo modelio termo apatiniai.<\/li>\n<li>Stilingas vyri\u0161kum\u0105 pabr\u0117\u017eiantis dizainas.<\/li>\n<li>Auk\u0161\u010diausio lygio komfortas.<\/li>\n<li>Malonus lietimui ir patvarus audinys.<\/li>\n<li>Pralaidi orui med\u017eiaga, leis k\u016bnui kv\u0117puoti ir palaikys tinkam\u0105 dr\u0117gm\u0117s balans\u0105.<\/li>\n<\/ul>\n<p>Doreanse &#8211; geriausia, ko galite tik\u0117tis i\u0161 apatini\u0173 drabu\u017ei\u0173.<\/p>\n<div>\n<p>Laikykit\u0117s skalbimo nurodym\u0173 etiket\u0117je, tam kad gal\u0117tum\u0117te drabu\u017eiu d\u017eiaugtis ilg\u0105 laik\u0105.<br \/>\nM\u0117gaukit\u0117s stiliumi ir patogumu, kuris suteikia papildom\u0105 malonum\u0105.<\/p>\n<p>Maksimali skalbimo temperat\u016bra 30\u00b0C.<br \/>\nNenaudokite baliklio.<br \/>\nNed\u017eiovinti automatin\u0117je d\u017eiovykl\u0117je.<br \/>\nGalima lyginti lygintuvu.<\/p>\n<p>Siuntimas gali u\u017etrukti 5-8 dienas.<br \/>\nPagaminta Turkijoje.<\/p>\n<\/div>\n","protected":false},"excerpt":{"rendered":"<p>30% Viloft, 30% Poliesteris, 35% Poliamidas, 5% Elastaneas.<\/p>\n<p>&nbsp;<\/p>\n<p>Doreanse apatiniai &#8211; tai puikus pasirinkimas kasdieniam d\u0117v\u0117jimui. Drabu\u017ei\u0173 audiniai yra nat\u016bral\u016bs, malon\u016bs lietimui, tinkamai priglunda prie k\u016bno. Yra platus spalv\u0173 ir dizain\u0173 pasirinkimas.<\/p>\n<p>Modelis nuotraukoje d\u0117vi M dyd\u012f.<\/p>\n<p>5 vnt. pakuot\u0117.<\/p>\n<p>&nbsp;<\/p>\n","protected":false},"featured_media":8755,"comment_status":"closed","ping_status":"closed","template":"","meta":[],"pwb-brand":[16],"product_brand":[],"product_cat":[81,39],"product_tag":[],"class_list":{"0":"post-8726","1":"product","2":"type-product","3":"status-publish","4":"has-post-thumbnail","6":"pwb-brand-doreanse","7":"product_cat-glaudes","8":"product_cat-termo-rubai-vyrams","10":"first","11":"instock","12":"shipping-taxable","13":"purchasable","14":"product-type-variable","15":"has-default-attributes"},"aioseo_notices":[],"brands":[{"id":16,"name":"Doreanse","slug":"doreanse"}],"_links":{"self":[{"href":"https:\/\/www.stildepo.com\/lt\/wp-json\/wp\/v2\/product\/8726","targetHints":{"allow":["GET"]}}],"collection":[{"href":"https:\/\/www.stildepo.com\/lt\/wp-json\/wp\/v2\/product"}],"about":[{"href":"https:\/\/www.stildepo.com\/lt\/wp-json\/wp\/v2\/types\/product"}],"replies":[{"embeddable":true,"href":"https:\/\/www.stildepo.com\/lt\/wp-json\/wp\/v2\/comments?post=8726"}],"wp:featuredmedia":[{"embeddable":true,"href":"https:\/\/www.stildepo.com\/lt\/wp-json\/wp\/v2\/media\/8755"}],"wp:attachment":[{"href":"https:\/\/www.stildepo.com\/lt\/wp-json\/wp\/v2\/media?parent=8726"}],"wp:term":[{"taxonomy":"pwb-brand","embeddable":true,"href":"https:\/\/www.stildepo.com\/lt\/wp-json\/wp\/v2\/pwb-brand?post=8726"},{"taxonomy":"product_brand","embeddable":true,"href":"https:\/\/www.stildepo.com\/lt\/wp-json\/wp\/v2\/product_brand?post=8726"},{"taxonomy":"product_cat","embeddable":true,"href":"https:\/\/www.stildepo.com\/lt\/wp-json\/wp\/v2\/product_cat?post=8726"},{"taxonomy":"product_tag","embeddable":true,"href":"https:\/\/www.stildepo.com\/lt\/wp-json\/wp\/v2\/product_tag?post=8726"}],"curies":[{"name":"wp","href":"https:\/\/api.w.org\/{rel}","templated":true}]}}