{"id":8604,"date":"2023-01-27T18:06:10","date_gmt":"2023-01-27T18:06:10","guid":{"rendered":"https:\/\/www.stildepo.com\/lt\/?post_type=product&#038;p=8604"},"modified":"2023-03-20T14:40:22","modified_gmt":"2023-03-20T14:40:22","slug":"doreanse-vyriski-modalo-medvilnes-apatiniai-glaudes-iprastinio-ilgio-5-vnt-juodos-spalvos","status":"publish","type":"product","link":"https:\/\/www.stildepo.com\/lt\/doreanse-vyriski-modalo-medvilnes-apatiniai-glaudes-iprastinio-ilgio-5-vnt-juodos-spalvos\/","title":{"rendered":"Doreanse vyri\u0161ki modalo-medviln\u0117s apatiniai glaud\u0117s, \u012fprastinio ilgio, 5 vnt., juodos spalvos"},"content":{"rendered":"<div><strong>Doreanse vyri\u0161ki modalo-medviln\u0117s apatiniai &#8211; glaud\u0117s. \u012eprastinio ilgio. 5 vnt. pakuot\u0117.<\/strong><\/div>\n<div><\/div>\n<div>Doreanse vyri\u0161ki apatiniai yra idealus pasirinkimas kasdieniam d\u0117v\u0117jimui d\u0117l j\u0173 patogumo ir formas palaikan\u010di\u0173 savybi\u0173. Pagaminti i\u0161 mink\u0161o ir lengvo modalo-medviln\u0117s audinio. Lengvai priglunda prie k\u016bno ir nevar\u017eo judesi\u0173. Pagaminti i\u0161 nat\u016bralios med\u017eiagos, yra pralaid\u016bs orui, lengvai sugeriantys dr\u0117gm\u0119 ir patvar\u016bs. Pastebimai ma\u017eiau prakaito, ma\u017eiau blogo kvapo ir daugiau patogumo.<\/div>\n<div><\/div>\n<div>Kasdieniniam d\u0117v\u0117jimui, patog\u016bs, modernaus dizaino apatiniai.<\/div>\n<ul>\n<li>Plonas ir lengvas audinys.<\/li>\n<li>Specialaus sukibimo si\u016bl\u0117s.<\/li>\n<li>Stilingi ir patog\u016bs.<\/li>\n<li>Sugeriantys dr\u0117gm\u0119, neleid\u017eia dr\u0117gmei kauptis ant k\u016bno.<\/li>\n<li>Patvar\u016bs, nedylantys.<\/li>\n<li>Neleid\u017eia k\u016bnui perkaisti.<\/li>\n<li>Nesielektrina.<\/li>\n<\/ul>\n<div>Doreanse &#8211; geriausia, ko galite tik\u0117tis i\u0161 apatini\u0173 drabu\u017ei\u0173.<\/div>\n<div>\n<p>Laikykit\u0117s skalbimo nurodym\u0173 etiket\u0117je, tam kad gal\u0117tum\u0117te drabu\u017eiu d\u017eiaugtis ilg\u0105 laik\u0105.<br \/>\nM\u0117gaukit\u0117s stiliumi ir patogumu, kuris suteikia papildom\u0105 malonum\u0105.<\/p>\n<p>Maksimali skalbimo temperat\u016bra 30\u00b0C.<br \/>\nNenaudokite baliklio.<br \/>\nNed\u017eiovinti automatin\u0117je d\u017eiovykl\u0117je.<br \/>\nGalima lyginti lygintuvu.<\/p>\n<p>Siuntimas gali u\u017etrukti 5-8 dienas.<br \/>\nPagaminta Turkijoje.<\/p>\n<\/div>\n","protected":false},"excerpt":{"rendered":"<p>45% Modalas, 45% Medviln\u0117, 10% Elastanas.<\/p>\n<p>Doreanse apatiniai &#8211; tai puikus pasirinkimas kasdieniam d\u0117v\u0117jimui. Drabu\u017ei\u0173 audiniai yra nat\u016bral\u016bs, malon\u016bs lietimui, tinkamai priglunda prie k\u016bno. Yra platus spalv\u0173 ir dizain\u0173 pasirinkimas.<\/p>\n<p>Modelis nuotraukoje d\u0117vi M dyd\u012f.<\/p>\n<p><img loading=\"lazy\" decoding=\"async\" class=\"alignnone size-full wp-image-3619\" src=\"https:\/\/www.stildepo.com\/en\/wp-content\/uploads\/2022\/08\/doreanse_ic_giyim_yikama_talimati.jpg\" alt=\"doreanse_ic_giyim_yikama_talimati\" width=\"120\" height=\"22\" \/><\/p>\n","protected":false},"featured_media":5896,"comment_status":"closed","ping_status":"closed","template":"","meta":[],"pwb-brand":[16],"product_brand":[],"product_cat":[81],"product_tag":[],"class_list":{"0":"post-8604","1":"product","2":"type-product","3":"status-publish","4":"has-post-thumbnail","6":"pwb-brand-doreanse","7":"product_cat-glaudes","9":"first","10":"instock","11":"shipping-taxable","12":"purchasable","13":"product-type-variable","14":"has-default-attributes"},"aioseo_notices":[],"brands":[{"id":16,"name":"Doreanse","slug":"doreanse"}],"_links":{"self":[{"href":"https:\/\/www.stildepo.com\/lt\/wp-json\/wp\/v2\/product\/8604","targetHints":{"allow":["GET"]}}],"collection":[{"href":"https:\/\/www.stildepo.com\/lt\/wp-json\/wp\/v2\/product"}],"about":[{"href":"https:\/\/www.stildepo.com\/lt\/wp-json\/wp\/v2\/types\/product"}],"replies":[{"embeddable":true,"href":"https:\/\/www.stildepo.com\/lt\/wp-json\/wp\/v2\/comments?post=8604"}],"wp:featuredmedia":[{"embeddable":true,"href":"https:\/\/www.stildepo.com\/lt\/wp-json\/wp\/v2\/media\/5896"}],"wp:attachment":[{"href":"https:\/\/www.stildepo.com\/lt\/wp-json\/wp\/v2\/media?parent=8604"}],"wp:term":[{"taxonomy":"pwb-brand","embeddable":true,"href":"https:\/\/www.stildepo.com\/lt\/wp-json\/wp\/v2\/pwb-brand?post=8604"},{"taxonomy":"product_brand","embeddable":true,"href":"https:\/\/www.stildepo.com\/lt\/wp-json\/wp\/v2\/product_brand?post=8604"},{"taxonomy":"product_cat","embeddable":true,"href":"https:\/\/www.stildepo.com\/lt\/wp-json\/wp\/v2\/product_cat?post=8604"},{"taxonomy":"product_tag","embeddable":true,"href":"https:\/\/www.stildepo.com\/lt\/wp-json\/wp\/v2\/product_tag?post=8604"}],"curies":[{"name":"wp","href":"https:\/\/api.w.org\/{rel}","templated":true}]}}