{"id":8603,"date":"2023-01-27T18:05:42","date_gmt":"2023-01-27T18:05:42","guid":{"rendered":"https:\/\/www.stildepo.com\/lt\/?post_type=product&#038;p=8603"},"modified":"2023-03-31T09:15:43","modified_gmt":"2023-03-31T09:15:43","slug":"doreanse-medvilnines-vyriskos-glaudes-su-sagutemis-iprastinio-ilgio-5-vnt-2","status":"publish","type":"product","link":"https:\/\/www.stildepo.com\/lt\/doreanse-medvilnines-vyriskos-glaudes-su-sagutemis-iprastinio-ilgio-5-vnt-2\/","title":{"rendered":"Doreanse medvilnin\u0117s vyri\u0161kos glaud\u0117s, su sagut\u0117mis, \u012fprastinio ilgio, 5 vnt."},"content":{"rendered":"<div><strong>Doreanse medvilnin\u0117s vyri\u0161kos glaud\u0117s, su sagut\u0117mis, \u012fprastinio ilgio.<\/strong><\/div>\n<ul>\n<li>Nat\u016brali, 100% medviln\u0117s med\u017eiaga.<\/li>\n<li>Medviln\u0117 &#8211; tai nat\u016bralus augalinis pluo\u0161tas.<\/li>\n<li>Apsaugo nuo nepageidaujamo prakaito, neleid\u017eia jam kauptis po drabu\u017eiais.<\/li>\n<li>Lengvai sugeria dr\u0117gm\u0119, palaiko tinkam\u0105 dr\u0117gm\u0117s ir oro balans\u0105.<\/li>\n<li>Nedirgina odos.<\/li>\n<li>Neleid\u017eia k\u016bnui perkaisti.<\/li>\n<\/ul>\n<div>Doreanse glaud\u0117s tinkamos kasdieniam d\u0117v\u0117jimui, nevar\u017ean\u010dios k\u016bno laisv\u0117s. D\u0117ka kokybi\u0161ko audinio &#8211; glaud\u0117s priglunda prie k\u016bno itin maloniai, neslankioja ir suteikia komforto jausm\u0105. Malonus lietimui, mink\u0161tas audinys, nesukelia nie\u017eulio, nedirgina odos. Patvarios, i\u0161lieka kokybi\u0161kos net ir po daugelio skalbim\u0173. Puikus stiliaus, komforto ir kokyb\u0117s derinys.<\/div>\n<div><\/div>\n<div>Pagamintos i\u0161 sertifikuot\u0173, sveikatai palanki\u0173 med\u017eiag\u0173.<\/div>\n<div><\/div>\n<div>\n<div>\n<div><span style=\"color: #555555\">Doreanse &#8211; geriausia, ko galite tik\u0117tis i\u0161 apatini\u0173 drabu\u017ei\u0173.<\/span><\/div>\n<\/div>\n<div>\n<p>Laikykit\u0117s skalbimo nurodym\u0173 etiket\u0117je, tam kad gal\u0117tum\u0117te drabu\u017eiu d\u017eiaugtis ilg\u0105 laik\u0105.<br \/>\nM\u0117gaukit\u0117s stiliumi ir patogumu, kuris suteikia papildom\u0105 malonum\u0105.<\/p>\n<p>Maksimali skalbimo temperat\u016bra 30\u00b0C.<br \/>\nNenaudokite baliklio.<br \/>\nNed\u017eiovinti automatin\u0117je d\u017eiovykl\u0117je.<br \/>\nGalima lyginti lygintuvu.<\/p>\n<p>Siuntimas gali u\u017etrukti 5-8 dienas.<br \/>\nPagaminta Turkijoje.<\/p>\n<\/div>\n<\/div>\n","protected":false},"excerpt":{"rendered":"<p>100% Medviln\u0117.<\/p>\n<p>Doreanse apatiniai &#8211; tai puikus pasirinkimas kasdieniam d\u0117v\u0117jimui. Drabu\u017ei\u0173 audiniai yra nat\u016bral\u016bs, malon\u016bs lietimui, tinkamai priglunda prie k\u016bno. Yra platus spalv\u0173 ir dizain\u0173 pasirinkimas.<\/p>\n<p>Modelis nuotraukoje d\u0117vi M dyd\u012f.<\/p>\n<p>5 vnt. pakuot\u0117.<\/p>\n<p><img loading=\"lazy\" decoding=\"async\" class=\"alignnone size-full wp-image-3619\" src=\"https:\/\/www.stildepo.com\/en\/wp-content\/uploads\/2022\/08\/doreanse_ic_giyim_yikama_talimati.jpg\" alt=\"doreanse_ic_giyim_yikama_talimati\" width=\"120\" height=\"22\" \/><\/p>\n","protected":false},"featured_media":1861,"comment_status":"closed","ping_status":"closed","template":"","meta":[],"pwb-brand":[16],"product_brand":[],"product_cat":[81],"product_tag":[],"class_list":{"0":"post-8603","1":"product","2":"type-product","3":"status-publish","4":"has-post-thumbnail","6":"pwb-brand-doreanse","7":"product_cat-glaudes","9":"first","10":"instock","11":"shipping-taxable","12":"purchasable","13":"product-type-variable"},"aioseo_notices":[],"brands":[{"id":16,"name":"Doreanse","slug":"doreanse"}],"_links":{"self":[{"href":"https:\/\/www.stildepo.com\/lt\/wp-json\/wp\/v2\/product\/8603","targetHints":{"allow":["GET"]}}],"collection":[{"href":"https:\/\/www.stildepo.com\/lt\/wp-json\/wp\/v2\/product"}],"about":[{"href":"https:\/\/www.stildepo.com\/lt\/wp-json\/wp\/v2\/types\/product"}],"replies":[{"embeddable":true,"href":"https:\/\/www.stildepo.com\/lt\/wp-json\/wp\/v2\/comments?post=8603"}],"wp:featuredmedia":[{"embeddable":true,"href":"https:\/\/www.stildepo.com\/lt\/wp-json\/wp\/v2\/media\/1861"}],"wp:attachment":[{"href":"https:\/\/www.stildepo.com\/lt\/wp-json\/wp\/v2\/media?parent=8603"}],"wp:term":[{"taxonomy":"pwb-brand","embeddable":true,"href":"https:\/\/www.stildepo.com\/lt\/wp-json\/wp\/v2\/pwb-brand?post=8603"},{"taxonomy":"product_brand","embeddable":true,"href":"https:\/\/www.stildepo.com\/lt\/wp-json\/wp\/v2\/product_brand?post=8603"},{"taxonomy":"product_cat","embeddable":true,"href":"https:\/\/www.stildepo.com\/lt\/wp-json\/wp\/v2\/product_cat?post=8603"},{"taxonomy":"product_tag","embeddable":true,"href":"https:\/\/www.stildepo.com\/lt\/wp-json\/wp\/v2\/product_tag?post=8603"}],"curies":[{"name":"wp","href":"https:\/\/api.w.org\/{rel}","templated":true}]}}