{"id":8601,"date":"2023-01-27T18:05:40","date_gmt":"2023-01-27T18:05:40","guid":{"rendered":"https:\/\/www.stildepo.com\/lt\/?post_type=product&#038;p=8601"},"modified":"2023-03-20T13:30:23","modified_gmt":"2023-03-20T13:30:23","slug":"doreanse-vyriskos-glaudes-medvilnines-5-vnt-pakuote-juodos","status":"publish","type":"product","link":"https:\/\/www.stildepo.com\/lt\/doreanse-vyriskos-glaudes-medvilnines-5-vnt-pakuote-juodos\/","title":{"rendered":"Doreanse vyri\u0161kos glaud\u0117s, medvilnin\u0117s, 5 vnt. pakuot\u0117, juodos"},"content":{"rendered":"<p><strong>Doreanse vyri\u0161kos glaud\u0117s, medvilnin\u0117s, 5 vnt. pakuot\u0117, juodos.<\/strong><\/p>\n<p>Doreanse vyri\u0161ki apatiniai yra idealus pasirinkimas kasdieniam d\u0117v\u0117jimui d\u0117l j\u0173 patogumo ir funkcionalumo. Pagaminti i\u0161 nat\u016bralios med\u017eiagos &#8211; \u0161ukuotos medviln\u0117s &#8211; tod\u0117l yra itin mink\u0161ti ir malon\u016bs lietimui. D\u0117l j\u0173 atitinkamo dizaino &#8211; apatiniai nevar\u017eo judesi\u0173, nedirgina odos, nespaud\u017eia k\u016bno. Pralaid\u016bs orui, lengvai sugeriantys dr\u0117gm\u0119 ir patvar\u016bs. Pastebimai ma\u017eiau prakaito, ma\u017eiau blogo kvapo ir daugiau patogumo.<\/p>\n<ul>\n<li>I\u0161skirtinai patogios.<\/li>\n<li>Laisvesnio dizaino.<\/li>\n<li>Su sagut\u0117mis priekyje.<\/li>\n<li>Nesukelia nemalonios trinties d\u0117vint.<\/li>\n<li>Pralaid\u016bs dr\u0117gmei, tod\u0117l i\u0161laiko J\u016bs\u0173 k\u016bn\u0105 saus\u0105.<\/li>\n<li>Neleid\u017eia susidaryti prakaitui.<\/li>\n<\/ul>\n<p>Doreanse &#8211; geriausia, ko galite tik\u0117tis i\u0161 apatini\u0173 drabu\u017ei\u0173.<\/p>\n<p>Laikykit\u0117s skalbimo nurodym\u0173 etiket\u0117je, tam kad gal\u0117tum\u0117te drabu\u017eiu d\u017eiaugtis ilg\u0105 laik\u0105.<br \/>\nM\u0117gaukit\u0117s stiliumi ir patogumu, kuris suteikia papildom\u0105 malonum\u0105.<\/p>\n<p>Maksimali skalbimo temperat\u016bra 30\u00b0C.<br \/>\nNenaudokite baliklio.<br \/>\nNed\u017eiovinti automatin\u0117je d\u017eiovykl\u0117je.<br \/>\nGalima lyginti lygintuvu.<\/p>\n<p>Siuntimas gali u\u017etrukti 5-8 dienas.<br \/>\nPagaminta Turkijoje.<\/p>\n","protected":false},"excerpt":{"rendered":"<p>100% Medviln\u0117.<\/p>\n<p>Doreanse apatiniai &#8211; tai puikus pasirinkimas kasdieniam d\u0117v\u0117jimui. Drabu\u017ei\u0173 audiniai yra nat\u016bral\u016bs, malon\u016bs lietimui, tinkamai priglunda prie k\u016bno. Yra platus \u012fvairi\u0173 spalv\u0173 ir dizain\u0173 pasirinkimas.<\/p>\n<p><img loading=\"lazy\" decoding=\"async\" class=\"alignnone size-full wp-image-3619\" src=\"https:\/\/www.stildepo.com\/en\/wp-content\/uploads\/2022\/08\/doreanse_ic_giyim_yikama_talimati.jpg\" alt=\"doreanse_ic_giyim_yikama_talimati\" width=\"120\" height=\"22\" \/><\/p>\n","protected":false},"featured_media":2694,"comment_status":"closed","ping_status":"closed","template":"","meta":[],"pwb-brand":[16],"product_brand":[],"product_cat":[81],"product_tag":[],"class_list":{"0":"post-8601","1":"product","2":"type-product","3":"status-publish","4":"has-post-thumbnail","6":"pwb-brand-doreanse","7":"product_cat-glaudes","9":"first","10":"instock","11":"shipping-taxable","12":"purchasable","13":"product-type-variable","14":"has-default-attributes"},"aioseo_notices":[],"brands":[{"id":16,"name":"Doreanse","slug":"doreanse"}],"_links":{"self":[{"href":"https:\/\/www.stildepo.com\/lt\/wp-json\/wp\/v2\/product\/8601","targetHints":{"allow":["GET"]}}],"collection":[{"href":"https:\/\/www.stildepo.com\/lt\/wp-json\/wp\/v2\/product"}],"about":[{"href":"https:\/\/www.stildepo.com\/lt\/wp-json\/wp\/v2\/types\/product"}],"replies":[{"embeddable":true,"href":"https:\/\/www.stildepo.com\/lt\/wp-json\/wp\/v2\/comments?post=8601"}],"wp:featuredmedia":[{"embeddable":true,"href":"https:\/\/www.stildepo.com\/lt\/wp-json\/wp\/v2\/media\/2694"}],"wp:attachment":[{"href":"https:\/\/www.stildepo.com\/lt\/wp-json\/wp\/v2\/media?parent=8601"}],"wp:term":[{"taxonomy":"pwb-brand","embeddable":true,"href":"https:\/\/www.stildepo.com\/lt\/wp-json\/wp\/v2\/pwb-brand?post=8601"},{"taxonomy":"product_brand","embeddable":true,"href":"https:\/\/www.stildepo.com\/lt\/wp-json\/wp\/v2\/product_brand?post=8601"},{"taxonomy":"product_cat","embeddable":true,"href":"https:\/\/www.stildepo.com\/lt\/wp-json\/wp\/v2\/product_cat?post=8601"},{"taxonomy":"product_tag","embeddable":true,"href":"https:\/\/www.stildepo.com\/lt\/wp-json\/wp\/v2\/product_tag?post=8601"}],"curies":[{"name":"wp","href":"https:\/\/api.w.org\/{rel}","templated":true}]}}