{"id":8440,"date":"2023-01-27T17:56:22","date_gmt":"2023-01-27T17:56:22","guid":{"rendered":"https:\/\/www.stildepo.com\/lt\/?post_type=product&#038;p=8440"},"modified":"2023-03-20T12:42:19","modified_gmt":"2023-03-20T12:42:19","slug":"doreanse-vyriskos-glaudes-bambuko-ir-lycra-audinys-3-vnt-pakuote-pilkos-spalvos","status":"publish","type":"product","link":"https:\/\/www.stildepo.com\/lt\/doreanse-vyriskos-glaudes-bambuko-ir-lycra-audinys-3-vnt-pakuote-pilkos-spalvos\/","title":{"rendered":"Doreanse vyri\u0161kos glaud\u0117s, bambuko ir lycra audinys, 3 vnt. pakuot\u0117, pilkos spalvos"},"content":{"rendered":"<p><strong>Doreanse vyri\u0161kos glaud\u0117s, 3 vnt. pakuot\u0117, pilkos spalvos.<\/strong><\/p>\n<p>Doreanse vyri\u0161ki apatiniai yra idealus pasirinkimas kasdieniam d\u0117v\u0117jimui d\u0117l j\u0173 patogumo ir formas palaikan\u010di\u0173 savybi\u0173. Lengvai priglunda prie k\u016bno ir nevar\u017eo judesi\u0173. Pagaminti i\u0161 nat\u016bralios med\u017eiagos, yra pralaid\u016bs orui, lengvai sugeriantys dr\u0117gm\u0119 ir patvar\u016bs. Pastebimai ma\u017eiau prakaito, ma\u017eiau blogo kvapo ir daugiau patogumo.<\/p>\n<ul>\n<li>I\u0161skirtinai patogios ir palaikan\u010dios formas.<\/li>\n<li>Nesukelia nemalonios trinties d\u0117vint.<\/li>\n<li>Pralaid\u016bs dr\u0117gmei, tod\u0117l i\u0161laiko J\u016bs\u0173 k\u016bn\u0105 saus\u0105.<\/li>\n<li>Neleid\u017eia susidaryti prakaitui.<\/li>\n<\/ul>\n<p>Doreanse &#8211; geriausia, ko galite tik\u0117tis i\u0161 apatini\u0173 drabu\u017ei\u0173.<\/p>\n<p>Laikykit\u0117s skalbimo nurodym\u0173 etiket\u0117je, tam kad gal\u0117tum\u0117te drabu\u017eiu d\u017eiaugtis ilg\u0105 laik\u0105.<br \/>\nM\u0117gaukit\u0117s stiliumi ir patogumu, kuris suteikia papildom\u0105 malonum\u0105.<\/p>\n<p>Maksimali skalbimo temperat\u016bra 30\u00b0C.<br \/>\nNenaudokite baliklio.<br \/>\nNed\u017eiovinti automatin\u0117je d\u017eiovykl\u0117je.<br \/>\nGalima lyginti lygintuvu.<\/p>\n<p>Siuntimas gali u\u017etrukti 5-8 dienas.<br \/>\nPagaminta Turkijoje.<\/p>\n","protected":false},"excerpt":{"rendered":"<p>62% Bambuko medviln\u0117, 30% Viskoz\u0117, 8% Lycra.<\/p>\n<p>Doreanse apatiniai &#8211; tai puikus pasirinkimas kasdieniam d\u0117v\u0117jimui. Drabu\u017ei\u0173 audiniai yra nat\u016bral\u016bs, malon\u016bs lietimui, tinkamai priglunda prie k\u016bno. Yra platus spalv\u0173 ir dizain\u0173 pasirinkimas.<\/p>\n<p><img loading=\"lazy\" decoding=\"async\" class=\"alignnone size-full wp-image-3619\" src=\"https:\/\/www.stildepo.com\/en\/wp-content\/uploads\/2022\/08\/doreanse_ic_giyim_yikama_talimati.jpg\" alt=\"doreanse_ic_giyim_yikama_talimati\" width=\"120\" height=\"22\" \/><\/p>\n","protected":false},"featured_media":4036,"comment_status":"closed","ping_status":"closed","template":"","meta":[],"pwb-brand":[16],"product_brand":[],"product_cat":[81],"product_tag":[],"class_list":{"0":"post-8440","1":"product","2":"type-product","3":"status-publish","4":"has-post-thumbnail","6":"pwb-brand-doreanse","7":"product_cat-glaudes","9":"first","10":"instock","11":"shipping-taxable","12":"purchasable","13":"product-type-variable","14":"has-default-attributes"},"aioseo_notices":[],"brands":[{"id":16,"name":"Doreanse","slug":"doreanse"}],"_links":{"self":[{"href":"https:\/\/www.stildepo.com\/lt\/wp-json\/wp\/v2\/product\/8440","targetHints":{"allow":["GET"]}}],"collection":[{"href":"https:\/\/www.stildepo.com\/lt\/wp-json\/wp\/v2\/product"}],"about":[{"href":"https:\/\/www.stildepo.com\/lt\/wp-json\/wp\/v2\/types\/product"}],"replies":[{"embeddable":true,"href":"https:\/\/www.stildepo.com\/lt\/wp-json\/wp\/v2\/comments?post=8440"}],"wp:featuredmedia":[{"embeddable":true,"href":"https:\/\/www.stildepo.com\/lt\/wp-json\/wp\/v2\/media\/4036"}],"wp:attachment":[{"href":"https:\/\/www.stildepo.com\/lt\/wp-json\/wp\/v2\/media?parent=8440"}],"wp:term":[{"taxonomy":"pwb-brand","embeddable":true,"href":"https:\/\/www.stildepo.com\/lt\/wp-json\/wp\/v2\/pwb-brand?post=8440"},{"taxonomy":"product_brand","embeddable":true,"href":"https:\/\/www.stildepo.com\/lt\/wp-json\/wp\/v2\/product_brand?post=8440"},{"taxonomy":"product_cat","embeddable":true,"href":"https:\/\/www.stildepo.com\/lt\/wp-json\/wp\/v2\/product_cat?post=8440"},{"taxonomy":"product_tag","embeddable":true,"href":"https:\/\/www.stildepo.com\/lt\/wp-json\/wp\/v2\/product_tag?post=8440"}],"curies":[{"name":"wp","href":"https:\/\/api.w.org\/{rel}","templated":true}]}}