{"id":8412,"date":"2023-01-27T17:55:23","date_gmt":"2023-01-27T17:55:23","guid":{"rendered":"https:\/\/www.stildepo.com\/lt\/?post_type=product&#038;p=8412"},"modified":"2023-04-01T10:00:24","modified_gmt":"2023-04-01T10:00:24","slug":"doreanse-vyriski-apatiniai-berankoviai-marskineliai-su-gilia-apykakle-2-vnt-pakuote-juodi","status":"publish","type":"product","link":"https:\/\/www.stildepo.com\/lt\/doreanse-vyriski-apatiniai-berankoviai-marskineliai-su-gilia-apykakle-2-vnt-pakuote-juodi\/","title":{"rendered":"Doreanse vyri\u0161ki apatiniai berankoviai mar\u0161kin\u0117liai su gilia apykakle, 2 vnt. pakuot\u0117, juodi"},"content":{"rendered":"<p><strong>Doreanse vyri\u0161ki apatiniai berankoviai mar\u0161kin\u0117liai su gilia apykakle, 2 vnt. pakuot\u0117, juodi.<\/strong><\/p>\n<p>Vyri\u0161ki apatiniai medvilniniai mar\u0161kin\u0117liai yra pagaminti 90% i\u0161 \u0161velnios medviln\u0117s, u\u017etikrinan\u010dios komfort\u0105 visai dienai. Kont\u016bruojantis dizainas tvirtai i\u0161laiko audin\u012f prie k\u016bno, net kai judate. Nedirgina odos, nesukelia diskomforto. Prailginto modelio Doreanse apatiniai mar\u0161kin\u0117liai idealiai tinka aktyviai judantiems ar didesni\u0173 apim\u010di\u0173 vyrams. Nesunkiai u\u017eki\u0161ite mar\u0161kin\u0117lius po keln\u0117mis ir jie stabiliai i\u0161silaikys tokioje pad\u0117tyje.<\/p>\n<p>Puikiai tinka sporto sal\u0117je, kasdieniam naudojimui arba tiesiog d\u0117v\u0117ti po J\u016bs\u0173 m\u0117gstamais vir\u0161utiniais drabu\u017eiais. Jauskit\u0117s u\u017etikrintai bet koki\u0173 treniruo\u010di\u0173 metu.<\/p>\n<ul>\n<li>Apvali kaklo i\u0161kirpt\u0117.<\/li>\n<li>Klasikinis, sportinis stilius.<\/li>\n<li>Pralaidi orui med\u017eiaga.<\/li>\n<li>Dr\u0117gm\u0119 sugerian\u010dios s\u0105vyb\u0117s i\u0161laiko k\u016bn\u0105 saus\u0105 ir neleid\u017eia perkaisti.<\/li>\n<li>Patvar\u016bs, nenusid\u0117vi net ir po keleto skalbim\u0173.<\/li>\n<li>Apsaugo nuo prakaito kaupimosi, bakterij\u0173 plitimo.<\/li>\n<\/ul>\n<p>Atsi\u017evelgdami \u012f J\u016bs\u0173 poreikius &#8211; mes optimizavome komforto lyg\u012f d\u0117vint \u0161iuos apatinius berankovius mar\u0161kin\u0117lius. Draugi\u0161ki odai, nedirgina jos, yra nat\u016bral\u016bs.<\/p>\n<p>Doreanse &#8211; geriausia, ko galite tik\u0117tis i\u0161 apatini\u0173 drabu\u017ei\u0173.<\/p>\n<p>Laikykit\u0117s skalbimo nurodym\u0173 etiket\u0117je, tam kad gal\u0117tum\u0117te drabu\u017eiu d\u017eiaugtis ilg\u0105 laik\u0105.<br \/>\nM\u0117gaukit\u0117s stiliumi ir patogumu, kuris suteikia papildom\u0105 malonum\u0105.<\/p>\n<p>Maksimali skalbimo temperat\u016bra 30\u00b0C.<br \/>\nNenaudokite baliklio.<br \/>\nNed\u017eiovinti automatin\u0117je d\u017eiovykl\u0117je.<br \/>\nGalima lyginti lygintuvu.<\/p>\n<p>Siuntimas gali u\u017etrukti 5-8 dienas.<br \/>\nPagaminta Turkijoje.<\/p>\n","protected":false},"excerpt":{"rendered":"<p>90% Medviln\u0117, 10% Elastanas.<\/p>\n<p>Modelis nuotraukoje d\u0117vi dyd\u012f M.<\/p>\n<p>Doreanse apatiniai berankoviai mar\u0161kin\u0117liai &#8211; puikus pasirinkimas kasdieniam d\u0117v\u0117jimui. Mar\u0161kin\u0117liai yra itin ploni, malon\u016bs lietimui, tinkamai priglunda prie k\u016bno. Yra \u012fvairi\u0173 spalv\u0173 ir modeli\u0173 pasirinkimas.<\/p>\n<p><img loading=\"lazy\" decoding=\"async\" class=\"alignnone size-full wp-image-3619\" src=\"https:\/\/www.stildepo.com\/en\/wp-content\/uploads\/2022\/08\/doreanse_ic_giyim_yikama_talimati.jpg\" alt=\"doreanse_ic_giyim_yikama_talimati\" width=\"120\" height=\"22\" \/><\/p>\n<p>&nbsp;<\/p>\n","protected":false},"featured_media":8428,"comment_status":"closed","ping_status":"closed","template":"","meta":[],"pwb-brand":[16],"product_brand":[],"product_cat":[80,79],"product_tag":[],"class_list":{"0":"post-8412","1":"product","2":"type-product","3":"status-publish","4":"has-post-thumbnail","6":"pwb-brand-doreanse","7":"product_cat-vyriski-apatiniai","8":"product_cat-vyriskos-maikutes","10":"first","11":"instock","12":"shipping-taxable","13":"purchasable","14":"product-type-variable"},"aioseo_notices":[],"brands":[{"id":16,"name":"Doreanse","slug":"doreanse"}],"_links":{"self":[{"href":"https:\/\/www.stildepo.com\/lt\/wp-json\/wp\/v2\/product\/8412","targetHints":{"allow":["GET"]}}],"collection":[{"href":"https:\/\/www.stildepo.com\/lt\/wp-json\/wp\/v2\/product"}],"about":[{"href":"https:\/\/www.stildepo.com\/lt\/wp-json\/wp\/v2\/types\/product"}],"replies":[{"embeddable":true,"href":"https:\/\/www.stildepo.com\/lt\/wp-json\/wp\/v2\/comments?post=8412"}],"wp:featuredmedia":[{"embeddable":true,"href":"https:\/\/www.stildepo.com\/lt\/wp-json\/wp\/v2\/media\/8428"}],"wp:attachment":[{"href":"https:\/\/www.stildepo.com\/lt\/wp-json\/wp\/v2\/media?parent=8412"}],"wp:term":[{"taxonomy":"pwb-brand","embeddable":true,"href":"https:\/\/www.stildepo.com\/lt\/wp-json\/wp\/v2\/pwb-brand?post=8412"},{"taxonomy":"product_brand","embeddable":true,"href":"https:\/\/www.stildepo.com\/lt\/wp-json\/wp\/v2\/product_brand?post=8412"},{"taxonomy":"product_cat","embeddable":true,"href":"https:\/\/www.stildepo.com\/lt\/wp-json\/wp\/v2\/product_cat?post=8412"},{"taxonomy":"product_tag","embeddable":true,"href":"https:\/\/www.stildepo.com\/lt\/wp-json\/wp\/v2\/product_tag?post=8412"}],"curies":[{"name":"wp","href":"https:\/\/api.w.org\/{rel}","templated":true}]}}