{"id":646,"date":"2021-07-16T15:13:36","date_gmt":"2021-07-16T15:13:36","guid":{"rendered":"http:\/\/lt.stildepo.com\/?post_type=product&#038;p=646"},"modified":"2023-01-28T07:39:39","modified_gmt":"2023-01-28T07:39:39","slug":"pigios-vyriskos-maikutes","status":"publish","type":"product","link":"https:\/\/www.stildepo.com\/lt\/pigios-vyriskos-maikutes\/","title":{"rendered":"Pigios Vyri\u0161kos Maikut\u0117s"},"content":{"rendered":"","protected":false},"excerpt":{"rendered":"<p>Siunta i\u0161 Turkijos, atvyks per 5-8 dienas<\/p>\n","protected":false},"featured_media":648,"comment_status":"closed","ping_status":"closed","template":"","meta":[],"pwb-brand":[19],"product_brand":[],"product_cat":[76,79],"product_tag":[],"class_list":{"0":"post-646","1":"product","2":"type-product","3":"status-publish","4":"has-post-thumbnail","6":"pwb-brand-lux-drm","7":"product_cat-vyriski-drabuziai","8":"product_cat-vyriskos-maikutes","10":"first","11":"instock","12":"shipping-taxable","13":"purchasable","14":"product-type-variable"},"aioseo_notices":[],"brands":[{"id":19,"name":"Lux Drm","slug":"lux-drm"}],"_links":{"self":[{"href":"https:\/\/www.stildepo.com\/lt\/wp-json\/wp\/v2\/product\/646","targetHints":{"allow":["GET"]}}],"collection":[{"href":"https:\/\/www.stildepo.com\/lt\/wp-json\/wp\/v2\/product"}],"about":[{"href":"https:\/\/www.stildepo.com\/lt\/wp-json\/wp\/v2\/types\/product"}],"replies":[{"embeddable":true,"href":"https:\/\/www.stildepo.com\/lt\/wp-json\/wp\/v2\/comments?post=646"}],"wp:featuredmedia":[{"embeddable":true,"href":"https:\/\/www.stildepo.com\/lt\/wp-json\/wp\/v2\/media\/648"}],"wp:attachment":[{"href":"https:\/\/www.stildepo.com\/lt\/wp-json\/wp\/v2\/media?parent=646"}],"wp:term":[{"taxonomy":"pwb-brand","embeddable":true,"href":"https:\/\/www.stildepo.com\/lt\/wp-json\/wp\/v2\/pwb-brand?post=646"},{"taxonomy":"product_brand","embeddable":true,"href":"https:\/\/www.stildepo.com\/lt\/wp-json\/wp\/v2\/product_brand?post=646"},{"taxonomy":"product_cat","embeddable":true,"href":"https:\/\/www.stildepo.com\/lt\/wp-json\/wp\/v2\/product_cat?post=646"},{"taxonomy":"product_tag","embeddable":true,"href":"https:\/\/www.stildepo.com\/lt\/wp-json\/wp\/v2\/product_tag?post=646"}],"curies":[{"name":"wp","href":"https:\/\/api.w.org\/{rel}","templated":true}]}}