{"id":5627,"date":"2023-01-27T16:45:01","date_gmt":"2023-01-27T16:45:01","guid":{"rendered":"https:\/\/www.stildepo.com\/lt\/?post_type=product&#038;p=5627"},"modified":"2023-01-28T11:41:01","modified_gmt":"2023-01-28T11:41:01","slug":"doreanse-tulle-inserts-boxer-brief-underwear-1562-sax-blue","status":"publish","type":"product","link":"https:\/\/www.stildepo.com\/lt\/doreanse-tulle-inserts-boxer-brief-underwear-1562-sax-blue\/","title":{"rendered":"Doreanse Tulle Inserts Boxer Brief Underwear 1562 Sax Blue"},"content":{"rendered":"<p><strong>Erkek T\u00fcl Detayl\u0131 Marka Bask\u0131 Bel Bantl\u0131 Boxer\u00a0<\/strong><\/p>\n<p>&nbsp;<\/p>\n<p>Seksi pozlar ve stil sunmak i\u00e7in tasarlanm\u0131\u015ft\u0131r. Seksi g\u00f6r\u00fcnmek isteyen erkeklerin tercih etti\u011fi en trend\u00a0boxer tasar\u0131m\u0131<\/p>\n<p>Modern erke\u011fin g\u00fcnl\u00fck ihtiya\u00e7lar\u0131ndan ve \u00e7ok cesur tasar\u0131mlara kadar tam anlam\u0131yla bireyselli\u011fini istedi\u011fi gibi ya\u015fayabilece\u011fi koleksiyondur.<\/p>\n<p><strong>Doreanse Erkek Fantezi Boxer,<\/strong>\u00a0\u00e7ekici tasar\u0131mlar, \u00e7ekici renklerde be\u011feninize sunuyor.<\/p>\n<p><strong>Doreanse Erkek Fantezi\u00a0Boxer,<\/strong>\u00a0sportif \u00e7izgiler, modern ve marka bask\u0131l\u0131\u00a0bel band\u0131 hareket k\u0131s\u0131tlamayan tasar\u0131mlarla bulu\u015fturuyor.<\/p>\n<p>Kal\u00e7an\u0131za rahat bir \u015fekilde oturan\u00a0tasar\u0131m. Erkeklere y\u00f6nelik bu hafif boxer, v\u00fccudu a\u00e7\u0131\u011fa \u00e7\u0131karan t\u00fcl malzeme kullan\u0131l\u0131yor.<\/p>\n<p>&nbsp;<\/p>\n<ul>\n<li>Parlak ve dayan\u0131kl\u0131<\/li>\n<li>Serin kalman\u0131z\u0131 sa\u011flar.<\/li>\n<li>Hafif ve nefes alabilir<\/li>\n<\/ul>\n","protected":false},"excerpt":{"rendered":"<p>85% Polyamide 15% Elastane<br \/>\nThe product on the mannequin is size M (42).<br \/>\nTulle Detail, Doreanse Brand Printed Waistband.<\/p>\n<p><img loading=\"lazy\" decoding=\"async\" class=\"alignnone size-full wp-image-3619\" src=\"https:\/\/www.stildepo.com\/en\/wp-content\/uploads\/2022\/08\/doreanse_ic_giyim_yikama_talimati.jpg\" alt=\"doreanse_ic_giyim_yikama_talimati\" width=\"120\" height=\"22\" \/><\/p>\n","protected":false},"featured_media":5639,"comment_status":"closed","ping_status":"closed","template":"","meta":[],"pwb-brand":[],"product_brand":[],"product_cat":[81],"product_tag":[],"class_list":{"0":"post-5627","1":"product","2":"type-product","3":"status-publish","4":"has-post-thumbnail","6":"product_cat-glaudes","8":"first","9":"instock","10":"shipping-taxable","11":"purchasable","12":"product-type-variable","13":"has-default-attributes"},"aioseo_notices":[],"brands":[],"_links":{"self":[{"href":"https:\/\/www.stildepo.com\/lt\/wp-json\/wp\/v2\/product\/5627","targetHints":{"allow":["GET"]}}],"collection":[{"href":"https:\/\/www.stildepo.com\/lt\/wp-json\/wp\/v2\/product"}],"about":[{"href":"https:\/\/www.stildepo.com\/lt\/wp-json\/wp\/v2\/types\/product"}],"replies":[{"embeddable":true,"href":"https:\/\/www.stildepo.com\/lt\/wp-json\/wp\/v2\/comments?post=5627"}],"wp:featuredmedia":[{"embeddable":true,"href":"https:\/\/www.stildepo.com\/lt\/wp-json\/wp\/v2\/media\/5639"}],"wp:attachment":[{"href":"https:\/\/www.stildepo.com\/lt\/wp-json\/wp\/v2\/media?parent=5627"}],"wp:term":[{"taxonomy":"pwb-brand","embeddable":true,"href":"https:\/\/www.stildepo.com\/lt\/wp-json\/wp\/v2\/pwb-brand?post=5627"},{"taxonomy":"product_brand","embeddable":true,"href":"https:\/\/www.stildepo.com\/lt\/wp-json\/wp\/v2\/product_brand?post=5627"},{"taxonomy":"product_cat","embeddable":true,"href":"https:\/\/www.stildepo.com\/lt\/wp-json\/wp\/v2\/product_cat?post=5627"},{"taxonomy":"product_tag","embeddable":true,"href":"https:\/\/www.stildepo.com\/lt\/wp-json\/wp\/v2\/product_tag?post=5627"}],"curies":[{"name":"wp","href":"https:\/\/api.w.org\/{rel}","templated":true}]}}