{"id":259,"date":"2021-07-13T15:29:43","date_gmt":"2021-07-13T15:29:43","guid":{"rendered":"http:\/\/lt.stildepo.com\/?post_type=product&#038;p=259"},"modified":"2023-01-28T07:38:34","modified_gmt":"2023-01-28T07:38:34","slug":"sportines-tampres-aukstu-liemeniu","status":"publish","type":"product","link":"https:\/\/www.stildepo.com\/lt\/sportines-tampres-aukstu-liemeniu\/","title":{"rendered":"Sportin\u0117s Tampr\u0117s Auk\u0161tu Liemeniu"},"content":{"rendered":"","protected":false},"excerpt":{"rendered":"","protected":false},"featured_media":262,"comment_status":"closed","ping_status":"closed","template":"","meta":[],"pwb-brand":[18],"product_brand":[],"product_cat":[49,50,41,48],"product_tag":[],"class_list":{"0":"post-259","1":"product","2":"type-product","3":"status-publish","4":"has-post-thumbnail","6":"pwb-brand-kom","7":"product_cat-gymshark-tampres","8":"product_cat-kompresines-tampres","9":"product_cat-moteriski-drabuziai","10":"product_cat-tampres","12":"first","13":"outofstock","14":"shipping-taxable","15":"purchasable","16":"product-type-variable"},"aioseo_notices":[],"brands":[{"id":18,"name":"Kom","slug":"kom"}],"_links":{"self":[{"href":"https:\/\/www.stildepo.com\/lt\/wp-json\/wp\/v2\/product\/259","targetHints":{"allow":["GET"]}}],"collection":[{"href":"https:\/\/www.stildepo.com\/lt\/wp-json\/wp\/v2\/product"}],"about":[{"href":"https:\/\/www.stildepo.com\/lt\/wp-json\/wp\/v2\/types\/product"}],"replies":[{"embeddable":true,"href":"https:\/\/www.stildepo.com\/lt\/wp-json\/wp\/v2\/comments?post=259"}],"wp:featuredmedia":[{"embeddable":true,"href":"https:\/\/www.stildepo.com\/lt\/wp-json\/wp\/v2\/media\/262"}],"wp:attachment":[{"href":"https:\/\/www.stildepo.com\/lt\/wp-json\/wp\/v2\/media?parent=259"}],"wp:term":[{"taxonomy":"pwb-brand","embeddable":true,"href":"https:\/\/www.stildepo.com\/lt\/wp-json\/wp\/v2\/pwb-brand?post=259"},{"taxonomy":"product_brand","embeddable":true,"href":"https:\/\/www.stildepo.com\/lt\/wp-json\/wp\/v2\/product_brand?post=259"},{"taxonomy":"product_cat","embeddable":true,"href":"https:\/\/www.stildepo.com\/lt\/wp-json\/wp\/v2\/product_cat?post=259"},{"taxonomy":"product_tag","embeddable":true,"href":"https:\/\/www.stildepo.com\/lt\/wp-json\/wp\/v2\/product_tag?post=259"}],"curies":[{"name":"wp","href":"https:\/\/api.w.org\/{rel}","templated":true}]}}