{"id":1631,"date":"2022-09-03T12:31:36","date_gmt":"2022-09-03T12:31:36","guid":{"rendered":"https:\/\/www.stildepo.com\/lt\/?post_type=product&#038;p=1631"},"modified":"2023-01-28T07:40:51","modified_gmt":"2023-01-28T07:40:51","slug":"doreanse-vyriski-spalvingi-sortukai-prisma-1873","status":"publish","type":"product","link":"https:\/\/www.stildepo.com\/lt\/doreanse-vyriski-spalvingi-sortukai-prisma-1873\/","title":{"rendered":"Doreanse Vyri\u0161ki Spalvingi \u0161ortukai Prisma 1873"},"content":{"rendered":"<p>Doreanse vyri\u0161ki spalvingi \u0161ortukai Prisma.<\/p>\n<ul>\n<li>Patog\u016bs, kokybi\u0161ki apatinukai stilingiems vyrams.<\/li>\n<li>\u0160ortuk\u0173 sud\u0117tis &#8211; 45% medviln\u0117, 45% modalis, 10% likra.<\/li>\n<li>Trikota\u017eo gamintojas Doreanse.<\/li>\n<li>Galimi dyd\u017eiai &#8211; S\/M\/L\/XL.<\/li>\n<li>Apatinuk\u0173 spalva &#8211; spalvinga.<\/li>\n<\/ul>\n","protected":false},"excerpt":{"rendered":"<p>Siunta i\u0161 Turkijos, atvyks per 5-8 dienas<br \/>\nTrikota\u017eo gamintojas Doreanse.<br \/>\nApatinuk\u0173 spalva &#8211; kaip nuotraukoje.<br \/>\nPagaminta Turkija. Pateikiama d\u0117\u017eut\u0117je su prek\u0117s nuotrauka.<br \/>\n45% modalas, 45% medviln\u0117, 10% elastanas<br \/>\nPrek\u0117 ant manekeno yra M dyd\u017eio (42).<br \/>\n\u012eprastos kojos, Prisma ra\u0161tuotas, juosmuo<\/p>\n<p><img loading=\"lazy\" decoding=\"async\" class=\"alignnone size-full wp-image-1639\" src=\"https:\/\/www.stildepo.com\/lt\/wp-content\/uploads\/2022\/09\/doreanse_ic_giyim_yikama_talimati.jpg\" alt=\"y\u0131kama talimat\u0131\" width=\"120\" height=\"22\" \/><\/p>\n","protected":false},"featured_media":1638,"comment_status":"closed","ping_status":"closed","template":"","meta":[],"pwb-brand":[16],"product_brand":[],"product_cat":[81,131,82],"product_tag":[],"class_list":{"0":"post-1631","1":"product","2":"type-product","3":"status-publish","4":"has-post-thumbnail","6":"pwb-brand-doreanse","7":"product_cat-glaudes","8":"product_cat-sortukai-vyrams","9":"product_cat-vyriskos-kelnaites","11":"first","12":"instock","13":"shipping-taxable","14":"purchasable","15":"product-type-variable"},"aioseo_notices":[],"brands":[{"id":16,"name":"Doreanse","slug":"doreanse"}],"_links":{"self":[{"href":"https:\/\/www.stildepo.com\/lt\/wp-json\/wp\/v2\/product\/1631","targetHints":{"allow":["GET"]}}],"collection":[{"href":"https:\/\/www.stildepo.com\/lt\/wp-json\/wp\/v2\/product"}],"about":[{"href":"https:\/\/www.stildepo.com\/lt\/wp-json\/wp\/v2\/types\/product"}],"replies":[{"embeddable":true,"href":"https:\/\/www.stildepo.com\/lt\/wp-json\/wp\/v2\/comments?post=1631"}],"wp:featuredmedia":[{"embeddable":true,"href":"https:\/\/www.stildepo.com\/lt\/wp-json\/wp\/v2\/media\/1638"}],"wp:attachment":[{"href":"https:\/\/www.stildepo.com\/lt\/wp-json\/wp\/v2\/media?parent=1631"}],"wp:term":[{"taxonomy":"pwb-brand","embeddable":true,"href":"https:\/\/www.stildepo.com\/lt\/wp-json\/wp\/v2\/pwb-brand?post=1631"},{"taxonomy":"product_brand","embeddable":true,"href":"https:\/\/www.stildepo.com\/lt\/wp-json\/wp\/v2\/product_brand?post=1631"},{"taxonomy":"product_cat","embeddable":true,"href":"https:\/\/www.stildepo.com\/lt\/wp-json\/wp\/v2\/product_cat?post=1631"},{"taxonomy":"product_tag","embeddable":true,"href":"https:\/\/www.stildepo.com\/lt\/wp-json\/wp\/v2\/product_tag?post=1631"}],"curies":[{"name":"wp","href":"https:\/\/api.w.org\/{rel}","templated":true}]}}