{"id":1503,"date":"2022-06-29T15:39:27","date_gmt":"2022-06-29T15:39:27","guid":{"rendered":"https:\/\/www.stildepo.com\/lt\/?post_type=product&#038;p=1503"},"modified":"2023-01-28T07:39:32","modified_gmt":"2023-01-28T07:39:32","slug":"doreanse-modalas-spalvoti-apatiniai-sortukai-1883","status":"publish","type":"product","link":"https:\/\/www.stildepo.com\/lt\/doreanse-modalas-spalvoti-apatiniai-sortukai-1883\/","title":{"rendered":"Doreanse, Modalas, Spalvoti Apatiniai \u0160ortukai 1883"},"content":{"rendered":"<p>Doreanse, Modalas, Spalvoti Apatiniai \u0160ortukai 1883<\/p>\n<p>45% modalas, 45% medviln\u0117, 10% elastanas<br \/>\nPrek\u0117 ant manekeno yra M dyd\u017eio (42).<br \/>\n\u012eprastos kojos, ra\u0161tuotas, juosmuo<br \/>\nLabai spalvinga, labai gyva<br \/>\nJis bus i\u0161si\u0173stas su 100% originalia d\u0117\u017eute.<\/p>\n<p><img loading=\"lazy\" decoding=\"async\" class=\"alignnone size-full wp-image-1440\" src=\"https:\/\/www.stildepo.com\/lt\/wp-content\/uploads\/2022\/06\/doreanse_ic_giyim_yikama_talimati.jpg\" alt=\"doreanse_ic_giyim_yikama_talimati\" width=\"120\" height=\"22\" \/><\/p>\n<p>Modalinis audinys:<\/p>\n<ul>\n<li>Atsparus nusid\u0117v\u0117jimui<\/li>\n<li>\u0161velnus prisilietimas<\/li>\n<li>geras dr\u0117gm\u0117s perdavimas<\/li>\n<\/ul>\n<p>Medvilninis audinys:<\/p>\n<ul>\n<li>visi nat\u016bral\u016bs<\/li>\n<li>Jis pa\u0161alina \u0161ilum\u0105 i\u0161 k\u016bno.<\/li>\n<li>Jis yra patvarus.<\/li>\n<\/ul>\n<p>Doreanse vyri\u0161kas hamamas Ra\u0161tuotas Glaud\u0117s, savo audinio kokybe ir stiliumi suteikia j\u016bs\u0173 gyvenimui spalv\u0173, buvo gaminamas teikiant pirmenyb\u0119 j\u016bs\u0173 sveikatai ir d\u0117v\u0117jimo patogumui. Vyri\u0161kos glaud\u0117s, m\u016bs\u0173 gaminio dizainas leis jums atrodyti dr\u0105siai ir vyri\u0161kai. Jis sugeria dr\u0117gm\u0119, neprakaituoja ir suteikia nepakei\u010diam\u0105 komfort\u0105 kasdieniame gyvenime.<\/p>\n<p>Glaud skalbimo instrukcijos:<\/p>\n<ul>\n<li>Pana\u0161i\u0173 spalv\u0173 skalbimas ma\u0161inoje 30\u00b0<\/li>\n<li>Nenaudokite baliklio<\/li>\n<li>\u0160iltas lygintuvas<\/li>\n<\/ul>\n","protected":false},"excerpt":{"rendered":"<p>Su prabangiais ra\u0161tais. \u017daismingi, kokybi\u0161ki apatinukai stilingiems vyrams.<\/p>\n<p>\u0160i trikota\u017eo med\u017eiagos sud\u0117tis leis jaustis patogiai, \u0161ortukai i\u0161laikys savo form\u0105<br \/>\n45% modalas, 45% medviln\u0117, 10% elastanas<br \/>\nPrek\u0117 ant manekeno yra M dyd\u017eio (42).<br \/>\nTrikota\u017eo gamintojas Doreanse.<br \/>\nGalimi dyd\u017eiai &#8211; S\/M\/L\/XL\/2XL<br \/>\nApatinuk\u0173 spalva &#8211; kaip nuotraukoje.<br \/>\nPagaminta Turkija. Pateikiama d\u0117\u017eut\u0117je su prek\u0117s nuotrauka.<\/p>\n","protected":false},"featured_media":1505,"comment_status":"closed","ping_status":"closed","template":"","meta":[],"pwb-brand":[16],"product_brand":[],"product_cat":[81,131,82],"product_tag":[],"class_list":{"0":"post-1503","1":"product","2":"type-product","3":"status-publish","4":"has-post-thumbnail","6":"pwb-brand-doreanse","7":"product_cat-glaudes","8":"product_cat-sortukai-vyrams","9":"product_cat-vyriskos-kelnaites","11":"first","12":"instock","13":"shipping-taxable","14":"purchasable","15":"product-type-variable"},"aioseo_notices":[],"brands":[{"id":16,"name":"Doreanse","slug":"doreanse"}],"_links":{"self":[{"href":"https:\/\/www.stildepo.com\/lt\/wp-json\/wp\/v2\/product\/1503","targetHints":{"allow":["GET"]}}],"collection":[{"href":"https:\/\/www.stildepo.com\/lt\/wp-json\/wp\/v2\/product"}],"about":[{"href":"https:\/\/www.stildepo.com\/lt\/wp-json\/wp\/v2\/types\/product"}],"replies":[{"embeddable":true,"href":"https:\/\/www.stildepo.com\/lt\/wp-json\/wp\/v2\/comments?post=1503"}],"wp:featuredmedia":[{"embeddable":true,"href":"https:\/\/www.stildepo.com\/lt\/wp-json\/wp\/v2\/media\/1505"}],"wp:attachment":[{"href":"https:\/\/www.stildepo.com\/lt\/wp-json\/wp\/v2\/media?parent=1503"}],"wp:term":[{"taxonomy":"pwb-brand","embeddable":true,"href":"https:\/\/www.stildepo.com\/lt\/wp-json\/wp\/v2\/pwb-brand?post=1503"},{"taxonomy":"product_brand","embeddable":true,"href":"https:\/\/www.stildepo.com\/lt\/wp-json\/wp\/v2\/product_brand?post=1503"},{"taxonomy":"product_cat","embeddable":true,"href":"https:\/\/www.stildepo.com\/lt\/wp-json\/wp\/v2\/product_cat?post=1503"},{"taxonomy":"product_tag","embeddable":true,"href":"https:\/\/www.stildepo.com\/lt\/wp-json\/wp\/v2\/product_tag?post=1503"}],"curies":[{"name":"wp","href":"https:\/\/api.w.org\/{rel}","templated":true}]}}