{"id":1495,"date":"2022-06-29T15:31:40","date_gmt":"2022-06-29T15:31:40","guid":{"rendered":"https:\/\/www.stildepo.com\/lt\/?post_type=product&#038;p=1495"},"modified":"2023-01-28T07:39:33","modified_gmt":"2023-01-28T07:39:33","slug":"doreanse-modalas-spalvoti-vyriski-apatiniai-sortukai-1851","status":"publish","type":"product","link":"https:\/\/www.stildepo.com\/lt\/doreanse-modalas-spalvoti-vyriski-apatiniai-sortukai-1851\/","title":{"rendered":"Doreanse, Modalas, Spalvoti, Vyri\u0161ki Apatiniai \u0160ortukai 1851"},"content":{"rendered":"<p>45% modalas, 45% medviln\u0117, 10% elastanas<br \/>\nPrek\u0117 ant manekeno yra M dyd\u017eio (42).<br \/>\n\u012eprastos kojos, ra\u0161tuotas, juosmuo<br \/>\nLabai spalvinga, labai gyva<br \/>\nJis bus i\u0161si\u0173stas su 100% originalia d\u0117\u017eute.<\/p>\n<p><img loading=\"lazy\" decoding=\"async\" class=\"alignnone size-full wp-image-1440\" src=\"https:\/\/www.stildepo.com\/lt\/wp-content\/uploads\/2022\/06\/doreanse_ic_giyim_yikama_talimati.jpg\" alt=\"doreanse_ic_giyim_yikama_talimati\" width=\"120\" height=\"22\" \/><\/p>\n<p>Tai visi\u0161kai spalvotas ir ra\u0161tuotas stilius, kuris r\u016bpinasi kasdien gyvenan\u010di\u0173 vyr\u0173 apatiniais. Pasi\u016bta i\u0161 lankstaus audinio, kuris priglunda prie vyri\u0161kos glaud\u0117s k\u016bno. M\u016bs\u0173 \u201eDeep Water Patterned glaud\u0117s\u201c gaminio dizainas ir vientisumas nevargins j\u016bs\u0173 kasdieniniame naudojime. Padarykite skirtum\u0105 naudodami m\u016bs\u0173 apatinio trikota\u017eo gamin\u012f, normali\u0105 koj\u0173 ir audinio harmonij\u0105.<\/p>\n<p>Kaip stildepo.com\/lt, si\u016blome moderniausio dizaino, patogius ir kokybi\u0161kus apatinius bei glaud\u0117s modelius, kurie leis vyrams pasijusti ypatingai.<\/p>\n<p>Tai u\u017etikrina labai ger\u0105 dr\u0117gm\u0117s perdavim\u0105.<\/p>\n<ul>\n<li>Neprakaituoja<\/li>\n<li>Jis yra patvarus.<\/li>\n<li>Suteikia patog\u0173 jud\u0117jim\u0105<\/li>\n<li>Perduoda \u0161ilum\u0105<\/li>\n<li>Nat\u016bralus<\/li>\n<\/ul>\n<p>M\u016bs\u0173 Glaud\u0117s modeliai sukurti taip, kad geriausiai atitikt\u0173 \u017emogaus anatomij\u0105 ir d\u0117v\u0117jimo patogum\u0105.<\/p>\n<p>Rekomenduojame vadovautis plovimo instrukcijomis daugel\u012f met\u0173.<\/p>\n","protected":false},"excerpt":{"rendered":"<p>Su margais ra\u0161tais i\u0161 \u0161velnios med\u017eiagos. \u017daismingi, kokybi\u0161ki apatinukai stilingiems vyrams.<\/p>\n<p>\u0160i trikota\u017eo med\u017eiagos sud\u0117tis leis jaustis patogiai, \u0161ortukai i\u0161laikys savo form\u0105.<br \/>\n45% modalas, 45% medviln\u0117, 10% elastanas<br \/>\nPrek\u0117 ant manekeno yra M dyd\u017eio (42)<br \/>\nTrikota\u017eo gamintojas Doreanse.<br \/>\nGalimi dyd\u017eiai &#8211; S\/M\/L\/XL\/2XL<br \/>\nApatinuk\u0173 spalva &#8211; kaip nuotraukoje.<br \/>\nPagaminta Turkija. Pateikiama d\u0117\u017eut\u0117je su prek\u0117s nuotrauka.<\/p>\n","protected":false},"featured_media":1497,"comment_status":"closed","ping_status":"closed","template":"","meta":[],"pwb-brand":[16],"product_brand":[],"product_cat":[81,131,82],"product_tag":[],"class_list":{"0":"post-1495","1":"product","2":"type-product","3":"status-publish","4":"has-post-thumbnail","6":"pwb-brand-doreanse","7":"product_cat-glaudes","8":"product_cat-sortukai-vyrams","9":"product_cat-vyriskos-kelnaites","11":"first","12":"instock","13":"shipping-taxable","14":"purchasable","15":"product-type-variable"},"aioseo_notices":[],"brands":[{"id":16,"name":"Doreanse","slug":"doreanse"}],"_links":{"self":[{"href":"https:\/\/www.stildepo.com\/lt\/wp-json\/wp\/v2\/product\/1495","targetHints":{"allow":["GET"]}}],"collection":[{"href":"https:\/\/www.stildepo.com\/lt\/wp-json\/wp\/v2\/product"}],"about":[{"href":"https:\/\/www.stildepo.com\/lt\/wp-json\/wp\/v2\/types\/product"}],"replies":[{"embeddable":true,"href":"https:\/\/www.stildepo.com\/lt\/wp-json\/wp\/v2\/comments?post=1495"}],"wp:featuredmedia":[{"embeddable":true,"href":"https:\/\/www.stildepo.com\/lt\/wp-json\/wp\/v2\/media\/1497"}],"wp:attachment":[{"href":"https:\/\/www.stildepo.com\/lt\/wp-json\/wp\/v2\/media?parent=1495"}],"wp:term":[{"taxonomy":"pwb-brand","embeddable":true,"href":"https:\/\/www.stildepo.com\/lt\/wp-json\/wp\/v2\/pwb-brand?post=1495"},{"taxonomy":"product_brand","embeddable":true,"href":"https:\/\/www.stildepo.com\/lt\/wp-json\/wp\/v2\/product_brand?post=1495"},{"taxonomy":"product_cat","embeddable":true,"href":"https:\/\/www.stildepo.com\/lt\/wp-json\/wp\/v2\/product_cat?post=1495"},{"taxonomy":"product_tag","embeddable":true,"href":"https:\/\/www.stildepo.com\/lt\/wp-json\/wp\/v2\/product_tag?post=1495"}],"curies":[{"name":"wp","href":"https:\/\/api.w.org\/{rel}","templated":true}]}}