{"id":1479,"date":"2022-06-29T14:24:42","date_gmt":"2022-06-29T14:24:42","guid":{"rendered":"https:\/\/www.stildepo.com\/lt\/?post_type=product&#038;p=1479"},"modified":"2023-01-28T07:39:33","modified_gmt":"2023-01-28T07:39:33","slug":"doreanse-modalas-spalvoti-vyriski-apatiniai-sortukai-1807","status":"publish","type":"product","link":"https:\/\/www.stildepo.com\/lt\/doreanse-modalas-spalvoti-vyriski-apatiniai-sortukai-1807\/","title":{"rendered":"Doreanse, Modalas, Spalvoti Vyri\u0161ki Apatiniai \u0160ortukai 1807"},"content":{"rendered":"<p>Doreanse, Modalas, Spalvoti Vyri\u0161ki Apatiniai \u0160ortukai 1807<\/p>\n<p>45% modalas, 45% medviln\u0117, 10% elastanas<br \/>\nPrek\u0117 ant manekeno yra M dyd\u017eio (42).<br \/>\n\u012eprastos kojos, ra\u0161tuotas ra\u0161tais, juosmuo<br \/>\nJis bus i\u0161si\u0173stas su 100% originalia d\u0117\u017eute.<\/p>\n<p><img loading=\"lazy\" decoding=\"async\" class=\"alignnone size-full wp-image-1440\" src=\"https:\/\/www.stildepo.com\/lt\/wp-content\/uploads\/2022\/06\/doreanse_ic_giyim_yikama_talimati.jpg\" alt=\"doreanse_ic_giyim_yikama_talimati\" width=\"120\" height=\"22\" \/><\/p>\n<p>Sukurti naudojant mink\u0161t\u0105, k\u016bn\u0105 priglundant\u012f medvilnin\u012f ir modalin\u012f audin\u012f, pritaikyti ra\u0161tai dabar yra visi\u0161kai spalvoti ir ra\u0161tuoti. Jis pagamintas i\u0161 med\u017eiag\u0173, turin\u010di\u0173 sveikatos sertifikat\u0105.<\/p>\n<ul>\n<li>visi nat\u016bral\u016bs<\/li>\n<li>Pa\u0161alina \u0161ilum\u0105 i\u0161 k\u016bno<\/li>\n<li>Tai apsaugo nuo statin\u0117s elektros.<\/li>\n<li>Jis atsparus dilimui.<\/li>\n<li>su \u0161velniu prisilietimu<\/li>\n<li>Dr\u0117gm\u0117s perdavimas yra geras.<\/li>\n<li>Tai apsaugo nuo prakaitavimo ir kvapo.<\/li>\n<\/ul>\n","protected":false},"excerpt":{"rendered":"<p>\u017daismingi, kokybi\u0161ki apatinukai stilingiems vyrams.<\/p>\n<p>\u0160i trikota\u017eo med\u017eiagos sud\u0117tis leis jaustis patogiai, \u0161ortukai i\u0161laikys savo form\u0105<br \/>\n\u0160ortuk\u0173 sud\u0117tis &#8211; 45% modalas, 45% medviln\u0117, 10% elastanas<br \/>\nPrek\u0117 ant manekeno yra M dyd\u017eio (42).<br \/>\nTrikota\u017eo gamintojas Doreanse.<br \/>\nGalimi dyd\u017eiai &#8211; S\/M\/L\/XL\/2XL<br \/>\nApatinuk\u0173 spalva &#8211; kaip nuotraukoje.<br \/>\nPagaminta Turkija. Pateikiama d\u0117\u017eut\u0117je su prek\u0117s nuotrauka.<\/p>\n","protected":false},"featured_media":1481,"comment_status":"closed","ping_status":"closed","template":"","meta":[],"pwb-brand":[16],"product_brand":[],"product_cat":[81,131,82],"product_tag":[],"class_list":{"0":"post-1479","1":"product","2":"type-product","3":"status-publish","4":"has-post-thumbnail","6":"pwb-brand-doreanse","7":"product_cat-glaudes","8":"product_cat-sortukai-vyrams","9":"product_cat-vyriskos-kelnaites","11":"first","12":"instock","13":"shipping-taxable","14":"purchasable","15":"product-type-variable"},"aioseo_notices":[],"brands":[{"id":16,"name":"Doreanse","slug":"doreanse"}],"_links":{"self":[{"href":"https:\/\/www.stildepo.com\/lt\/wp-json\/wp\/v2\/product\/1479","targetHints":{"allow":["GET"]}}],"collection":[{"href":"https:\/\/www.stildepo.com\/lt\/wp-json\/wp\/v2\/product"}],"about":[{"href":"https:\/\/www.stildepo.com\/lt\/wp-json\/wp\/v2\/types\/product"}],"replies":[{"embeddable":true,"href":"https:\/\/www.stildepo.com\/lt\/wp-json\/wp\/v2\/comments?post=1479"}],"wp:featuredmedia":[{"embeddable":true,"href":"https:\/\/www.stildepo.com\/lt\/wp-json\/wp\/v2\/media\/1481"}],"wp:attachment":[{"href":"https:\/\/www.stildepo.com\/lt\/wp-json\/wp\/v2\/media?parent=1479"}],"wp:term":[{"taxonomy":"pwb-brand","embeddable":true,"href":"https:\/\/www.stildepo.com\/lt\/wp-json\/wp\/v2\/pwb-brand?post=1479"},{"taxonomy":"product_brand","embeddable":true,"href":"https:\/\/www.stildepo.com\/lt\/wp-json\/wp\/v2\/product_brand?post=1479"},{"taxonomy":"product_cat","embeddable":true,"href":"https:\/\/www.stildepo.com\/lt\/wp-json\/wp\/v2\/product_cat?post=1479"},{"taxonomy":"product_tag","embeddable":true,"href":"https:\/\/www.stildepo.com\/lt\/wp-json\/wp\/v2\/product_tag?post=1479"}],"curies":[{"name":"wp","href":"https:\/\/api.w.org\/{rel}","templated":true}]}}