{"id":1459,"date":"2022-06-28T15:40:56","date_gmt":"2022-06-28T15:40:56","guid":{"rendered":"https:\/\/www.stildepo.com\/lt\/?post_type=product&#038;p=1459"},"modified":"2023-01-28T07:39:33","modified_gmt":"2023-01-28T07:39:33","slug":"doreanse-modalas-vyriski-rastuoti-sortukai-cyprus-1793","status":"publish","type":"product","link":"https:\/\/www.stildepo.com\/lt\/doreanse-modalas-vyriski-rastuoti-sortukai-cyprus-1793\/","title":{"rendered":"Doreanse Modalas Vyri\u0161ki Ra\u0161tuoti \u0160ortukai Cyprus 1793"},"content":{"rendered":"<p>45% modalas, 45% medviln\u0117, 10% elastanas<br \/>\nPrek\u0117 ant manekeno yra M dyd\u017eio (42).<br \/>\nMini keln\u0117s, Kipro ra\u0161tas, juosmuo<br \/>\nJis bus i\u0161si\u0173stas su 100% originalia d\u0117\u017eute.<\/p>\n<p><img loading=\"lazy\" decoding=\"async\" class=\"alignnone size-full wp-image-1440\" src=\"https:\/\/www.stildepo.com\/lt\/wp-content\/uploads\/2022\/06\/doreanse_ic_giyim_yikama_talimati.jpg\" alt=\"doreanse_ic_giyim_yikama_talimati\" width=\"120\" height=\"22\" \/><\/p>\n<p>\u017daidimas paleid\u017eiamas i\u0161 naujo. Ry\u0161kios spalvos ir ra\u0161tai atskleid\u017eia j\u016bs\u0173 skirtum\u0105. Mes j\u012f optimizavome, kad b\u016bt\u0173 patogu naudoti. Jis nevar\u017eo j\u016bs\u0173 judesi\u0173 dienos metu, o prakaitavim\u0105 sauganti funkcija i\u0161laiko jus saus\u0105. I\u0161 Modal Men&#8217;s Boxer modeli\u0173 Doreanse buvo sukurtas galvojant apie jus, naudojant mink\u0161t\u0105 ir k\u016bn\u0105 priglundant\u012f audin\u012f. Kaip galiyet.com, si\u016blome jums stilingiausius, patogiausius ir kokybi\u0161kiausius apatinio trikota\u017eo modelius, kurie leis vyrams pasijusti ypatingai.<\/p>\n<p>Laikydamiesi plovimo instrukcij\u0173, galite naudoti \u0161\u012f gamin\u012f met\u0173 metus.<\/p>\n<p>Vyri\u0161kas bokseris turi Kipro spalvas ir S, M, L, XL, XXL dyd\u017ei\u0173 parinktis.<\/p>\n","protected":false},"excerpt":{"rendered":"<p>Doreanse Modalas Vyri\u0161ki Ra\u0161tuoti \u0160ortukai Cyprus 1793<\/p>\n<p>\u017daismingi, kokybi\u0161ki apatinukai stilingiems vyrams.<br \/>\n\u0160ortuk\u0173 sud\u0117tis &#8211; 45% modalas, 45% medviln\u0117, 10% elastanas<br \/>\nPrek\u0117 ant manekeno yra M dyd\u017eio (42).<br \/>\nTrikota\u017eo gamintojas Doreanse.<br \/>\nGalimi dyd\u017eiai &#8211; S\/M\/L\/XL\/2XL<br \/>\nApatinuk\u0173 spalva &#8211; spalvoti.<br \/>\nPagaminta Turkija. Pateikiama d\u0117\u017eut\u0117je su prek\u0117s nuotrauka.<\/p>\n","protected":false},"featured_media":1462,"comment_status":"closed","ping_status":"closed","template":"","meta":[],"pwb-brand":[16],"product_brand":[],"product_cat":[81,131,82],"product_tag":[],"class_list":{"0":"post-1459","1":"product","2":"type-product","3":"status-publish","4":"has-post-thumbnail","6":"pwb-brand-doreanse","7":"product_cat-glaudes","8":"product_cat-sortukai-vyrams","9":"product_cat-vyriskos-kelnaites","11":"first","12":"instock","13":"shipping-taxable","14":"purchasable","15":"product-type-variable"},"aioseo_notices":[],"brands":[{"id":16,"name":"Doreanse","slug":"doreanse"}],"_links":{"self":[{"href":"https:\/\/www.stildepo.com\/lt\/wp-json\/wp\/v2\/product\/1459","targetHints":{"allow":["GET"]}}],"collection":[{"href":"https:\/\/www.stildepo.com\/lt\/wp-json\/wp\/v2\/product"}],"about":[{"href":"https:\/\/www.stildepo.com\/lt\/wp-json\/wp\/v2\/types\/product"}],"replies":[{"embeddable":true,"href":"https:\/\/www.stildepo.com\/lt\/wp-json\/wp\/v2\/comments?post=1459"}],"wp:featuredmedia":[{"embeddable":true,"href":"https:\/\/www.stildepo.com\/lt\/wp-json\/wp\/v2\/media\/1462"}],"wp:attachment":[{"href":"https:\/\/www.stildepo.com\/lt\/wp-json\/wp\/v2\/media?parent=1459"}],"wp:term":[{"taxonomy":"pwb-brand","embeddable":true,"href":"https:\/\/www.stildepo.com\/lt\/wp-json\/wp\/v2\/pwb-brand?post=1459"},{"taxonomy":"product_brand","embeddable":true,"href":"https:\/\/www.stildepo.com\/lt\/wp-json\/wp\/v2\/product_brand?post=1459"},{"taxonomy":"product_cat","embeddable":true,"href":"https:\/\/www.stildepo.com\/lt\/wp-json\/wp\/v2\/product_cat?post=1459"},{"taxonomy":"product_tag","embeddable":true,"href":"https:\/\/www.stildepo.com\/lt\/wp-json\/wp\/v2\/product_tag?post=1459"}],"curies":[{"name":"wp","href":"https:\/\/api.w.org\/{rel}","templated":true}]}}