{"id":1415,"date":"2022-06-28T14:59:22","date_gmt":"2022-06-28T14:59:22","guid":{"rendered":"https:\/\/www.stildepo.com\/lt\/?post_type=product&#038;p=1415"},"modified":"2023-01-28T07:39:35","modified_gmt":"2023-01-28T07:39:35","slug":"doreanse-modalas-vyriski-apatiniai-sortukai-1816","status":"publish","type":"product","link":"https:\/\/www.stildepo.com\/lt\/doreanse-modalas-vyriski-apatiniai-sortukai-1816\/","title":{"rendered":"Doreanse Modalas Vyri\u0161ki Apatiniai \u0160ortukai 1816"},"content":{"rendered":"","protected":false},"excerpt":{"rendered":"<p>Doreanse Modalis Vyri\u0161ki Apatiniai \u0160ortukai 1816, City su miesto pie\u0161iniais. \u017daismingi, kokybi\u0161ki apatinukai stilingiems vyrams.<\/p>\n<p>\u0160i trikota\u017eo med\u017eiagos sud\u0117tis leis jaustis patogiai, \u0161ortukai i\u0161laikys savo form\u0105<br \/>\n\u0160ortuk\u0173 sud\u0117tis &#8211; 90% medviln\u0117 ir modelis ir 10% likra.<br \/>\nTrikota\u017eo gamintojas Doreanse.<br \/>\nGalimi dyd\u017eiai &#8211; S\/M\/L\/XL\/2XL<br \/>\nApatinuk\u0173 spalva &#8211; kaip nuotraukoje.<br \/>\nPagaminta Europoje. Pateikiama d\u0117\u017eut\u0117je su prek\u0117s nuotrauka.<\/p>\n","protected":false},"featured_media":1417,"comment_status":"closed","ping_status":"closed","template":"","meta":[],"pwb-brand":[16],"product_brand":[],"product_cat":[81,131,82],"product_tag":[],"class_list":{"0":"post-1415","1":"product","2":"type-product","3":"status-publish","4":"has-post-thumbnail","6":"pwb-brand-doreanse","7":"product_cat-glaudes","8":"product_cat-sortukai-vyrams","9":"product_cat-vyriskos-kelnaites","11":"first","12":"instock","13":"shipping-taxable","14":"purchasable","15":"product-type-variable"},"aioseo_notices":[],"brands":[{"id":16,"name":"Doreanse","slug":"doreanse"}],"_links":{"self":[{"href":"https:\/\/www.stildepo.com\/lt\/wp-json\/wp\/v2\/product\/1415","targetHints":{"allow":["GET"]}}],"collection":[{"href":"https:\/\/www.stildepo.com\/lt\/wp-json\/wp\/v2\/product"}],"about":[{"href":"https:\/\/www.stildepo.com\/lt\/wp-json\/wp\/v2\/types\/product"}],"replies":[{"embeddable":true,"href":"https:\/\/www.stildepo.com\/lt\/wp-json\/wp\/v2\/comments?post=1415"}],"wp:featuredmedia":[{"embeddable":true,"href":"https:\/\/www.stildepo.com\/lt\/wp-json\/wp\/v2\/media\/1417"}],"wp:attachment":[{"href":"https:\/\/www.stildepo.com\/lt\/wp-json\/wp\/v2\/media?parent=1415"}],"wp:term":[{"taxonomy":"pwb-brand","embeddable":true,"href":"https:\/\/www.stildepo.com\/lt\/wp-json\/wp\/v2\/pwb-brand?post=1415"},{"taxonomy":"product_brand","embeddable":true,"href":"https:\/\/www.stildepo.com\/lt\/wp-json\/wp\/v2\/product_brand?post=1415"},{"taxonomy":"product_cat","embeddable":true,"href":"https:\/\/www.stildepo.com\/lt\/wp-json\/wp\/v2\/product_cat?post=1415"},{"taxonomy":"product_tag","embeddable":true,"href":"https:\/\/www.stildepo.com\/lt\/wp-json\/wp\/v2\/product_tag?post=1415"}],"curies":[{"name":"wp","href":"https:\/\/api.w.org\/{rel}","templated":true}]}}