{"id":1335,"date":"2022-06-28T13:17:12","date_gmt":"2022-06-28T13:17:12","guid":{"rendered":"https:\/\/www.stildepo.com\/lt\/?post_type=product&#038;p=1335"},"modified":"2023-01-28T07:39:36","modified_gmt":"2023-01-28T07:39:36","slug":"doreanse-splavingi-vyriski-sortukai-1704","status":"publish","type":"product","link":"https:\/\/www.stildepo.com\/lt\/doreanse-splavingi-vyriski-sortukai-1704\/","title":{"rendered":"Doreanse Splavingi Vyri\u0161ki \u0160ortukai 1704"},"content":{"rendered":"","protected":false},"excerpt":{"rendered":"<p>Doreanse splavingi vyri\u0161ki \u0161ortukai 1704, dekoruoti m\u0117lyna guma su baltu DOREANSE tekstus. Patog\u016bs, kokybi\u0161ki apatinukai stilingiems vyrams.<\/p>\n<p>Trumpi \u0161ortukai puikiai priglunda. Apatini\u0173 guma puo\u0161ta gamintojo pavadinimu.<br \/>\n\u0160ortuk\u0173 sud\u0117tis &#8211; 45% medviln\u0117, 45% modalis, 10% likra.<br \/>\nTrikota\u017eo gamintojas Doreanse.<br \/>\nGalimi dyd\u017eiai &#8211; S\/M\/L\/XL\/XXL.<br \/>\nApatinuk\u0173 spalva &#8211; spalvinga.<br \/>\nPagaminta Turkija, pateikiama de\u017eut\u0117je su prek\u0117s nuotrauka.<\/p>\n","protected":false},"featured_media":1337,"comment_status":"closed","ping_status":"closed","template":"","meta":[],"pwb-brand":[16],"product_brand":[],"product_cat":[81,131,82],"product_tag":[],"class_list":{"0":"post-1335","1":"product","2":"type-product","3":"status-publish","4":"has-post-thumbnail","6":"pwb-brand-doreanse","7":"product_cat-glaudes","8":"product_cat-sortukai-vyrams","9":"product_cat-vyriskos-kelnaites","11":"first","12":"instock","13":"shipping-taxable","14":"purchasable","15":"product-type-variable"},"aioseo_notices":[],"brands":[{"id":16,"name":"Doreanse","slug":"doreanse"}],"_links":{"self":[{"href":"https:\/\/www.stildepo.com\/lt\/wp-json\/wp\/v2\/product\/1335","targetHints":{"allow":["GET"]}}],"collection":[{"href":"https:\/\/www.stildepo.com\/lt\/wp-json\/wp\/v2\/product"}],"about":[{"href":"https:\/\/www.stildepo.com\/lt\/wp-json\/wp\/v2\/types\/product"}],"replies":[{"embeddable":true,"href":"https:\/\/www.stildepo.com\/lt\/wp-json\/wp\/v2\/comments?post=1335"}],"wp:featuredmedia":[{"embeddable":true,"href":"https:\/\/www.stildepo.com\/lt\/wp-json\/wp\/v2\/media\/1337"}],"wp:attachment":[{"href":"https:\/\/www.stildepo.com\/lt\/wp-json\/wp\/v2\/media?parent=1335"}],"wp:term":[{"taxonomy":"pwb-brand","embeddable":true,"href":"https:\/\/www.stildepo.com\/lt\/wp-json\/wp\/v2\/pwb-brand?post=1335"},{"taxonomy":"product_brand","embeddable":true,"href":"https:\/\/www.stildepo.com\/lt\/wp-json\/wp\/v2\/product_brand?post=1335"},{"taxonomy":"product_cat","embeddable":true,"href":"https:\/\/www.stildepo.com\/lt\/wp-json\/wp\/v2\/product_cat?post=1335"},{"taxonomy":"product_tag","embeddable":true,"href":"https:\/\/www.stildepo.com\/lt\/wp-json\/wp\/v2\/product_tag?post=1335"}],"curies":[{"name":"wp","href":"https:\/\/api.w.org\/{rel}","templated":true}]}}