{"id":10519,"date":"2023-01-27T19:57:16","date_gmt":"2023-01-27T19:57:16","guid":{"rendered":"https:\/\/www.stildepo.com\/lt\/?post_type=product&#038;p=10519"},"modified":"2023-02-01T19:09:26","modified_gmt":"2023-02-01T19:09:26","slug":"doreanse-moteriskos-termo-kojines","status":"publish","type":"product","link":"https:\/\/www.stildepo.com\/lt\/doreanse-moteriskos-termo-kojines\/","title":{"rendered":"Doreanse moteri\u0161kos termo kojin\u0117s"},"content":{"rendered":"<p>Termo kojin\u0117s, tai kojin\u0117s specialiai sukurtos taip, kad i\u0161laikyt\u0173 J\u016bs\u0173 p\u0117das \u0161iltas net ir esant \u0161altam orui. \u0160ios kojin\u0117s pasi\u017eymi geromis izoliacin\u0117mis s\u0105vyb\u0117mis, be to yra \u0161iek tiek storesn\u0117s nei \u012fprastos kojin\u0117s.<\/p>\n<p>\u0160ios moteri\u0161kos termo kojin\u0117s gali b\u016bti d\u0117vimos kartu su \u012fprastin\u0117mis kojin\u0117mis, kaip papildomas \u0161iluminis sluoksnis arba tiesiog vienos tiesiai ant p\u0117dos, priklausomai nuo temperat\u016bros ar asmenini\u0173 pom\u0117gi\u0173. \u0160ios kojin\u0117s yra mink\u0161tos, gerai priglundan\u010dios, pralaid\u017eios orui ir dr\u0117gmei. Nesulaiko prakaito, i\u0161laiko p\u0117das sausas, neleid\u017eia susidaryti bakterijoms.<\/p>\n<p>Siuntimas gali u\u017etrukti 5-8 dienas.<br \/>\nPagaminta Turkijoje.<\/p>\n","protected":false},"excerpt":{"rendered":"<p>58% Viskoz\u0117, 29% Poliesteris, 10% Poliamidas, 3% Elastanas.<\/p>\n","protected":false},"featured_media":10660,"comment_status":"closed","ping_status":"closed","template":"","meta":[],"pwb-brand":[16],"product_brand":[],"product_cat":[310],"product_tag":[],"class_list":{"0":"post-10519","1":"product","2":"type-product","3":"status-publish","4":"has-post-thumbnail","6":"pwb-brand-doreanse","7":"product_cat-termo-kojines","9":"first","10":"instock","11":"shipping-taxable","12":"purchasable","13":"product-type-simple"},"aioseo_notices":[],"brands":[{"id":16,"name":"Doreanse","slug":"doreanse"}],"_links":{"self":[{"href":"https:\/\/www.stildepo.com\/lt\/wp-json\/wp\/v2\/product\/10519","targetHints":{"allow":["GET"]}}],"collection":[{"href":"https:\/\/www.stildepo.com\/lt\/wp-json\/wp\/v2\/product"}],"about":[{"href":"https:\/\/www.stildepo.com\/lt\/wp-json\/wp\/v2\/types\/product"}],"replies":[{"embeddable":true,"href":"https:\/\/www.stildepo.com\/lt\/wp-json\/wp\/v2\/comments?post=10519"}],"wp:featuredmedia":[{"embeddable":true,"href":"https:\/\/www.stildepo.com\/lt\/wp-json\/wp\/v2\/media\/10660"}],"wp:attachment":[{"href":"https:\/\/www.stildepo.com\/lt\/wp-json\/wp\/v2\/media?parent=10519"}],"wp:term":[{"taxonomy":"pwb-brand","embeddable":true,"href":"https:\/\/www.stildepo.com\/lt\/wp-json\/wp\/v2\/pwb-brand?post=10519"},{"taxonomy":"product_brand","embeddable":true,"href":"https:\/\/www.stildepo.com\/lt\/wp-json\/wp\/v2\/product_brand?post=10519"},{"taxonomy":"product_cat","embeddable":true,"href":"https:\/\/www.stildepo.com\/lt\/wp-json\/wp\/v2\/product_cat?post=10519"},{"taxonomy":"product_tag","embeddable":true,"href":"https:\/\/www.stildepo.com\/lt\/wp-json\/wp\/v2\/product_tag?post=10519"}],"curies":[{"name":"wp","href":"https:\/\/api.w.org\/{rel}","templated":true}]}}