{"id":10295,"date":"2023-01-27T19:35:12","date_gmt":"2023-01-27T19:35:12","guid":{"rendered":"https:\/\/www.stildepo.com\/lt\/?post_type=product&#038;p=10295"},"modified":"2023-02-09T10:05:26","modified_gmt":"2023-02-09T10:05:26","slug":"doreanse-termo-apatines-kelnes-vyrams-100-medvilne","status":"publish","type":"product","link":"https:\/\/www.stildepo.com\/lt\/doreanse-termo-apatines-kelnes-vyrams-100-medvilne\/","title":{"rendered":"Doreanse termo apatin\u0117s keln\u0117s vyrams 100% medviln\u0117"},"content":{"rendered":"<p>Doreanse medvilnin\u0117s, tamsiai m\u0117lynos, ilgos, termo, apatin\u0117s keln\u0117s vyrams.<\/p>\n<p>Pagaminta i\u0161 nat\u016bralios med\u017eiagos, tod\u0117l neleid\u017eia susidaryti bakterijoms.<br \/>\nI\u0161laiko k\u016bno \u0161ilum\u0105 esant \u0161altai aplinkai.<br \/>\nPralaidi orui ir dr\u0117gmei med\u017eiaga leid\u017eia odai kv\u0117puoti, neu\u017elaiko prakaito.<br \/>\nPalaiko k\u016bn\u0105 saus\u0105 ir suteikia komforto jausm\u0105.<br \/>\nFrotinis audinys i\u0161 vidaus.<\/p>\n<p>Doreanse vyri\u0161ki termo apatiniai suteikia maksimali\u0105 izoliacij\u0105, yra i\u0161skirtinai mink\u0161ti ir \u0161veln\u016bs. Pagaminti i\u0161 lengvos, plonos med\u017eiagos, kuri palaiko k\u016bno \u0161ilum\u0105 ir tuo pa\u010diu leid\u017eia jausti \u0161vie\u017eum\u0105. Tamprus juosmuo i\u0161laiko drabu\u017e\u012f stabil\u0173, komforti\u0161kai laikosi ant k\u016bno. Termo drabu\u017eiai sukurti b\u016btent taip, kad palaikyt\u0173 tinkam\u0105 \u0161ilumos ir dr\u0117gm\u0117s balans\u0105.<\/p>\n<p>Termo apatinius d\u0117v\u0117kite po \u012fprastais drabu\u017eiais kaip papildom\u0105 sluoksn\u012f palaikyti \u0161ilumai. Lengvas, tamprus audinys leid\u017eia k\u016bnui laisvai ir patogiai jud\u0117ti. Drabu\u017eio med\u017eiaga \u0161imtaprocentin\u0117 medviln\u0117, tod\u0117l tok\u012f audin\u012f lengva pri\u017ei\u016br\u0117ti, skalbti.<\/p>\n<p>\u0160i\u0173 termo drabu\u017ei\u0173 privalumai:<\/p>\n<div class=\"flex-1 overflow-hidden\">\n<div class=\"react-scroll-to-bottom--css-haxyj-79elbk h-full dark:bg-gray-800\">\n<div class=\"react-scroll-to-bottom--css-haxyj-1n7m0yu\">\n<div class=\"flex flex-col items-center text-sm h-full dark:bg-gray-800\">\n<div class=\"w-full border-b border-black\/10 dark:border-gray-900\/50 text-gray-800 dark:text-gray-100 group bg-gray-50 dark:bg-[#444654]\">\n<div class=\"text-base gap-4 md:gap-6 m-auto md:max-w-2xl lg:max-w-2xl xl:max-w-3xl p-4 md:py-6 flex lg:px-0\">\n<div class=\"relative flex w-[calc(100%-50px)] md:flex-col lg:w-[calc(100%-115px)]\">\n<div class=\"flex flex-grow flex-col gap-3\">\n<div class=\"min-h-[20px] flex flex-col items-start gap-4 whitespace-pre-wrap\">\n<div class=\"markdown prose w-full break-words dark:prose-invert light\">\n<ul>\n<li>Sugeria dr\u0117gm\u0119: medviln\u0117 yra nat\u016brali med\u017eiaga, kuri lengvai sugeria dr\u0117gm\u0119, neu\u017elaiko jos ant k\u016bno, lengvai ir greitai d\u017ei\u016bna.<\/li>\n<li>Hipoalergi\u0161ki: nedirgina odos ar kv\u0117pavimo tak\u0173. Tinka net ir jautri\u0105 od\u0105 turintiems \u017emon\u0117ms.<\/li>\n<li>Patvar\u016bs: medvilnin\u0117 drabu\u017eio med\u017eiaga yra tvirta, nereikli, tod\u0117l galima skalbti da\u017enai neprarandant drabu\u017eio formos ir patogumo.<\/li>\n<li>Universal\u016bs: mes Jums si\u016blome plat\u0173 pasirinkim\u0105 \u012fvairaus stiliaus ir dyd\u017eio termo drabu\u017ei\u0173, visiems skirtingiems poreikiams. Tai ir apatiniai mar\u0161kin\u0117liai ilgomis ar trumpomis rankov\u0117mis, \u0161ortai, tampr\u0117s.<\/li>\n<\/ul>\n<p>Siuntimas gali u\u017etrukti 5-8 dienas.<br \/>\nPagaminta Turkijoje.<\/p>\n<\/div>\n<\/div>\n<\/div>\n<\/div>\n<\/div>\n<\/div>\n<\/div>\n<\/div>\n<\/div>\n<\/div>\n","protected":false},"excerpt":{"rendered":"<p>100% Medviln\u0117.<br \/>\nModelis nuotraukoje d\u0117vi dyd\u012f M (42).<br \/>\nIlgos kle\u0161n\u0117s, sodri spalva.<\/p>\n<p>Medvilniniai termo apatiniai drabu\u017eiai palaiko reguliari\u0105 k\u016bno temperat\u016br\u0105, ypa\u010d esant \u0161altam aplinkos orui, ir puikiai tinka aktyviam laisvalaikiui lauke tokiam kaip slidin\u0117jimas, snowbordingas, haikingas ar \u017eiemin\u0117 \u017evejyba. Medvilniniai termo apatiniai drabu\u017eiai da\u017eniausiai yra gaminami i\u0161 sud\u0117tini\u0173 audini\u0173, kuomet mai\u0161oma medviln\u0117 kartu su sintetiniais pluo\u0161tais, tokiais kaip poliesteris ar spandeksas, tod\u0117l tokie audiniai nors ir apsaugo k\u016bn\u0105 nuo \u0161al\u010dio, ta\u010diau yra nepralaid\u016bs dr\u0117gmei ir sulaiko j\u0105 viduje. K\u016bnas gausiau prakaituoja, oda i\u0161lieka dr\u0117gna.<\/p>\n<p><img loading=\"lazy\" decoding=\"async\" class=\"alignnone size-full wp-image-3619\" src=\"https:\/\/www.stildepo.com\/en\/wp-content\/uploads\/2022\/08\/doreanse_ic_giyim_yikama_talimati.jpg\" alt=\"doreanse_ic_giyim_yikama_talimati\" width=\"120\" height=\"22\" \/><\/p>\n","protected":false},"featured_media":10323,"comment_status":"closed","ping_status":"closed","template":"","meta":[],"pwb-brand":[16],"product_brand":[],"product_cat":[39],"product_tag":[],"class_list":{"0":"post-10295","1":"product","2":"type-product","3":"status-publish","4":"has-post-thumbnail","6":"pwb-brand-doreanse","7":"product_cat-termo-rubai-vyrams","9":"first","10":"instock","11":"shipping-taxable","12":"purchasable","13":"product-type-variable"},"aioseo_notices":[],"brands":[{"id":16,"name":"Doreanse","slug":"doreanse"}],"_links":{"self":[{"href":"https:\/\/www.stildepo.com\/lt\/wp-json\/wp\/v2\/product\/10295","targetHints":{"allow":["GET"]}}],"collection":[{"href":"https:\/\/www.stildepo.com\/lt\/wp-json\/wp\/v2\/product"}],"about":[{"href":"https:\/\/www.stildepo.com\/lt\/wp-json\/wp\/v2\/types\/product"}],"replies":[{"embeddable":true,"href":"https:\/\/www.stildepo.com\/lt\/wp-json\/wp\/v2\/comments?post=10295"}],"wp:featuredmedia":[{"embeddable":true,"href":"https:\/\/www.stildepo.com\/lt\/wp-json\/wp\/v2\/media\/10323"}],"wp:attachment":[{"href":"https:\/\/www.stildepo.com\/lt\/wp-json\/wp\/v2\/media?parent=10295"}],"wp:term":[{"taxonomy":"pwb-brand","embeddable":true,"href":"https:\/\/www.stildepo.com\/lt\/wp-json\/wp\/v2\/pwb-brand?post=10295"},{"taxonomy":"product_brand","embeddable":true,"href":"https:\/\/www.stildepo.com\/lt\/wp-json\/wp\/v2\/product_brand?post=10295"},{"taxonomy":"product_cat","embeddable":true,"href":"https:\/\/www.stildepo.com\/lt\/wp-json\/wp\/v2\/product_cat?post=10295"},{"taxonomy":"product_tag","embeddable":true,"href":"https:\/\/www.stildepo.com\/lt\/wp-json\/wp\/v2\/product_tag?post=10295"}],"curies":[{"name":"wp","href":"https:\/\/api.w.org\/{rel}","templated":true}]}}