{"id":10237,"date":"2023-01-27T19:30:22","date_gmt":"2023-01-27T19:30:22","guid":{"rendered":"https:\/\/www.stildepo.com\/lt\/?post_type=product&#038;p=10237"},"modified":"2023-02-09T10:04:49","modified_gmt":"2023-02-09T10:04:49","slug":"doreanse-vyriski-termo-marskineliai-ilgomis-rankovemis-2","status":"publish","type":"product","link":"https:\/\/www.stildepo.com\/lt\/doreanse-vyriski-termo-marskineliai-ilgomis-rankovemis-2\/","title":{"rendered":"Doreanse vyri\u0161ki termo mar\u0161kin\u0117liai ilgomis rankov\u0117mis"},"content":{"rendered":"<p>Doreanse vyri\u0161ki mar\u0161kin\u0117liai ilgomis rankov\u0117mis.<\/p>\n<ul>\n<li>Sud\u0117tis: 30% Viloft, 30% Poliesteris, 35% Poliaimdas, 5% Elastanas.<\/li>\n<li>Ilgos rankov\u0117s, apvali kaklo i\u0161kirpt\u0117.<\/li>\n<li>Nat\u016brali med\u017eiaga neleid\u017eia susidaryti bakterijoms.<\/li>\n<li>Pralaid\u016bs orui.<\/li>\n<li>Tampr\u016bs tod\u0117l gerai priglunda prie k\u016bno.<\/li>\n<li>Leid\u017eia dr\u0117gmai i\u0161garuoti, neu\u017elaiko prakaito.<\/li>\n<li>Suteikia sausumo ir komforto jausm\u0105.<\/li>\n<li>Vidin\u0117 med\u017eiagos pus\u0117 pagaminta pana\u0161iai \u012f rank\u0161luostin\u0119 (frotin\u0119) med\u017eiag\u0105.<\/li>\n<\/ul>\n<p>Doreanse vyri\u0161ki termo apatiniai sukurti d\u0117v\u0117ti \u0161altuoju ir v\u0117siuoju met\u0173 sezonu. Yra pagaminti i\u0161 mink\u0161tos med\u017eiagos, suteikia komforto jausm\u0105 ir suteikia maksimali\u0105 izoliacij\u0105. Apsaugo k\u016bn\u0105 nuo \u0161al\u010dio, neleid\u017eia k\u016bnui prarasti \u0161ilumos, palaiko tinkam\u0105 dr\u0117gm\u0117s, oro ir temperat\u016bros balans\u0105.<\/p>\n<p>Termo apatinius d\u0117v\u0117kite po \u012fprastais drabu\u017eiais kaip papildom\u0105 sluoksn\u012f palaikyti \u0161ilumai. Termo drabu\u017eiai da\u017eniausiai d\u0117vimi po \u012fprastiniais drabu\u017eiais, suteikdamas papildom\u0105 \u0161ilumos izoliacijos sluoksn\u012f. Taip pat galima d\u0117v\u0117ti vienus, kaip atskir\u0105 vir\u0161utin\u012f drabu\u017e\u012f. Termo drabu\u017eiai sukurti taip, kad nesulaikyt\u0173 dr\u0117gm\u0117s, leist\u0173 jai i\u0161garuoti ir taip i\u0161laikyt\u0173 od\u0105 saus\u0105 ir suteikt\u0173 komfort\u0105.<\/p>\n<p>Siuntimas gali u\u017etrukti 5-8 dienas.<br \/>\nPagaminta Turkijoje.<\/p>\n","protected":false},"excerpt":{"rendered":"<p>Doreanse apatiniai viloft termo mar\u0161kin\u0117liai vyrams, ilgomis rankov\u0117mis, apvalaus kirpimo kaklu.<\/p>\n<p>30% Viloft (nat\u016brali viskoz\u0117s atmaina), 30% Poliesteris, 35% Poliaimdas, 5% Elastanas.<\/p>\n<p>Modelis nuotraukoje d\u0117vi M dyd\u012f.<\/p>\n<p><img loading=\"lazy\" decoding=\"async\" class=\"alignnone size-full wp-image-3619\" src=\"https:\/\/www.stildepo.com\/en\/wp-content\/uploads\/2022\/08\/doreanse_ic_giyim_yikama_talimati.jpg\" alt=\"doreanse_ic_giyim_yikama_talimati\" width=\"120\" height=\"22\" \/><\/p>\n","protected":false},"featured_media":10258,"comment_status":"closed","ping_status":"closed","template":"","meta":[],"pwb-brand":[16],"product_brand":[],"product_cat":[39],"product_tag":[],"class_list":{"0":"post-10237","1":"product","2":"type-product","3":"status-publish","4":"has-post-thumbnail","6":"pwb-brand-doreanse","7":"product_cat-termo-rubai-vyrams","9":"first","10":"instock","11":"shipping-taxable","12":"purchasable","13":"product-type-variable","14":"has-default-attributes"},"aioseo_notices":[],"brands":[{"id":16,"name":"Doreanse","slug":"doreanse"}],"_links":{"self":[{"href":"https:\/\/www.stildepo.com\/lt\/wp-json\/wp\/v2\/product\/10237","targetHints":{"allow":["GET"]}}],"collection":[{"href":"https:\/\/www.stildepo.com\/lt\/wp-json\/wp\/v2\/product"}],"about":[{"href":"https:\/\/www.stildepo.com\/lt\/wp-json\/wp\/v2\/types\/product"}],"replies":[{"embeddable":true,"href":"https:\/\/www.stildepo.com\/lt\/wp-json\/wp\/v2\/comments?post=10237"}],"wp:featuredmedia":[{"embeddable":true,"href":"https:\/\/www.stildepo.com\/lt\/wp-json\/wp\/v2\/media\/10258"}],"wp:attachment":[{"href":"https:\/\/www.stildepo.com\/lt\/wp-json\/wp\/v2\/media?parent=10237"}],"wp:term":[{"taxonomy":"pwb-brand","embeddable":true,"href":"https:\/\/www.stildepo.com\/lt\/wp-json\/wp\/v2\/pwb-brand?post=10237"},{"taxonomy":"product_brand","embeddable":true,"href":"https:\/\/www.stildepo.com\/lt\/wp-json\/wp\/v2\/product_brand?post=10237"},{"taxonomy":"product_cat","embeddable":true,"href":"https:\/\/www.stildepo.com\/lt\/wp-json\/wp\/v2\/product_cat?post=10237"},{"taxonomy":"product_tag","embeddable":true,"href":"https:\/\/www.stildepo.com\/lt\/wp-json\/wp\/v2\/product_tag?post=10237"}],"curies":[{"name":"wp","href":"https:\/\/api.w.org\/{rel}","templated":true}]}}