{"id":1524,"date":"2022-07-20T15:35:12","date_gmt":"2022-07-20T15:35:12","guid":{"rendered":"https:\/\/www.stildepo.com\/lt\/?page_id=1524"},"modified":"2022-08-03T13:04:47","modified_gmt":"2022-08-03T13:04:47","slug":"contact","status":"publish","type":"page","link":"https:\/\/www.stildepo.com\/lt\/contact\/","title":{"rendered":"Contact"},"content":{"rendered":"\n<div class=\"container section-title-container\" ><h3 class=\"section-title section-title-center\"><b><\/b><span class=\"section-title-main\" >Contact us<\/span><b><\/b><\/h3><\/div>\n\n<div class=\"row\"  id=\"row-948583948\">\n\n\n\t<div id=\"col-1711109445\" class=\"col medium-6 small-12 large-6\"  >\n\t\t\t\t<div class=\"col-inner\"  >\n\t\t\t\n\t\t\t\n\n<p>Adress; Hocapa\u015fa Mah. Ankara Cad. Ankara \u0130\u015f Merkezi No:28\/109, Sirkeci, 34110 Fatih\/\u0130stanbul<\/p>\n<p>Whatsapp direct link: <strong><a href=\"https:\/\/wa.me\/905077736635\" target=\"_blank\" rel=\"noopener\">https:\/\/wa.me\/905077736635<\/a><\/strong><\/p>\n<p>email; lt@stildepo.com<\/p>\n\n\t\t<\/div>\n\t\t\t\t\t<\/div>\n\n\t\n\n\t<div id=\"col-393421359\" class=\"col medium-6 small-12 large-6\"  >\n\t\t\t\t<div class=\"col-inner\"  >\n\t\t\t\n\t\t\t\n\n<p><iframe src=\"https:\/\/www.google.com\/maps\/embed?pb=!1m18!1m12!1m3!1d3010.5507194508637!2d28.972950315414135!3d41.01320587930022!2m3!1f0!2f0!3f0!3m2!1i1024!2i768!4f13.1!3m3!1m2!1s0x14cac9d2a788fdfd%3A0xdc81029174273dd1!2sStildepo.com!5e0!3m2!1str!2str!4v1658157375768!5m2!1str!2str\" width=\"600\" height=\"450\" style=\"border:0;\" allowfullscreen=\"\" loading=\"lazy\" referrerpolicy=\"no-referrer-when-downgrade\"><\/iframe><\/p>\n\n\t\t<\/div>\n\t\t\t\t\t<\/div>\n\n\t\n\n<\/div>\n\n","protected":false},"excerpt":{"rendered":"","protected":false},"author":1,"featured_media":0,"parent":0,"menu_order":0,"comment_status":"closed","ping_status":"closed","template":"","meta":{"footnotes":""},"class_list":["post-1524","page","type-page","status-publish","hentry"],"aioseo_notices":[],"_links":{"self":[{"href":"https:\/\/www.stildepo.com\/lt\/wp-json\/wp\/v2\/pages\/1524","targetHints":{"allow":["GET"]}}],"collection":[{"href":"https:\/\/www.stildepo.com\/lt\/wp-json\/wp\/v2\/pages"}],"about":[{"href":"https:\/\/www.stildepo.com\/lt\/wp-json\/wp\/v2\/types\/page"}],"author":[{"embeddable":true,"href":"https:\/\/www.stildepo.com\/lt\/wp-json\/wp\/v2\/users\/1"}],"replies":[{"embeddable":true,"href":"https:\/\/www.stildepo.com\/lt\/wp-json\/wp\/v2\/comments?post=1524"}],"version-history":[{"count":0,"href":"https:\/\/www.stildepo.com\/lt\/wp-json\/wp\/v2\/pages\/1524\/revisions"}],"wp:attachment":[{"href":"https:\/\/www.stildepo.com\/lt\/wp-json\/wp\/v2\/media?parent=1524"}],"curies":[{"name":"wp","href":"https:\/\/api.w.org\/{rel}","templated":true}]}}