{"id":6631,"date":"2022-11-19T12:29:45","date_gmt":"2022-11-19T12:29:45","guid":{"rendered":"https:\/\/www.stildepo.com\/en\/?post_type=product&#038;p=6631"},"modified":"2024-10-15T12:16:01","modified_gmt":"2024-10-15T12:16:01","slug":"doreanse-mens-boxer-brief-underwear-1817-cyprus","status":"publish","type":"product","link":"https:\/\/www.stildepo.com\/en\/doreanse-mens-boxer-brief-underwear-1817-cyprus\/","title":{"rendered":"Doreanse Mens Boxer Brief Underwear 1817 Cyprus"},"content":{"rendered":"<div>Doreanse Erkek K\u0131br\u0131s Desenli Modal Boxer \u00d6zellikleri<\/div>\n<div><\/div>\n<div>Kullan\u0131m konforu ile en iyi hale getirdik. G\u00fcn i\u00e7inde hareketlerinizi muhafazaz ve terletmeme \u00f6zelli\u011fine sahiptir. Modal Erkek Boxer modelleri aras\u0131nda Doreanse sizi d\u00fc\u015f\u00fcnerek yumu\u015fak ve v\u00fccuda saran kuma\u015f kullan\u0131larak tasarland\u0131. Sizin i\u00e7in stildepo.com\/en olarak erkekleri \u00f6zel hissettirecek, en \u015f\u0131k kalmaya sahip, rahat ve kaliteli \u0130\u00e7 Giyim Modellerini be\u011feninize sunuyoruz.<\/div>\n<div><\/div>\n<div>Y\u0131kama talimat\u0131na uyarak bu \u00fcr\u00fcn\u00fc kullanabilirsiniz.<\/div>\n","protected":false},"excerpt":{"rendered":"<p>%45 Modal, %45 Pamuk, %10 Elastan<br \/>\nManken \u00fczerindeki \u00fcr\u00fcn M (42) bedendir.<br \/>\nNormal Pa\u00e7a, K\u0131br\u0131s Desenli, Bel Band\u0131<\/p>\n<p><img loading=\"lazy\" decoding=\"async\" class=\"alignnone size-full wp-image-3619\" src=\"https:\/\/www.stildepo.com\/en\/wp-content\/uploads\/2022\/08\/doreanse_ic_giyim_yikama_talimati.jpg\" alt=\"doreanse_ic_giyim_yikama_talimati\" width=\"120\" height=\"22\" \/><\/p>\n","protected":false},"featured_media":6634,"template":"","meta":[],"product_cat":[58],"product_tag":[233,193,195],"class_list":{"0":"post-6631","1":"product","2":"type-product","3":"status-publish","4":"has-post-thumbnail","6":"product_brand-doreanse","7":"product_cat-mens-boxer","8":"product_tag-2xl-boxers","9":"product_tag-cool-boxers","10":"product_tag-crazy-boxers","12":"first","13":"instock","14":"shipping-taxable","15":"purchasable","16":"product-type-variable"},"aioseo_notices":[],"_links":{"self":[{"href":"https:\/\/www.stildepo.com\/en\/wp-json\/wp\/v2\/product\/6631","targetHints":{"allow":["GET"]}}],"collection":[{"href":"https:\/\/www.stildepo.com\/en\/wp-json\/wp\/v2\/product"}],"about":[{"href":"https:\/\/www.stildepo.com\/en\/wp-json\/wp\/v2\/types\/product"}],"wp:featuredmedia":[{"embeddable":true,"href":"https:\/\/www.stildepo.com\/en\/wp-json\/wp\/v2\/media\/6634"}],"wp:attachment":[{"href":"https:\/\/www.stildepo.com\/en\/wp-json\/wp\/v2\/media?parent=6631"}],"wp:term":[{"taxonomy":"product_cat","embeddable":true,"href":"https:\/\/www.stildepo.com\/en\/wp-json\/wp\/v2\/product_cat?post=6631"},{"taxonomy":"product_tag","embeddable":true,"href":"https:\/\/www.stildepo.com\/en\/wp-json\/wp\/v2\/product_tag?post=6631"}],"curies":[{"name":"wp","href":"https:\/\/api.w.org\/{rel}","templated":true}]}}