{"id":4570,"date":"2022-08-23T12:38:52","date_gmt":"2022-08-23T12:38:52","guid":{"rendered":"https:\/\/www.stildepo.com\/en\/?post_type=product&#038;p=4570"},"modified":"2024-10-16T09:52:40","modified_gmt":"2024-10-16T09:52:40","slug":"doreanse-stylish-sexy-soft-cotton-briefs-hipsters-low-rise-mens-underwear-1325-black","status":"publish","type":"product","link":"https:\/\/www.stildepo.com\/en\/doreanse-stylish-sexy-soft-cotton-briefs-hipsters-low-rise-mens-underwear-1325-black\/","title":{"rendered":"Doreanse Stylish Sexy Soft Cotton Briefs Hipsters Low-Rise Men&#8217;s Underwear 1325 Black"},"content":{"rendered":"<p>Dark and vibrant colors with sharp lines are combined together. Thanks to the waist band, you can continue your day without restriction of your movements. The best collection and reasonable price opportunities are at stildepo.com\/en.<\/p>\n<p>Comfortable, Natural, Modern and Stylish<\/p>\n<p>Now we are where the elegance begins!<\/p>\n<p>Among the men&#8217;s Boxer models, Doreanse considers you cotton-modal fabric, comfortable patterns and now the most masculine sports cuts. The harmony of colors, bands and lines creates male elegance. As stildepo.com\/en, we offer the most stylish, comfortable and top quality Underwear Models that will make men feel special.<\/p>\n<p>It is designed using the best fabrics.<\/p>\n<p>You can use this product for years by following the washing instructions.<\/p>\n<p>Enjoy it with its style and comfort, and enjoy it.<\/p>\n","protected":false},"excerpt":{"rendered":"<p>It will be sent from T\u00fcrkiye with its 100% original box.<br \/>\n%45 Modal, %45 Pamuk, %10 Elastan<br \/>\nManken \u00fczerindeki \u00fcr\u00fcn M bedendir.<br \/>\nMini Pa\u00e7a, Bel Band\u0131<br \/>\n<img loading=\"lazy\" decoding=\"async\" class=\"alignnone size-full wp-image-3619\" src=\"https:\/\/www.stildepo.com\/en\/wp-content\/uploads\/2022\/08\/doreanse_ic_giyim_yikama_talimati.jpg\" alt=\"doreanse_ic_giyim_yikama_talimati\" width=\"120\" height=\"22\" \/><\/p>\n","protected":false},"featured_media":4572,"template":"","meta":[],"product_cat":[58,62],"product_tag":[233,191,260,261,246,263,257,256],"class_list":{"0":"post-4570","1":"product","2":"type-product","3":"status-publish","4":"has-post-thumbnail","6":"product_brand-doreanse","7":"product_cat-mens-boxer","8":"product_cat-mens-briefs","9":"product_tag-2xl-boxers","10":"product_tag-black-boxer","11":"product_tag-black-briefs","12":"product_tag-cotton-briefs-for-men","13":"product_tag-hipster-boxer","14":"product_tag-mens-low-rise-brief-underwear","15":"product_tag-mens-short-leg-boxer-briefs","16":"product_tag-mens-soft-boxer-brief-shorts","18":"first","19":"instock","20":"shipping-taxable","21":"purchasable","22":"product-type-variable","23":"has-default-attributes"},"aioseo_notices":[],"_links":{"self":[{"href":"https:\/\/www.stildepo.com\/en\/wp-json\/wp\/v2\/product\/4570","targetHints":{"allow":["GET"]}}],"collection":[{"href":"https:\/\/www.stildepo.com\/en\/wp-json\/wp\/v2\/product"}],"about":[{"href":"https:\/\/www.stildepo.com\/en\/wp-json\/wp\/v2\/types\/product"}],"wp:featuredmedia":[{"embeddable":true,"href":"https:\/\/www.stildepo.com\/en\/wp-json\/wp\/v2\/media\/4572"}],"wp:attachment":[{"href":"https:\/\/www.stildepo.com\/en\/wp-json\/wp\/v2\/media?parent=4570"}],"wp:term":[{"taxonomy":"product_cat","embeddable":true,"href":"https:\/\/www.stildepo.com\/en\/wp-json\/wp\/v2\/product_cat?post=4570"},{"taxonomy":"product_tag","embeddable":true,"href":"https:\/\/www.stildepo.com\/en\/wp-json\/wp\/v2\/product_tag?post=4570"}],"curies":[{"name":"wp","href":"https:\/\/api.w.org\/{rel}","templated":true}]}}