{"id":18432,"date":"2026-01-12T15:12:23","date_gmt":"2026-01-12T15:12:23","guid":{"rendered":"https:\/\/www.stildepo.com\/en\/?post_type=product&#038;p=18432"},"modified":"2026-01-12T15:12:24","modified_gmt":"2026-01-12T15:12:24","slug":"doreanse-26k4596-mens-jacket-pants-set-multicolor","status":"publish","type":"product","link":"https:\/\/www.stildepo.com\/en\/doreanse-26k4596-mens-jacket-pants-set-multicolor\/","title":{"rendered":"Doreanse 26K4596 Men\u2019s Jacket &amp; Pants Set Multicolor"},"content":{"rendered":"<p><strong>Doreanse Men\u2019s Jacket &amp; Pants Set 26K4596<\/strong><\/p>\n<ul>\n<li>Relax fit design<\/li>\n<li>Homewear jacket &amp; pants set<\/li>\n<li>Long sleeves<\/li>\n<li>Turtleneck collar (Bal\u0131k\u00e7\u0131 Yaka)<\/li>\n<li>Knitted fabric<\/li>\n<li>Long length pants<\/li>\n<li>Comfortable and ideal for daily wear<\/li>\n<\/ul>\n<p><strong>Fit:<\/strong> Relax Fit<br \/>\n<strong>Fabric Composition:<\/strong> 65% Cotton, 35% Polyester<br \/>\n<strong>Style:<\/strong> Casual<br \/>\n<strong>Concept:<\/strong> Daily wear<br \/>\n<strong>Fabric:<\/strong> Modal \/ Cotton \/ Elastane<\/p>\n","protected":false},"excerpt":{"rendered":"<p>The product shown on the model is size <strong>M (42)<\/strong>.<\/p>\n<p><strong>Composition:<\/strong> 65% Cotton, 35% Polyester<\/p>\n<p>Will be shipped with <strong>100% original packaging.<\/strong><\/p>\n<p><img decoding=\"async\" src=\"https:\/\/static.ticimax.cloud\/cdn-cgi\/image\/width=584,quality=99\/8421\/uploads\/editoruploads\/metinicerik\/doreanse_ic_giyim_yikama_talimati.jpg\" alt=\"Doreanse Y\u0131kama Talimat\u0131\" \/><\/p>\n","protected":false},"featured_media":18438,"template":"","meta":[],"product_cat":[55],"product_tag":[],"class_list":{"0":"post-18432","1":"product","2":"type-product","3":"status-publish","4":"has-post-thumbnail","6":"product_brand-doreanse","7":"product_cat-mens-tracksutis","9":"first","10":"instock","11":"shipping-taxable","12":"purchasable","13":"product-type-variable"},"aioseo_notices":[],"_links":{"self":[{"href":"https:\/\/www.stildepo.com\/en\/wp-json\/wp\/v2\/product\/18432","targetHints":{"allow":["GET"]}}],"collection":[{"href":"https:\/\/www.stildepo.com\/en\/wp-json\/wp\/v2\/product"}],"about":[{"href":"https:\/\/www.stildepo.com\/en\/wp-json\/wp\/v2\/types\/product"}],"wp:featuredmedia":[{"embeddable":true,"href":"https:\/\/www.stildepo.com\/en\/wp-json\/wp\/v2\/media\/18438"}],"wp:attachment":[{"href":"https:\/\/www.stildepo.com\/en\/wp-json\/wp\/v2\/media?parent=18432"}],"wp:term":[{"taxonomy":"product_cat","embeddable":true,"href":"https:\/\/www.stildepo.com\/en\/wp-json\/wp\/v2\/product_cat?post=18432"},{"taxonomy":"product_tag","embeddable":true,"href":"https:\/\/www.stildepo.com\/en\/wp-json\/wp\/v2\/product_tag?post=18432"}],"curies":[{"name":"wp","href":"https:\/\/api.w.org\/{rel}","templated":true}]}}